{"id":825,"date":"2020-04-11T15:55:43","date_gmt":"2020-04-11T08:55:43","guid":{"rendered":"https:\/\/cungtenhanoi.com\/?post_type=product&#038;p=825"},"modified":"2022-10-19T18:15:20","modified_gmt":"2022-10-19T11:15:20","slug":"decut-suntec","status":"publish","type":"product","link":"https:\/\/cungtenhanoi.com\/?product=decut-suntec","title":{"rendered":"Arrow rest Decut Suntec"},"content":{"rendered":"<p style=\"text-align: center;\">\u00a0S\u1ea3n ph\u1ea9m d\u00e0nh ri\u00eang cho compound target<img loading=\"lazy\" class=\"aligncenter size-full wp-image-826\" src=\"https:\/\/cungtenhanoi.com\/wp-content\/uploads\/2020\/04\/TB2ev8MaCBjpuFjy1XdXXaooVXa_695619555.jpg\" alt=\"\" width=\"750\" height=\"500\" srcset=\"https:\/\/cungtenhanoi.com\/wp-content\/uploads\/2020\/04\/TB2ev8MaCBjpuFjy1XdXXaooVXa_695619555.jpg 750w, https:\/\/cungtenhanoi.com\/wp-content\/uploads\/2020\/04\/TB2ev8MaCBjpuFjy1XdXXaooVXa_695619555-600x400.jpg 600w, https:\/\/cungtenhanoi.com\/wp-content\/uploads\/2020\/04\/TB2ev8MaCBjpuFjy1XdXXaooVXa_695619555-64x43.jpg 64w, https:\/\/cungtenhanoi.com\/wp-content\/uploads\/2020\/04\/TB2ev8MaCBjpuFjy1XdXXaooVXa_695619555-300x200.jpg 300w\" sizes=\"(max-width: 750px) 100vw, 750px\" \/> <img loading=\"lazy\" class=\"aligncenter size-full wp-image-827\" src=\"https:\/\/cungtenhanoi.com\/wp-content\/uploads\/2020\/04\/TB2imNOaB0kpuFjy1zdXXXuUVXa_695619555.jpg\" alt=\"\" width=\"750\" height=\"500\" srcset=\"https:\/\/cungtenhanoi.com\/wp-content\/uploads\/2020\/04\/TB2imNOaB0kpuFjy1zdXXXuUVXa_695619555.jpg 750w, https:\/\/cungtenhanoi.com\/wp-content\/uploads\/2020\/04\/TB2imNOaB0kpuFjy1zdXXXuUVXa_695619555-600x400.jpg 600w, https:\/\/cungtenhanoi.com\/wp-content\/uploads\/2020\/04\/TB2imNOaB0kpuFjy1zdXXXuUVXa_695619555-64x43.jpg 64w\" sizes=\"(max-width: 750px) 100vw, 750px\" \/> <img loading=\"lazy\" class=\"aligncenter size-full wp-image-828\" src=\"https:\/\/cungtenhanoi.com\/wp-content\/uploads\/2020\/04\/TB2JGhLaCXlpuFjy0FeXXcJbFXa_695619555.jpg\" alt=\"\" width=\"750\" height=\"500\" srcset=\"https:\/\/cungtenhanoi.com\/wp-content\/uploads\/2020\/04\/TB2JGhLaCXlpuFjy0FeXXcJbFXa_695619555.jpg 750w, https:\/\/cungtenhanoi.com\/wp-content\/uploads\/2020\/04\/TB2JGhLaCXlpuFjy0FeXXcJbFXa_695619555-600x400.jpg 600w, https:\/\/cungtenhanoi.com\/wp-content\/uploads\/2020\/04\/TB2JGhLaCXlpuFjy0FeXXcJbFXa_695619555-64x43.jpg 64w\" sizes=\"(max-width: 750px) 100vw, 750px\" \/> <img loading=\"lazy\" class=\"aligncenter size-full wp-image-829\" src=\"https:\/\/cungtenhanoi.com\/wp-content\/uploads\/2020\/04\/TB2jZ4Par0kpuFjy0FjXXcBbVXa_695619555.jpg\" alt=\"\" width=\"750\" height=\"500\" srcset=\"https:\/\/cungtenhanoi.com\/wp-content\/uploads\/2020\/04\/TB2jZ4Par0kpuFjy0FjXXcBbVXa_695619555.jpg 750w, https:\/\/cungtenhanoi.com\/wp-content\/uploads\/2020\/04\/TB2jZ4Par0kpuFjy0FjXXcBbVXa_695619555-600x400.jpg 600w, https:\/\/cungtenhanoi.com\/wp-content\/uploads\/2020\/04\/TB2jZ4Par0kpuFjy0FjXXcBbVXa_695619555-64x43.jpg 64w, https:\/\/cungtenhanoi.com\/wp-content\/uploads\/2020\/04\/TB2jZ4Par0kpuFjy0FjXXcBbVXa_695619555-300x200.jpg 300w\" sizes=\"(max-width: 750px) 100vw, 750px\" \/> <img loading=\"lazy\" class=\"aligncenter size-full wp-image-830\" src=\"https:\/\/cungtenhanoi.com\/wp-content\/uploads\/2020\/04\/TB2rSFPaxXlpuFjSsphXXbJOXXa_695619555.jpg\" alt=\"\" width=\"750\" height=\"500\" srcset=\"https:\/\/cungtenhanoi.com\/wp-content\/uploads\/2020\/04\/TB2rSFPaxXlpuFjSsphXXbJOXXa_695619555.jpg 750w, https:\/\/cungtenhanoi.com\/wp-content\/uploads\/2020\/04\/TB2rSFPaxXlpuFjSsphXXbJOXXa_695619555-600x400.jpg 600w, https:\/\/cungtenhanoi.com\/wp-content\/uploads\/2020\/04\/TB2rSFPaxXlpuFjSsphXXbJOXXa_695619555-64x43.jpg 64w, https:\/\/cungtenhanoi.com\/wp-content\/uploads\/2020\/04\/TB2rSFPaxXlpuFjSsphXXbJOXXa_695619555-300x200.jpg 300w\" sizes=\"(max-width: 750px) 100vw, 750px\" \/> <img loading=\"lazy\" class=\"aligncenter size-full wp-image-831\" src=\"https:\/\/cungtenhanoi.com\/wp-content\/uploads\/2020\/04\/TB2w4XPaB0lpuFjSszdXXcdxFXa_695619555.jpg\" alt=\"\" width=\"750\" height=\"500\" srcset=\"https:\/\/cungtenhanoi.com\/wp-content\/uploads\/2020\/04\/TB2w4XPaB0lpuFjSszdXXcdxFXa_695619555.jpg 750w, https:\/\/cungtenhanoi.com\/wp-content\/uploads\/2020\/04\/TB2w4XPaB0lpuFjSszdXXcdxFXa_695619555-600x400.jpg 600w, https:\/\/cungtenhanoi.com\/wp-content\/uploads\/2020\/04\/TB2w4XPaB0lpuFjSszdXXcdxFXa_695619555-64x43.jpg 64w, https:\/\/cungtenhanoi.com\/wp-content\/uploads\/2020\/04\/TB2w4XPaB0lpuFjSszdXXcdxFXa_695619555-300x200.jpg 300w\" sizes=\"(max-width: 750px) 100vw, 750px\" \/> <img loading=\"lazy\" class=\"aligncenter size-full wp-image-832\" src=\"https:\/\/cungtenhanoi.com\/wp-content\/uploads\/2020\/04\/TB28L0MarBkpuFjy1zkXXbSpFXa_695619555.jpg\" alt=\"\" width=\"750\" height=\"500\" srcset=\"https:\/\/cungtenhanoi.com\/wp-content\/uploads\/2020\/04\/TB28L0MarBkpuFjy1zkXXbSpFXa_695619555.jpg 750w, https:\/\/cungtenhanoi.com\/wp-content\/uploads\/2020\/04\/TB28L0MarBkpuFjy1zkXXbSpFXa_695619555-600x400.jpg 600w, https:\/\/cungtenhanoi.com\/wp-content\/uploads\/2020\/04\/TB28L0MarBkpuFjy1zkXXbSpFXa_695619555-64x43.jpg 64w, https:\/\/cungtenhanoi.com\/wp-content\/uploads\/2020\/04\/TB28L0MarBkpuFjy1zkXXbSpFXa_695619555-300x200.jpg 300w\" sizes=\"(max-width: 750px) 100vw, 750px\" \/> <img loading=\"lazy\" class=\"aligncenter size-full wp-image-833\" src=\"https:\/\/cungtenhanoi.com\/wp-content\/uploads\/2020\/04\/TB29g4OaxXlpuFjSsphXXbJOXXa_695619555.jpg\" alt=\"\" width=\"750\" height=\"500\" srcset=\"https:\/\/cungtenhanoi.com\/wp-content\/uploads\/2020\/04\/TB29g4OaxXlpuFjSsphXXbJOXXa_695619555.jpg 750w, https:\/\/cungtenhanoi.com\/wp-content\/uploads\/2020\/04\/TB29g4OaxXlpuFjSsphXXbJOXXa_695619555-600x400.jpg 600w, https:\/\/cungtenhanoi.com\/wp-content\/uploads\/2020\/04\/TB29g4OaxXlpuFjSsphXXbJOXXa_695619555-64x43.jpg 64w, https:\/\/cungtenhanoi.com\/wp-content\/uploads\/2020\/04\/TB29g4OaxXlpuFjSsphXXbJOXXa_695619555-300x200.jpg 300w\" sizes=\"(max-width: 750px) 100vw, 750px\" \/><\/p>\n","protected":false},"excerpt":{"rendered":"<p>\u00a0S\u1ea3n ph\u1ea9m d\u00e0nh ri\u00eang cho compound target<\/p>\n","protected":false},"featured_media":827,"comment_status":"open","ping_status":"closed","template":"","meta":[],"product_cat":[20],"product_tag":[94,168,72,176],"acf":[],"yoast_head":"<!-- This site is optimized with the Yoast SEO plugin v19.8 - https:\/\/yoast.com\/wordpress\/plugins\/seo\/ -->\n<title>Arrow rest Decut Suntec - Cung T\u00ean H\u00e0 N\u1ed9i<\/title>\n<meta name=\"description\" content=\"mua cung t\u00ean th\u1ec3 thao, mua cung t\u00ean t\u1ea1i h\u00e0 n\u1ed9i, cung tr\u1ee3 l\u1ef1c, cung compound, cung t\u00ean ch\u00ednh h\u00e3ng, cung t\u00ean m\u1ea1nh,cung t\u00ean h\u00e0 n\u1ed9i, cung t\u00ean , mua cung t\u00ean S\u00e0i g\u00f2n , mua m\u0169i t\u00ean b\u1eafn cung , cung b\u1eafn bi s\u1eaft , cung t\u00ean mini\" \/>\n<meta name=\"robots\" content=\"index, follow, max-snippet:-1, max-image-preview:large, max-video-preview:-1\" \/>\n<link rel=\"canonical\" href=\"https:\/\/cungtenhanoi.com\/?product=decut-suntec\" \/>\n<meta property=\"og:locale\" content=\"vi_VN\" \/>\n<meta property=\"og:type\" content=\"article\" \/>\n<meta property=\"og:title\" content=\"Arrow rest Decut Suntec - Cung T\u00ean H\u00e0 N\u1ed9i\" \/>\n<meta property=\"og:description\" content=\"mua cung t\u00ean th\u1ec3 thao, mua cung t\u00ean t\u1ea1i h\u00e0 n\u1ed9i, cung tr\u1ee3 l\u1ef1c, cung compound, cung t\u00ean ch\u00ednh h\u00e3ng, cung t\u00ean m\u1ea1nh,cung t\u00ean h\u00e0 n\u1ed9i, cung t\u00ean , mua cung t\u00ean S\u00e0i g\u00f2n , mua m\u0169i t\u00ean b\u1eafn cung , cung b\u1eafn bi s\u1eaft , cung t\u00ean mini\" \/>\n<meta property=\"og:url\" content=\"https:\/\/cungtenhanoi.com\/?product=decut-suntec\" \/>\n<meta property=\"og:site_name\" content=\"Cung T\u00ean H\u00e0 N\u1ed9i\" \/>\n<meta property=\"article:modified_time\" content=\"2022-10-19T11:15:20+00:00\" \/>\n<meta property=\"og:image\" content=\"https:\/\/cungtenhanoi.com\/wp-content\/uploads\/2020\/04\/TB2imNOaB0kpuFjy1zdXXXuUVXa_695619555.jpg\" \/>\n\t<meta property=\"og:image:width\" content=\"750\" \/>\n\t<meta property=\"og:image:height\" content=\"500\" \/>\n\t<meta property=\"og:image:type\" content=\"image\/jpeg\" \/>\n<meta name=\"twitter:card\" content=\"summary_large_image\" \/>\n<script type=\"application\/ld+json\" class=\"yoast-schema-graph\">{\"@context\":\"https:\/\/schema.org\",\"@graph\":[{\"@type\":\"WebPage\",\"@id\":\"https:\/\/cungtenhanoi.com\/?product=decut-suntec\",\"url\":\"https:\/\/cungtenhanoi.com\/?product=decut-suntec\",\"name\":\"Arrow rest Decut Suntec - Cung T\u00ean H\u00e0 N\u1ed9i\",\"isPartOf\":{\"@id\":\"https:\/\/cungtenhanoi.com\/#website\"},\"datePublished\":\"2020-04-11T08:55:43+00:00\",\"dateModified\":\"2022-10-19T11:15:20+00:00\",\"description\":\"mua cung t\u00ean th\u1ec3 thao, mua cung t\u00ean t\u1ea1i h\u00e0 n\u1ed9i, cung tr\u1ee3 l\u1ef1c, cung compound, cung t\u00ean ch\u00ednh h\u00e3ng, cung t\u00ean m\u1ea1nh,cung t\u00ean h\u00e0 n\u1ed9i, cung t\u00ean , mua cung t\u00ean S\u00e0i g\u00f2n , mua m\u0169i t\u00ean b\u1eafn cung , cung b\u1eafn bi s\u1eaft , cung t\u00ean mini\",\"breadcrumb\":{\"@id\":\"https:\/\/cungtenhanoi.com\/?product=decut-suntec#breadcrumb\"},\"inLanguage\":\"vi\",\"potentialAction\":[{\"@type\":\"ReadAction\",\"target\":[\"https:\/\/cungtenhanoi.com\/?product=decut-suntec\"]}]},{\"@type\":\"BreadcrumbList\",\"@id\":\"https:\/\/cungtenhanoi.com\/?product=decut-suntec#breadcrumb\",\"itemListElement\":[{\"@type\":\"ListItem\",\"position\":1,\"name\":\"Trang ch\u1ee7\",\"item\":\"https:\/\/cungtenhanoi.com\/\"},{\"@type\":\"ListItem\",\"position\":2,\"name\":\"Shop\",\"item\":\"https:\/\/cungtenhanoi.com\/?page_id=6\"},{\"@type\":\"ListItem\",\"position\":3,\"name\":\"Ph\u1ee5 ki\u1ec7n\",\"item\":\"https:\/\/cungtenhanoi.com\/danh-muc\/phu-kien\/\"},{\"@type\":\"ListItem\",\"position\":4,\"name\":\"Arrow rest Decut Suntec\"}]},{\"@type\":\"WebSite\",\"@id\":\"https:\/\/cungtenhanoi.com\/#website\",\"url\":\"https:\/\/cungtenhanoi.com\/\",\"name\":\"Cung T\u00ean H\u00e0 N\u1ed9i\",\"description\":\"Cung c\u1ea5p c\u00e1c lo\u1ea1i cung t\u00ean th\u1ec3 thao s\u1ed1 1 Vi\u1ec7t Nam\",\"publisher\":{\"@id\":\"https:\/\/cungtenhanoi.com\/#organization\"},\"potentialAction\":[{\"@type\":\"SearchAction\",\"target\":{\"@type\":\"EntryPoint\",\"urlTemplate\":\"https:\/\/cungtenhanoi.com\/?s={search_term_string}\"},\"query-input\":\"required name=search_term_string\"}],\"inLanguage\":\"vi\"},{\"@type\":\"Organization\",\"@id\":\"https:\/\/cungtenhanoi.com\/#organization\",\"name\":\"Cung T\u00ean H\u00e0 N\u1ed9i\",\"url\":\"https:\/\/cungtenhanoi.com\/\",\"sameAs\":[],\"logo\":{\"@type\":\"ImageObject\",\"inLanguage\":\"vi\",\"@id\":\"https:\/\/cungtenhanoi.com\/#\/schema\/logo\/image\/\",\"url\":\"https:\/\/cungtenhanoi.com\/wp-content\/uploads\/2025\/05\/logo-den-trang.jpg\",\"contentUrl\":\"https:\/\/cungtenhanoi.com\/wp-content\/uploads\/2025\/05\/logo-den-trang.jpg\",\"width\":450,\"height\":450,\"caption\":\"Cung T\u00ean H\u00e0 N\u1ed9i\"},\"image\":{\"@id\":\"https:\/\/cungtenhanoi.com\/#\/schema\/logo\/image\/\"}}]}<\/script>\n<!-- \/ Yoast SEO plugin. -->","yoast_head_json":{"title":"Arrow rest Decut Suntec - Cung T\u00ean H\u00e0 N\u1ed9i","description":"mua cung t\u00ean th\u1ec3 thao, mua cung t\u00ean t\u1ea1i h\u00e0 n\u1ed9i, cung tr\u1ee3 l\u1ef1c, cung compound, cung t\u00ean ch\u00ednh h\u00e3ng, cung t\u00ean m\u1ea1nh,cung t\u00ean h\u00e0 n\u1ed9i, cung t\u00ean , mua cung t\u00ean S\u00e0i g\u00f2n , mua m\u0169i t\u00ean b\u1eafn cung , cung b\u1eafn bi s\u1eaft , cung t\u00ean mini","robots":{"index":"index","follow":"follow","max-snippet":"max-snippet:-1","max-image-preview":"max-image-preview:large","max-video-preview":"max-video-preview:-1"},"canonical":"https:\/\/cungtenhanoi.com\/?product=decut-suntec","og_locale":"vi_VN","og_type":"article","og_title":"Arrow rest Decut Suntec - Cung T\u00ean H\u00e0 N\u1ed9i","og_description":"mua cung t\u00ean th\u1ec3 thao, mua cung t\u00ean t\u1ea1i h\u00e0 n\u1ed9i, cung tr\u1ee3 l\u1ef1c, cung compound, cung t\u00ean ch\u00ednh h\u00e3ng, cung t\u00ean m\u1ea1nh,cung t\u00ean h\u00e0 n\u1ed9i, cung t\u00ean , mua cung t\u00ean S\u00e0i g\u00f2n , mua m\u0169i t\u00ean b\u1eafn cung , cung b\u1eafn bi s\u1eaft , cung t\u00ean mini","og_url":"https:\/\/cungtenhanoi.com\/?product=decut-suntec","og_site_name":"Cung T\u00ean H\u00e0 N\u1ed9i","article_modified_time":"2022-10-19T11:15:20+00:00","og_image":[{"width":750,"height":500,"url":"https:\/\/cungtenhanoi.com\/wp-content\/uploads\/2020\/04\/TB2imNOaB0kpuFjy1zdXXXuUVXa_695619555.jpg","type":"image\/jpeg"}],"twitter_card":"summary_large_image","schema":{"@context":"https:\/\/schema.org","@graph":[{"@type":"WebPage","@id":"https:\/\/cungtenhanoi.com\/?product=decut-suntec","url":"https:\/\/cungtenhanoi.com\/?product=decut-suntec","name":"Arrow rest Decut Suntec - Cung T\u00ean H\u00e0 N\u1ed9i","isPartOf":{"@id":"https:\/\/cungtenhanoi.com\/#website"},"datePublished":"2020-04-11T08:55:43+00:00","dateModified":"2022-10-19T11:15:20+00:00","description":"mua cung t\u00ean th\u1ec3 thao, mua cung t\u00ean t\u1ea1i h\u00e0 n\u1ed9i, cung tr\u1ee3 l\u1ef1c, cung compound, cung t\u00ean ch\u00ednh h\u00e3ng, cung t\u00ean m\u1ea1nh,cung t\u00ean h\u00e0 n\u1ed9i, cung t\u00ean , mua cung t\u00ean S\u00e0i g\u00f2n , mua m\u0169i t\u00ean b\u1eafn cung , cung b\u1eafn bi s\u1eaft , cung t\u00ean mini","breadcrumb":{"@id":"https:\/\/cungtenhanoi.com\/?product=decut-suntec#breadcrumb"},"inLanguage":"vi","potentialAction":[{"@type":"ReadAction","target":["https:\/\/cungtenhanoi.com\/?product=decut-suntec"]}]},{"@type":"BreadcrumbList","@id":"https:\/\/cungtenhanoi.com\/?product=decut-suntec#breadcrumb","itemListElement":[{"@type":"ListItem","position":1,"name":"Trang ch\u1ee7","item":"https:\/\/cungtenhanoi.com\/"},{"@type":"ListItem","position":2,"name":"Shop","item":"https:\/\/cungtenhanoi.com\/?page_id=6"},{"@type":"ListItem","position":3,"name":"Ph\u1ee5 ki\u1ec7n","item":"https:\/\/cungtenhanoi.com\/danh-muc\/phu-kien\/"},{"@type":"ListItem","position":4,"name":"Arrow rest Decut Suntec"}]},{"@type":"WebSite","@id":"https:\/\/cungtenhanoi.com\/#website","url":"https:\/\/cungtenhanoi.com\/","name":"Cung T\u00ean H\u00e0 N\u1ed9i","description":"Cung c\u1ea5p c\u00e1c lo\u1ea1i cung t\u00ean th\u1ec3 thao s\u1ed1 1 Vi\u1ec7t Nam","publisher":{"@id":"https:\/\/cungtenhanoi.com\/#organization"},"potentialAction":[{"@type":"SearchAction","target":{"@type":"EntryPoint","urlTemplate":"https:\/\/cungtenhanoi.com\/?s={search_term_string}"},"query-input":"required name=search_term_string"}],"inLanguage":"vi"},{"@type":"Organization","@id":"https:\/\/cungtenhanoi.com\/#organization","name":"Cung T\u00ean H\u00e0 N\u1ed9i","url":"https:\/\/cungtenhanoi.com\/","sameAs":[],"logo":{"@type":"ImageObject","inLanguage":"vi","@id":"https:\/\/cungtenhanoi.com\/#\/schema\/logo\/image\/","url":"https:\/\/cungtenhanoi.com\/wp-content\/uploads\/2025\/05\/logo-den-trang.jpg","contentUrl":"https:\/\/cungtenhanoi.com\/wp-content\/uploads\/2025\/05\/logo-den-trang.jpg","width":450,"height":450,"caption":"Cung T\u00ean H\u00e0 N\u1ed9i"},"image":{"@id":"https:\/\/cungtenhanoi.com\/#\/schema\/logo\/image\/"}}]}},"_links":{"self":[{"href":"https:\/\/cungtenhanoi.com\/index.php?rest_route=\/wp\/v2\/product\/825"}],"collection":[{"href":"https:\/\/cungtenhanoi.com\/index.php?rest_route=\/wp\/v2\/product"}],"about":[{"href":"https:\/\/cungtenhanoi.com\/index.php?rest_route=\/wp\/v2\/types\/product"}],"replies":[{"embeddable":true,"href":"https:\/\/cungtenhanoi.com\/index.php?rest_route=%2Fwp%2Fv2%2Fcomments&post=825"}],"wp:featuredmedia":[{"embeddable":true,"href":"https:\/\/cungtenhanoi.com\/index.php?rest_route=\/wp\/v2\/media\/827"}],"wp:attachment":[{"href":"https:\/\/cungtenhanoi.com\/index.php?rest_route=%2Fwp%2Fv2%2Fmedia&parent=825"}],"wp:term":[{"taxonomy":"product_cat","embeddable":true,"href":"https:\/\/cungtenhanoi.com\/index.php?rest_route=%2Fwp%2Fv2%2Fproduct_cat&post=825"},{"taxonomy":"product_tag","embeddable":true,"href":"https:\/\/cungtenhanoi.com\/index.php?rest_route=%2Fwp%2Fv2%2Fproduct_tag&post=825"}],"curies":[{"name":"wp","href":"https:\/\/api.w.org\/{rel}","templated":true}]}}