{"id":834,"date":"2020-04-11T16:23:15","date_gmt":"2020-04-11T09:23:15","guid":{"rendered":"https:\/\/cungtenhanoi.com\/?post_type=product&#038;p=834"},"modified":"2025-04-20T13:47:19","modified_gmt":"2025-04-20T06:47:19","slug":"mui-ten-cacbon-fei","status":"publish","type":"product","link":"https:\/\/cungtenhanoi.com\/?product=mui-ten-cacbon-fei","title":{"rendered":"M\u0169i t\u00ean Cacbon Fei"},"content":{"rendered":"<p style=\"text-align: center;\">Ch\u1ea5t li\u1ec7u cacbon cao c\u1ea5p chi\u1ec1u d\u00e0i 80cm, 8.0mm vand l\u00f4ng v\u0169 ph\u00f9 h\u1ee3p v\u1edbi c\u00e1c lo\u1ea1i cung \u0111\u1eb7c bi\u1ec7t d\u00f2ng classic, tradition bow nh\u01b0 blackhunter, samick sage, tt02,g18\u2026.<br \/>\nCh\u1ea5t li\u1ec7u cacbon cao c\u1ea5p cho \u0111\u01b0\u1eddng t\u00ean \u0111i ch\u00ednh x\u00e1c v\u1edbi \u0111\u1ed9 \u1ed5n \u0111\u1ecbnh cao mang \u0111\u1ebfn hi\u1ec7u qu\u1ea3 tuy\u1ec7t \u0111\u1ed1i trong m\u1ed7i l\u1ea7n b\u1eafn<br \/>\n<img loading=\"lazy\" class=\"aligncenter size-full wp-image-835\" src=\"https:\/\/cungtenhanoi.com\/wp-content\/uploads\/2020\/04\/O1CN01mqw1fV2IDSyTNv0gq_2536909252.jpg\" alt=\"\" width=\"750\" height=\"564\" srcset=\"https:\/\/cungtenhanoi.com\/wp-content\/uploads\/2020\/04\/O1CN01mqw1fV2IDSyTNv0gq_2536909252.jpg 750w, https:\/\/cungtenhanoi.com\/wp-content\/uploads\/2020\/04\/O1CN01mqw1fV2IDSyTNv0gq_2536909252-600x451.jpg 600w, https:\/\/cungtenhanoi.com\/wp-content\/uploads\/2020\/04\/O1CN01mqw1fV2IDSyTNv0gq_2536909252-64x48.jpg 64w, https:\/\/cungtenhanoi.com\/wp-content\/uploads\/2020\/04\/O1CN01mqw1fV2IDSyTNv0gq_2536909252-300x226.jpg 300w, https:\/\/cungtenhanoi.com\/wp-content\/uploads\/2020\/04\/O1CN01mqw1fV2IDSyTNv0gq_2536909252-480x360.jpg 480w\" sizes=\"(max-width: 750px) 100vw, 750px\" \/> <img loading=\"lazy\" class=\"aligncenter size-full wp-image-836\" src=\"https:\/\/cungtenhanoi.com\/wp-content\/uploads\/2020\/04\/O1CN01otcvRw2IDSyY1ZnVF_2536909252.jpg\" alt=\"\" width=\"740\" height=\"539\" srcset=\"https:\/\/cungtenhanoi.com\/wp-content\/uploads\/2020\/04\/O1CN01otcvRw2IDSyY1ZnVF_2536909252.jpg 740w, https:\/\/cungtenhanoi.com\/wp-content\/uploads\/2020\/04\/O1CN01otcvRw2IDSyY1ZnVF_2536909252-600x437.jpg 600w, https:\/\/cungtenhanoi.com\/wp-content\/uploads\/2020\/04\/O1CN01otcvRw2IDSyY1ZnVF_2536909252-64x47.jpg 64w\" sizes=\"(max-width: 740px) 100vw, 740px\" \/> <img loading=\"lazy\" class=\"aligncenter size-full wp-image-837\" src=\"https:\/\/cungtenhanoi.com\/wp-content\/uploads\/2020\/04\/O1CN01phARyL2IDSyY1aT4m_2536909252.jpg\" alt=\"\" width=\"750\" height=\"667\" srcset=\"https:\/\/cungtenhanoi.com\/wp-content\/uploads\/2020\/04\/O1CN01phARyL2IDSyY1aT4m_2536909252.jpg 750w, https:\/\/cungtenhanoi.com\/wp-content\/uploads\/2020\/04\/O1CN01phARyL2IDSyY1aT4m_2536909252-600x534.jpg 600w, https:\/\/cungtenhanoi.com\/wp-content\/uploads\/2020\/04\/O1CN01phARyL2IDSyY1aT4m_2536909252-64x57.jpg 64w\" sizes=\"(max-width: 750px) 100vw, 750px\" \/> <img loading=\"lazy\" class=\"aligncenter size-full wp-image-838\" src=\"https:\/\/cungtenhanoi.com\/wp-content\/uploads\/2020\/04\/O1CN01QYSNnw2IDSyZ0P4qT_2536909252.jpg\" alt=\"\" width=\"741\" height=\"544\" srcset=\"https:\/\/cungtenhanoi.com\/wp-content\/uploads\/2020\/04\/O1CN01QYSNnw2IDSyZ0P4qT_2536909252.jpg 741w, https:\/\/cungtenhanoi.com\/wp-content\/uploads\/2020\/04\/O1CN01QYSNnw2IDSyZ0P4qT_2536909252-600x440.jpg 600w, https:\/\/cungtenhanoi.com\/wp-content\/uploads\/2020\/04\/O1CN01QYSNnw2IDSyZ0P4qT_2536909252-64x47.jpg 64w, https:\/\/cungtenhanoi.com\/wp-content\/uploads\/2020\/04\/O1CN01QYSNnw2IDSyZ0P4qT_2536909252-300x220.jpg 300w\" sizes=\"(max-width: 741px) 100vw, 741px\" \/> <img loading=\"lazy\" class=\"aligncenter size-full wp-image-839\" src=\"https:\/\/cungtenhanoi.com\/wp-content\/uploads\/2020\/04\/O1CN01Vabd4z2IDSyafplQA_2536909252.jpg\" alt=\"\" width=\"749\" height=\"543\" srcset=\"https:\/\/cungtenhanoi.com\/wp-content\/uploads\/2020\/04\/O1CN01Vabd4z2IDSyafplQA_2536909252.jpg 749w, https:\/\/cungtenhanoi.com\/wp-content\/uploads\/2020\/04\/O1CN01Vabd4z2IDSyafplQA_2536909252-600x435.jpg 600w, https:\/\/cungtenhanoi.com\/wp-content\/uploads\/2020\/04\/O1CN01Vabd4z2IDSyafplQA_2536909252-64x46.jpg 64w, https:\/\/cungtenhanoi.com\/wp-content\/uploads\/2020\/04\/O1CN01Vabd4z2IDSyafplQA_2536909252-300x217.jpg 300w\" sizes=\"(max-width: 749px) 100vw, 749px\" \/> <img loading=\"lazy\" class=\"aligncenter size-full wp-image-840\" src=\"https:\/\/cungtenhanoi.com\/wp-content\/uploads\/2020\/04\/O1CN01wSJj3j2IDSyZ14pou_2536909252.jpg\" alt=\"\" width=\"750\" height=\"547\" srcset=\"https:\/\/cungtenhanoi.com\/wp-content\/uploads\/2020\/04\/O1CN01wSJj3j2IDSyZ14pou_2536909252.jpg 750w, https:\/\/cungtenhanoi.com\/wp-content\/uploads\/2020\/04\/O1CN01wSJj3j2IDSyZ14pou_2536909252-600x438.jpg 600w, https:\/\/cungtenhanoi.com\/wp-content\/uploads\/2020\/04\/O1CN01wSJj3j2IDSyZ14pou_2536909252-64x47.jpg 64w, https:\/\/cungtenhanoi.com\/wp-content\/uploads\/2020\/04\/O1CN01wSJj3j2IDSyZ14pou_2536909252-300x219.jpg 300w\" sizes=\"(max-width: 750px) 100vw, 750px\" \/> <img loading=\"lazy\" class=\"aligncenter size-full wp-image-841\" src=\"https:\/\/cungtenhanoi.com\/wp-content\/uploads\/2020\/04\/O1CN011eSRuT2IDSyeMzRTk_2536909252.jpg\" alt=\"\" width=\"738\" height=\"520\" srcset=\"https:\/\/cungtenhanoi.com\/wp-content\/uploads\/2020\/04\/O1CN011eSRuT2IDSyeMzRTk_2536909252.jpg 738w, https:\/\/cungtenhanoi.com\/wp-content\/uploads\/2020\/04\/O1CN011eSRuT2IDSyeMzRTk_2536909252-600x423.jpg 600w, https:\/\/cungtenhanoi.com\/wp-content\/uploads\/2020\/04\/O1CN011eSRuT2IDSyeMzRTk_2536909252-64x45.jpg 64w, https:\/\/cungtenhanoi.com\/wp-content\/uploads\/2020\/04\/O1CN011eSRuT2IDSyeMzRTk_2536909252-300x211.jpg 300w\" sizes=\"(max-width: 738px) 100vw, 738px\" \/><br \/>\nKhi k\u1ebft h\u1ee3p v\u1edbi c\u00e1c lo\u1ea1i \u0111\u1ea7u kh\u00e1c<img loading=\"lazy\" class=\"aligncenter size-full wp-image-1352\" src=\"https:\/\/cungtenhanoi.com\/wp-content\/uploads\/2020\/04\/E7F3033A-55BC-428F-A1D7-50C737F84C4A.jpeg\" alt=\"\" width=\"2198\" height=\"4032\" \/> <img loading=\"lazy\" class=\"aligncenter size-full wp-image-1353\" src=\"https:\/\/cungtenhanoi.com\/wp-content\/uploads\/2020\/04\/C6554E9E-5E4E-4152-91C3-BA5BE2EA5802.jpeg\" alt=\"\" width=\"4032\" height=\"3024\" \/> <img loading=\"lazy\" class=\"aligncenter size-full wp-image-1354\" src=\"https:\/\/cungtenhanoi.com\/wp-content\/uploads\/2020\/04\/425B3989-0E3D-4408-87BA-415A40149B3A.jpeg\" alt=\"\" width=\"3428\" height=\"3024\" \/> <img loading=\"lazy\" class=\"aligncenter size-full wp-image-1355\" src=\"https:\/\/cungtenhanoi.com\/wp-content\/uploads\/2020\/04\/CEEBB70C-5608-4189-A5A0-55373AEDB59B.jpeg\" alt=\"\" width=\"3024\" height=\"4032\" \/> <img loading=\"lazy\" class=\"aligncenter size-full wp-image-1356\" src=\"https:\/\/cungtenhanoi.com\/wp-content\/uploads\/2020\/04\/430B644C-6932-4D69-868C-9DB9AC285E46.jpeg\" alt=\"\" width=\"4032\" height=\"3024\" \/> <img loading=\"lazy\" class=\"aligncenter size-full wp-image-1357\" src=\"https:\/\/cungtenhanoi.com\/wp-content\/uploads\/2020\/04\/819F79CD-AED0-4A3A-BD64-E2BAAFCED3D9.jpeg\" alt=\"\" width=\"4032\" height=\"3024\" \/> <img loading=\"lazy\" class=\"aligncenter size-full wp-image-1358\" src=\"https:\/\/cungtenhanoi.com\/wp-content\/uploads\/2020\/04\/F19C182D-4F92-44B5-B78A-F2B8EE5770C2.jpeg\" alt=\"\" width=\"3024\" height=\"4032\" \/><\/p>\n","protected":false},"excerpt":{"rendered":"<p>M\u0169i t\u00ean cacbon Spiner 500 vand l\u00f4ng v\u0169<\/p>\n","protected":false},"featured_media":837,"comment_status":"open","ping_status":"closed","template":"","meta":[],"product_cat":[24],"product_tag":[58,177,198,60,264,94,168,59,178],"acf":[],"yoast_head":"<!-- This site is optimized with the Yoast SEO plugin v19.8 - https:\/\/yoast.com\/wordpress\/plugins\/seo\/ -->\n<title>M\u0169i t\u00ean Cacbon Fei - Cung T\u00ean H\u00e0 N\u1ed9i<\/title>\n<meta name=\"description\" content=\"mua cung t\u00ean th\u1ec3 thao, mua cung t\u00ean t\u1ea1i h\u00e0 n\u1ed9i, cung tr\u1ee3 l\u1ef1c, cung compound, cung t\u00ean ch\u00ednh h\u00e3ng, cung t\u00ean m\u1ea1nh,cung t\u00ean h\u00e0 n\u1ed9i, cung t\u00ean , mua cung t\u00ean S\u00e0i g\u00f2n , mua m\u0169i t\u00ean b\u1eafn cung , cung b\u1eafn bi s\u1eaft , cung t\u00ean mini\" \/>\n<meta name=\"robots\" content=\"index, follow, max-snippet:-1, max-image-preview:large, max-video-preview:-1\" \/>\n<link rel=\"canonical\" href=\"https:\/\/cungtenhanoi.com\/?product=mui-ten-cacbon-fei\" \/>\n<meta property=\"og:locale\" content=\"vi_VN\" \/>\n<meta property=\"og:type\" content=\"article\" \/>\n<meta property=\"og:title\" content=\"M\u0169i t\u00ean Cacbon Fei - Cung T\u00ean H\u00e0 N\u1ed9i\" \/>\n<meta property=\"og:description\" content=\"mua cung t\u00ean th\u1ec3 thao, mua cung t\u00ean t\u1ea1i h\u00e0 n\u1ed9i, cung tr\u1ee3 l\u1ef1c, cung compound, cung t\u00ean ch\u00ednh h\u00e3ng, cung t\u00ean m\u1ea1nh,cung t\u00ean h\u00e0 n\u1ed9i, cung t\u00ean , mua cung t\u00ean S\u00e0i g\u00f2n , mua m\u0169i t\u00ean b\u1eafn cung , cung b\u1eafn bi s\u1eaft , cung t\u00ean mini\" \/>\n<meta property=\"og:url\" content=\"https:\/\/cungtenhanoi.com\/?product=mui-ten-cacbon-fei\" \/>\n<meta property=\"og:site_name\" content=\"Cung T\u00ean H\u00e0 N\u1ed9i\" \/>\n<meta property=\"article:modified_time\" content=\"2025-04-20T06:47:19+00:00\" \/>\n<meta property=\"og:image\" content=\"https:\/\/cungtenhanoi.com\/wp-content\/uploads\/2020\/04\/O1CN01phARyL2IDSyY1aT4m_2536909252.jpg\" \/>\n\t<meta property=\"og:image:width\" content=\"750\" \/>\n\t<meta property=\"og:image:height\" content=\"667\" \/>\n\t<meta property=\"og:image:type\" content=\"image\/jpeg\" \/>\n<meta name=\"twitter:card\" content=\"summary_large_image\" \/>\n<script type=\"application\/ld+json\" class=\"yoast-schema-graph\">{\"@context\":\"https:\/\/schema.org\",\"@graph\":[{\"@type\":\"WebPage\",\"@id\":\"https:\/\/cungtenhanoi.com\/?product=mui-ten-cacbon-fei\",\"url\":\"https:\/\/cungtenhanoi.com\/?product=mui-ten-cacbon-fei\",\"name\":\"M\u0169i t\u00ean Cacbon Fei - Cung T\u00ean H\u00e0 N\u1ed9i\",\"isPartOf\":{\"@id\":\"https:\/\/cungtenhanoi.com\/#website\"},\"datePublished\":\"2020-04-11T09:23:15+00:00\",\"dateModified\":\"2025-04-20T06:47:19+00:00\",\"description\":\"mua cung t\u00ean th\u1ec3 thao, mua cung t\u00ean t\u1ea1i h\u00e0 n\u1ed9i, cung tr\u1ee3 l\u1ef1c, cung compound, cung t\u00ean ch\u00ednh h\u00e3ng, cung t\u00ean m\u1ea1nh,cung t\u00ean h\u00e0 n\u1ed9i, cung t\u00ean , mua cung t\u00ean S\u00e0i g\u00f2n , mua m\u0169i t\u00ean b\u1eafn cung , cung b\u1eafn bi s\u1eaft , cung t\u00ean mini\",\"breadcrumb\":{\"@id\":\"https:\/\/cungtenhanoi.com\/?product=mui-ten-cacbon-fei#breadcrumb\"},\"inLanguage\":\"vi\",\"potentialAction\":[{\"@type\":\"ReadAction\",\"target\":[\"https:\/\/cungtenhanoi.com\/?product=mui-ten-cacbon-fei\"]}]},{\"@type\":\"BreadcrumbList\",\"@id\":\"https:\/\/cungtenhanoi.com\/?product=mui-ten-cacbon-fei#breadcrumb\",\"itemListElement\":[{\"@type\":\"ListItem\",\"position\":1,\"name\":\"Trang ch\u1ee7\",\"item\":\"https:\/\/cungtenhanoi.com\/\"},{\"@type\":\"ListItem\",\"position\":2,\"name\":\"Shop\",\"item\":\"https:\/\/cungtenhanoi.com\/?page_id=6\"},{\"@type\":\"ListItem\",\"position\":3,\"name\":\"T\u00ean\",\"item\":\"https:\/\/cungtenhanoi.com\/danh-muc\/ten\/\"},{\"@type\":\"ListItem\",\"position\":4,\"name\":\"M\u0169i t\u00ean Cacbon Fei\"}]},{\"@type\":\"WebSite\",\"@id\":\"https:\/\/cungtenhanoi.com\/#website\",\"url\":\"https:\/\/cungtenhanoi.com\/\",\"name\":\"Cung T\u00ean H\u00e0 N\u1ed9i\",\"description\":\"Cung c\u1ea5p c\u00e1c lo\u1ea1i cung t\u00ean th\u1ec3 thao s\u1ed1 1 Vi\u1ec7t Nam\",\"publisher\":{\"@id\":\"https:\/\/cungtenhanoi.com\/#organization\"},\"potentialAction\":[{\"@type\":\"SearchAction\",\"target\":{\"@type\":\"EntryPoint\",\"urlTemplate\":\"https:\/\/cungtenhanoi.com\/?s={search_term_string}\"},\"query-input\":\"required name=search_term_string\"}],\"inLanguage\":\"vi\"},{\"@type\":\"Organization\",\"@id\":\"https:\/\/cungtenhanoi.com\/#organization\",\"name\":\"Cung T\u00ean H\u00e0 N\u1ed9i\",\"url\":\"https:\/\/cungtenhanoi.com\/\",\"sameAs\":[],\"logo\":{\"@type\":\"ImageObject\",\"inLanguage\":\"vi\",\"@id\":\"https:\/\/cungtenhanoi.com\/#\/schema\/logo\/image\/\",\"url\":\"https:\/\/cungtenhanoi.com\/wp-content\/uploads\/2025\/05\/logo-den-trang.jpg\",\"contentUrl\":\"https:\/\/cungtenhanoi.com\/wp-content\/uploads\/2025\/05\/logo-den-trang.jpg\",\"width\":450,\"height\":450,\"caption\":\"Cung T\u00ean H\u00e0 N\u1ed9i\"},\"image\":{\"@id\":\"https:\/\/cungtenhanoi.com\/#\/schema\/logo\/image\/\"}}]}<\/script>\n<!-- \/ Yoast SEO plugin. -->","yoast_head_json":{"title":"M\u0169i t\u00ean Cacbon Fei - Cung T\u00ean H\u00e0 N\u1ed9i","description":"mua cung t\u00ean th\u1ec3 thao, mua cung t\u00ean t\u1ea1i h\u00e0 n\u1ed9i, cung tr\u1ee3 l\u1ef1c, cung compound, cung t\u00ean ch\u00ednh h\u00e3ng, cung t\u00ean m\u1ea1nh,cung t\u00ean h\u00e0 n\u1ed9i, cung t\u00ean , mua cung t\u00ean S\u00e0i g\u00f2n , mua m\u0169i t\u00ean b\u1eafn cung , cung b\u1eafn bi s\u1eaft , cung t\u00ean mini","robots":{"index":"index","follow":"follow","max-snippet":"max-snippet:-1","max-image-preview":"max-image-preview:large","max-video-preview":"max-video-preview:-1"},"canonical":"https:\/\/cungtenhanoi.com\/?product=mui-ten-cacbon-fei","og_locale":"vi_VN","og_type":"article","og_title":"M\u0169i t\u00ean Cacbon Fei - Cung T\u00ean H\u00e0 N\u1ed9i","og_description":"mua cung t\u00ean th\u1ec3 thao, mua cung t\u00ean t\u1ea1i h\u00e0 n\u1ed9i, cung tr\u1ee3 l\u1ef1c, cung compound, cung t\u00ean ch\u00ednh h\u00e3ng, cung t\u00ean m\u1ea1nh,cung t\u00ean h\u00e0 n\u1ed9i, cung t\u00ean , mua cung t\u00ean S\u00e0i g\u00f2n , mua m\u0169i t\u00ean b\u1eafn cung , cung b\u1eafn bi s\u1eaft , cung t\u00ean mini","og_url":"https:\/\/cungtenhanoi.com\/?product=mui-ten-cacbon-fei","og_site_name":"Cung T\u00ean H\u00e0 N\u1ed9i","article_modified_time":"2025-04-20T06:47:19+00:00","og_image":[{"width":750,"height":667,"url":"https:\/\/cungtenhanoi.com\/wp-content\/uploads\/2020\/04\/O1CN01phARyL2IDSyY1aT4m_2536909252.jpg","type":"image\/jpeg"}],"twitter_card":"summary_large_image","schema":{"@context":"https:\/\/schema.org","@graph":[{"@type":"WebPage","@id":"https:\/\/cungtenhanoi.com\/?product=mui-ten-cacbon-fei","url":"https:\/\/cungtenhanoi.com\/?product=mui-ten-cacbon-fei","name":"M\u0169i t\u00ean Cacbon Fei - Cung T\u00ean H\u00e0 N\u1ed9i","isPartOf":{"@id":"https:\/\/cungtenhanoi.com\/#website"},"datePublished":"2020-04-11T09:23:15+00:00","dateModified":"2025-04-20T06:47:19+00:00","description":"mua cung t\u00ean th\u1ec3 thao, mua cung t\u00ean t\u1ea1i h\u00e0 n\u1ed9i, cung tr\u1ee3 l\u1ef1c, cung compound, cung t\u00ean ch\u00ednh h\u00e3ng, cung t\u00ean m\u1ea1nh,cung t\u00ean h\u00e0 n\u1ed9i, cung t\u00ean , mua cung t\u00ean S\u00e0i g\u00f2n , mua m\u0169i t\u00ean b\u1eafn cung , cung b\u1eafn bi s\u1eaft , cung t\u00ean mini","breadcrumb":{"@id":"https:\/\/cungtenhanoi.com\/?product=mui-ten-cacbon-fei#breadcrumb"},"inLanguage":"vi","potentialAction":[{"@type":"ReadAction","target":["https:\/\/cungtenhanoi.com\/?product=mui-ten-cacbon-fei"]}]},{"@type":"BreadcrumbList","@id":"https:\/\/cungtenhanoi.com\/?product=mui-ten-cacbon-fei#breadcrumb","itemListElement":[{"@type":"ListItem","position":1,"name":"Trang ch\u1ee7","item":"https:\/\/cungtenhanoi.com\/"},{"@type":"ListItem","position":2,"name":"Shop","item":"https:\/\/cungtenhanoi.com\/?page_id=6"},{"@type":"ListItem","position":3,"name":"T\u00ean","item":"https:\/\/cungtenhanoi.com\/danh-muc\/ten\/"},{"@type":"ListItem","position":4,"name":"M\u0169i t\u00ean Cacbon Fei"}]},{"@type":"WebSite","@id":"https:\/\/cungtenhanoi.com\/#website","url":"https:\/\/cungtenhanoi.com\/","name":"Cung T\u00ean H\u00e0 N\u1ed9i","description":"Cung c\u1ea5p c\u00e1c lo\u1ea1i cung t\u00ean th\u1ec3 thao s\u1ed1 1 Vi\u1ec7t Nam","publisher":{"@id":"https:\/\/cungtenhanoi.com\/#organization"},"potentialAction":[{"@type":"SearchAction","target":{"@type":"EntryPoint","urlTemplate":"https:\/\/cungtenhanoi.com\/?s={search_term_string}"},"query-input":"required name=search_term_string"}],"inLanguage":"vi"},{"@type":"Organization","@id":"https:\/\/cungtenhanoi.com\/#organization","name":"Cung T\u00ean H\u00e0 N\u1ed9i","url":"https:\/\/cungtenhanoi.com\/","sameAs":[],"logo":{"@type":"ImageObject","inLanguage":"vi","@id":"https:\/\/cungtenhanoi.com\/#\/schema\/logo\/image\/","url":"https:\/\/cungtenhanoi.com\/wp-content\/uploads\/2025\/05\/logo-den-trang.jpg","contentUrl":"https:\/\/cungtenhanoi.com\/wp-content\/uploads\/2025\/05\/logo-den-trang.jpg","width":450,"height":450,"caption":"Cung T\u00ean H\u00e0 N\u1ed9i"},"image":{"@id":"https:\/\/cungtenhanoi.com\/#\/schema\/logo\/image\/"}}]}},"_links":{"self":[{"href":"https:\/\/cungtenhanoi.com\/index.php?rest_route=\/wp\/v2\/product\/834"}],"collection":[{"href":"https:\/\/cungtenhanoi.com\/index.php?rest_route=\/wp\/v2\/product"}],"about":[{"href":"https:\/\/cungtenhanoi.com\/index.php?rest_route=\/wp\/v2\/types\/product"}],"replies":[{"embeddable":true,"href":"https:\/\/cungtenhanoi.com\/index.php?rest_route=%2Fwp%2Fv2%2Fcomments&post=834"}],"wp:featuredmedia":[{"embeddable":true,"href":"https:\/\/cungtenhanoi.com\/index.php?rest_route=\/wp\/v2\/media\/837"}],"wp:attachment":[{"href":"https:\/\/cungtenhanoi.com\/index.php?rest_route=%2Fwp%2Fv2%2Fmedia&parent=834"}],"wp:term":[{"taxonomy":"product_cat","embeddable":true,"href":"https:\/\/cungtenhanoi.com\/index.php?rest_route=%2Fwp%2Fv2%2Fproduct_cat&post=834"},{"taxonomy":"product_tag","embeddable":true,"href":"https:\/\/cungtenhanoi.com\/index.php?rest_route=%2Fwp%2Fv2%2Fproduct_tag&post=834"}],"curies":[{"name":"wp","href":"https:\/\/api.w.org\/{rel}","templated":true}]}}