{"id":857,"date":"2020-04-25T11:58:17","date_gmt":"2020-04-25T04:58:17","guid":{"rendered":"https:\/\/cungtenhanoi.com\/?post_type=product&#038;p=857"},"modified":"2025-04-26T21:20:17","modified_gmt":"2025-04-26T14:20:17","slug":"mui-ten-deer-crossing-4-2","status":"publish","type":"product","link":"https:\/\/cungtenhanoi.com\/?product=mui-ten-deer-crossing-4-2","title":{"rendered":"M\u0169i t\u00ean Deer Crossing 4.2"},"content":{"rendered":"<p style=\"text-align: center;\"><span style=\"-webkit-tap-highlight-color: rgba(0, 0, 0, 0);\">M\u0169i t\u00ean cacbon 4.2mm\u00a0<\/span><\/p>\n<p style=\"text-align: center;\">Spiner 900-800-700-600-500-400<\/p>\n<p style=\"text-align: center;\">Vand caosu<br \/>\nPin-nock ch\u1ed1ng tr\u1ed3ng t\u00ean d\u1ec5 d\u00e0ng thay th\u1ebf<br \/>\nChi\u1ec1u d\u00e0i 80cm<br \/>\nPh\u00f9 h\u1ee3p v\u1edbi t\u1ea5t c\u1ea3 c\u00e1c lo\u1ea1i cung,cacbon cao c\u1ea5p cho ch\u1ea5t l\u01b0\u1ee3ng \u1ed5n \u0111\u1ecbnh khi b\u1eafn \u0111\u1ea1t hi\u1ec7u qu\u1ea3 t\u1ed1i \u0111a<\/p>\n<p><img loading=\"lazy\" class=\"size-medium wp-image-16070 aligncenter\" src=\"https:\/\/cungtenhanoi.com\/wp-content\/uploads\/2020\/04\/IMG_2311-365x400.jpeg\" alt=\"\" width=\"365\" height=\"400\" srcset=\"https:\/\/cungtenhanoi.com\/wp-content\/uploads\/2020\/04\/IMG_2311-365x400.jpeg 365w, https:\/\/cungtenhanoi.com\/wp-content\/uploads\/2020\/04\/IMG_2311-730x800.jpeg 730w, https:\/\/cungtenhanoi.com\/wp-content\/uploads\/2020\/04\/IMG_2311-768x842.jpeg 768w, https:\/\/cungtenhanoi.com\/wp-content\/uploads\/2020\/04\/IMG_2311-1402x1536.jpeg 1402w, https:\/\/cungtenhanoi.com\/wp-content\/uploads\/2020\/04\/IMG_2311-1869x2048.jpeg 1869w, https:\/\/cungtenhanoi.com\/wp-content\/uploads\/2020\/04\/IMG_2311-600x657.jpeg 600w, https:\/\/cungtenhanoi.com\/wp-content\/uploads\/2020\/04\/IMG_2311-64x70.jpeg 64w\" sizes=\"(max-width: 365px) 100vw, 365px\" \/> <img loading=\"lazy\" class=\"size-medium wp-image-16071 aligncenter\" src=\"https:\/\/cungtenhanoi.com\/wp-content\/uploads\/2020\/04\/IMG_3658-637x400.jpeg\" alt=\"\" width=\"637\" height=\"400\" srcset=\"https:\/\/cungtenhanoi.com\/wp-content\/uploads\/2020\/04\/IMG_3658-637x400.jpeg 637w, https:\/\/cungtenhanoi.com\/wp-content\/uploads\/2020\/04\/IMG_3658-1275x800.jpeg 1275w, https:\/\/cungtenhanoi.com\/wp-content\/uploads\/2020\/04\/IMG_3658-768x482.jpeg 768w, https:\/\/cungtenhanoi.com\/wp-content\/uploads\/2020\/04\/IMG_3658-1536x964.jpeg 1536w, https:\/\/cungtenhanoi.com\/wp-content\/uploads\/2020\/04\/IMG_3658-2048x1285.jpeg 2048w, https:\/\/cungtenhanoi.com\/wp-content\/uploads\/2020\/04\/IMG_3658-600x377.jpeg 600w, https:\/\/cungtenhanoi.com\/wp-content\/uploads\/2020\/04\/IMG_3658-64x40.jpeg 64w\" sizes=\"(max-width: 637px) 100vw, 637px\" \/> <img loading=\"lazy\" class=\"size-medium wp-image-16072 aligncenter\" src=\"https:\/\/cungtenhanoi.com\/wp-content\/uploads\/2020\/04\/IMG_4721-279x400.jpeg\" alt=\"\" width=\"279\" height=\"400\" srcset=\"https:\/\/cungtenhanoi.com\/wp-content\/uploads\/2020\/04\/IMG_4721-279x400.jpeg 279w, https:\/\/cungtenhanoi.com\/wp-content\/uploads\/2020\/04\/IMG_4721-558x800.jpeg 558w, https:\/\/cungtenhanoi.com\/wp-content\/uploads\/2020\/04\/IMG_4721-768x1101.jpeg 768w, https:\/\/cungtenhanoi.com\/wp-content\/uploads\/2020\/04\/IMG_4721-1071x1536.jpeg 1071w, https:\/\/cungtenhanoi.com\/wp-content\/uploads\/2020\/04\/IMG_4721-1428x2048.jpeg 1428w, https:\/\/cungtenhanoi.com\/wp-content\/uploads\/2020\/04\/IMG_4721-600x860.jpeg 600w, https:\/\/cungtenhanoi.com\/wp-content\/uploads\/2020\/04\/IMG_4721-64x92.jpeg 64w, https:\/\/cungtenhanoi.com\/wp-content\/uploads\/2020\/04\/IMG_4721-scaled.jpeg 1785w\" sizes=\"(max-width: 279px) 100vw, 279px\" \/> <img loading=\"lazy\" class=\"size-medium wp-image-16073 aligncenter\" src=\"https:\/\/cungtenhanoi.com\/wp-content\/uploads\/2020\/04\/IMG_4722-311x400.jpeg\" alt=\"\" width=\"311\" height=\"400\" srcset=\"https:\/\/cungtenhanoi.com\/wp-content\/uploads\/2020\/04\/IMG_4722-311x400.jpeg 311w, https:\/\/cungtenhanoi.com\/wp-content\/uploads\/2020\/04\/IMG_4722-622x800.jpeg 622w, https:\/\/cungtenhanoi.com\/wp-content\/uploads\/2020\/04\/IMG_4722-768x988.jpeg 768w, https:\/\/cungtenhanoi.com\/wp-content\/uploads\/2020\/04\/IMG_4722-1194x1536.jpeg 1194w, https:\/\/cungtenhanoi.com\/wp-content\/uploads\/2020\/04\/IMG_4722-1592x2048.jpeg 1592w, https:\/\/cungtenhanoi.com\/wp-content\/uploads\/2020\/04\/IMG_4722-600x772.jpeg 600w, https:\/\/cungtenhanoi.com\/wp-content\/uploads\/2020\/04\/IMG_4722-64x82.jpeg 64w, https:\/\/cungtenhanoi.com\/wp-content\/uploads\/2020\/04\/IMG_4722-scaled.jpeg 1990w\" sizes=\"(max-width: 311px) 100vw, 311px\" \/> <img loading=\"lazy\" class=\"size-medium wp-image-16074 aligncenter\" src=\"https:\/\/cungtenhanoi.com\/wp-content\/uploads\/2020\/04\/IMG_4723-533x400.jpeg\" alt=\"\" width=\"533\" height=\"400\" srcset=\"https:\/\/cungtenhanoi.com\/wp-content\/uploads\/2020\/04\/IMG_4723-533x400.jpeg 533w, https:\/\/cungtenhanoi.com\/wp-content\/uploads\/2020\/04\/IMG_4723-1067x800.jpeg 1067w, https:\/\/cungtenhanoi.com\/wp-content\/uploads\/2020\/04\/IMG_4723-768x576.jpeg 768w, https:\/\/cungtenhanoi.com\/wp-content\/uploads\/2020\/04\/IMG_4723-1536x1152.jpeg 1536w, https:\/\/cungtenhanoi.com\/wp-content\/uploads\/2020\/04\/IMG_4723-2048x1536.jpeg 2048w, https:\/\/cungtenhanoi.com\/wp-content\/uploads\/2020\/04\/IMG_4723-600x450.jpeg 600w, https:\/\/cungtenhanoi.com\/wp-content\/uploads\/2020\/04\/IMG_4723-64x48.jpeg 64w\" sizes=\"(max-width: 533px) 100vw, 533px\" \/> <img loading=\"lazy\" class=\"size-medium wp-image-16075 aligncenter\" src=\"https:\/\/cungtenhanoi.com\/wp-content\/uploads\/2020\/04\/IMG_4724-218x400.jpeg\" alt=\"\" width=\"218\" height=\"400\" srcset=\"https:\/\/cungtenhanoi.com\/wp-content\/uploads\/2020\/04\/IMG_4724-218x400.jpeg 218w, https:\/\/cungtenhanoi.com\/wp-content\/uploads\/2020\/04\/IMG_4724-435x800.jpeg 435w, https:\/\/cungtenhanoi.com\/wp-content\/uploads\/2020\/04\/IMG_4724-768x1411.jpeg 768w, https:\/\/cungtenhanoi.com\/wp-content\/uploads\/2020\/04\/IMG_4724-836x1536.jpeg 836w, https:\/\/cungtenhanoi.com\/wp-content\/uploads\/2020\/04\/IMG_4724-1114x2048.jpeg 1114w, https:\/\/cungtenhanoi.com\/wp-content\/uploads\/2020\/04\/IMG_4724-600x1103.jpeg 600w, https:\/\/cungtenhanoi.com\/wp-content\/uploads\/2020\/04\/IMG_4724-64x118.jpeg 64w, https:\/\/cungtenhanoi.com\/wp-content\/uploads\/2020\/04\/IMG_4724-scaled.jpeg 1393w\" sizes=\"(max-width: 218px) 100vw, 218px\" \/> <img loading=\"lazy\" class=\"size-medium wp-image-16076 aligncenter\" src=\"https:\/\/cungtenhanoi.com\/wp-content\/uploads\/2020\/04\/IMG_4730-233x400.jpeg\" alt=\"\" width=\"233\" height=\"400\" srcset=\"https:\/\/cungtenhanoi.com\/wp-content\/uploads\/2020\/04\/IMG_4730-233x400.jpeg 233w, https:\/\/cungtenhanoi.com\/wp-content\/uploads\/2020\/04\/IMG_4730-466x800.jpeg 466w, https:\/\/cungtenhanoi.com\/wp-content\/uploads\/2020\/04\/IMG_4730-768x1319.jpeg 768w, https:\/\/cungtenhanoi.com\/wp-content\/uploads\/2020\/04\/IMG_4730-894x1536.jpeg 894w, https:\/\/cungtenhanoi.com\/wp-content\/uploads\/2020\/04\/IMG_4730-1192x2048.jpeg 1192w, https:\/\/cungtenhanoi.com\/wp-content\/uploads\/2020\/04\/IMG_4730-600x1031.jpeg 600w, https:\/\/cungtenhanoi.com\/wp-content\/uploads\/2020\/04\/IMG_4730-64x110.jpeg 64w, https:\/\/cungtenhanoi.com\/wp-content\/uploads\/2020\/04\/IMG_4730-scaled.jpeg 1490w\" sizes=\"(max-width: 233px) 100vw, 233px\" \/> <img loading=\"lazy\" class=\"size-medium wp-image-16077 aligncenter\" src=\"https:\/\/cungtenhanoi.com\/wp-content\/uploads\/2020\/04\/IMG_4731-400x400.jpeg\" alt=\"\" width=\"400\" height=\"400\" srcset=\"https:\/\/cungtenhanoi.com\/wp-content\/uploads\/2020\/04\/IMG_4731-400x400.jpeg 400w, https:\/\/cungtenhanoi.com\/wp-content\/uploads\/2020\/04\/IMG_4731-800x800.jpeg 800w, https:\/\/cungtenhanoi.com\/wp-content\/uploads\/2020\/04\/IMG_4731-280x280.jpeg 280w, https:\/\/cungtenhanoi.com\/wp-content\/uploads\/2020\/04\/IMG_4731-768x768.jpeg 768w, https:\/\/cungtenhanoi.com\/wp-content\/uploads\/2020\/04\/IMG_4731-1536x1536.jpeg 1536w, https:\/\/cungtenhanoi.com\/wp-content\/uploads\/2020\/04\/IMG_4731-2048x2048.jpeg 2048w, https:\/\/cungtenhanoi.com\/wp-content\/uploads\/2020\/04\/IMG_4731-45x45.jpeg 45w, https:\/\/cungtenhanoi.com\/wp-content\/uploads\/2020\/04\/IMG_4731-300x300.jpeg 300w, https:\/\/cungtenhanoi.com\/wp-content\/uploads\/2020\/04\/IMG_4731-600x600.jpeg 600w, https:\/\/cungtenhanoi.com\/wp-content\/uploads\/2020\/04\/IMG_4731-100x100.jpeg 100w, https:\/\/cungtenhanoi.com\/wp-content\/uploads\/2020\/04\/IMG_4731-64x64.jpeg 64w\" sizes=\"(max-width: 400px) 100vw, 400px\" \/><\/p>\n<p><img loading=\"lazy\" class=\"aligncenter size-full wp-image-858\" src=\"https:\/\/cungtenhanoi.com\/wp-content\/uploads\/2020\/04\/A83D6268-0CA4-4C27-A0D0-32C752473F6F.jpeg\" alt=\"\" width=\"1536\" height=\"2666\" \/><img loading=\"lazy\" class=\"aligncenter size-full wp-image-1348\" src=\"https:\/\/cungtenhanoi.com\/wp-content\/uploads\/2020\/04\/5E10DDA0-B1C1-47D6-8528-DCD9D65E9631.jpeg\" alt=\"\" width=\"3024\" height=\"4032\" \/> <img loading=\"lazy\" class=\"aligncenter size-full wp-image-1349\" src=\"https:\/\/cungtenhanoi.com\/wp-content\/uploads\/2020\/04\/39916553-33A3-41A5-B595-5AC39F18E192.jpeg\" alt=\"\" width=\"3024\" height=\"4032\" \/> <img loading=\"lazy\" class=\"aligncenter size-full wp-image-1350\" src=\"https:\/\/cungtenhanoi.com\/wp-content\/uploads\/2020\/04\/9B542935-0CC4-4771-AE8A-504C45916A33.jpeg\" alt=\"\" width=\"3024\" height=\"4032\" \/> <img loading=\"lazy\" class=\"aligncenter size-full wp-image-1351\" src=\"https:\/\/cungtenhanoi.com\/wp-content\/uploads\/2020\/04\/54404223-3E7B-4DF5-B4AE-180F8FE24268.jpeg\" alt=\"\" width=\"3024\" height=\"4032\" \/><br \/>\n<img loading=\"lazy\" class=\"aligncenter size-full wp-image-859\" src=\"https:\/\/cungtenhanoi.com\/wp-content\/uploads\/2020\/04\/61F4BD63-3DC7-409E-805F-36B6DF63F775.jpeg\" alt=\"\" width=\"1536\" height=\"2048\" srcset=\"https:\/\/cungtenhanoi.com\/wp-content\/uploads\/2020\/04\/61F4BD63-3DC7-409E-805F-36B6DF63F775.jpeg 1536w, https:\/\/cungtenhanoi.com\/wp-content\/uploads\/2020\/04\/61F4BD63-3DC7-409E-805F-36B6DF63F775-600x800.jpeg 600w, https:\/\/cungtenhanoi.com\/wp-content\/uploads\/2020\/04\/61F4BD63-3DC7-409E-805F-36B6DF63F775-64x85.jpeg 64w, https:\/\/cungtenhanoi.com\/wp-content\/uploads\/2020\/04\/61F4BD63-3DC7-409E-805F-36B6DF63F775-225x300.jpeg 225w, https:\/\/cungtenhanoi.com\/wp-content\/uploads\/2020\/04\/61F4BD63-3DC7-409E-805F-36B6DF63F775-768x1024.jpeg 768w\" sizes=\"(max-width: 1536px) 100vw, 1536px\" \/> <img loading=\"lazy\" class=\"aligncenter size-full wp-image-860\" src=\"https:\/\/cungtenhanoi.com\/wp-content\/uploads\/2020\/04\/2C4296D7-C4B4-4A1E-B59B-ADE88B3EDCC5.jpeg\" alt=\"\" width=\"1536\" height=\"2048\" srcset=\"https:\/\/cungtenhanoi.com\/wp-content\/uploads\/2020\/04\/2C4296D7-C4B4-4A1E-B59B-ADE88B3EDCC5.jpeg 1536w, https:\/\/cungtenhanoi.com\/wp-content\/uploads\/2020\/04\/2C4296D7-C4B4-4A1E-B59B-ADE88B3EDCC5-600x800.jpeg 600w, https:\/\/cungtenhanoi.com\/wp-content\/uploads\/2020\/04\/2C4296D7-C4B4-4A1E-B59B-ADE88B3EDCC5-64x85.jpeg 64w, https:\/\/cungtenhanoi.com\/wp-content\/uploads\/2020\/04\/2C4296D7-C4B4-4A1E-B59B-ADE88B3EDCC5-225x300.jpeg 225w, https:\/\/cungtenhanoi.com\/wp-content\/uploads\/2020\/04\/2C4296D7-C4B4-4A1E-B59B-ADE88B3EDCC5-768x1024.jpeg 768w\" sizes=\"(max-width: 1536px) 100vw, 1536px\" \/> <img loading=\"lazy\" class=\"aligncenter size-full wp-image-861\" src=\"https:\/\/cungtenhanoi.com\/wp-content\/uploads\/2020\/04\/D06A7A17-F212-4CED-BF94-92FD865821B4.jpeg\" alt=\"\" width=\"1536\" height=\"2048\" srcset=\"https:\/\/cungtenhanoi.com\/wp-content\/uploads\/2020\/04\/D06A7A17-F212-4CED-BF94-92FD865821B4.jpeg 1536w, https:\/\/cungtenhanoi.com\/wp-content\/uploads\/2020\/04\/D06A7A17-F212-4CED-BF94-92FD865821B4-600x800.jpeg 600w, https:\/\/cungtenhanoi.com\/wp-content\/uploads\/2020\/04\/D06A7A17-F212-4CED-BF94-92FD865821B4-64x85.jpeg 64w, https:\/\/cungtenhanoi.com\/wp-content\/uploads\/2020\/04\/D06A7A17-F212-4CED-BF94-92FD865821B4-225x300.jpeg 225w, https:\/\/cungtenhanoi.com\/wp-content\/uploads\/2020\/04\/D06A7A17-F212-4CED-BF94-92FD865821B4-768x1024.jpeg 768w\" sizes=\"(max-width: 1536px) 100vw, 1536px\" \/> <img loading=\"lazy\" class=\"aligncenter size-full wp-image-862\" src=\"https:\/\/cungtenhanoi.com\/wp-content\/uploads\/2020\/04\/1C50A81E-76A6-462C-A970-BFADCBDA7A69.jpeg\" alt=\"\" width=\"1536\" height=\"2048\" srcset=\"https:\/\/cungtenhanoi.com\/wp-content\/uploads\/2020\/04\/1C50A81E-76A6-462C-A970-BFADCBDA7A69.jpeg 1536w, https:\/\/cungtenhanoi.com\/wp-content\/uploads\/2020\/04\/1C50A81E-76A6-462C-A970-BFADCBDA7A69-600x800.jpeg 600w, https:\/\/cungtenhanoi.com\/wp-content\/uploads\/2020\/04\/1C50A81E-76A6-462C-A970-BFADCBDA7A69-64x85.jpeg 64w, https:\/\/cungtenhanoi.com\/wp-content\/uploads\/2020\/04\/1C50A81E-76A6-462C-A970-BFADCBDA7A69-225x300.jpeg 225w, https:\/\/cungtenhanoi.com\/wp-content\/uploads\/2020\/04\/1C50A81E-76A6-462C-A970-BFADCBDA7A69-768x1024.jpeg 768w\" sizes=\"(max-width: 1536px) 100vw, 1536px\" \/> <img loading=\"lazy\" class=\"aligncenter size-full wp-image-863\" src=\"https:\/\/cungtenhanoi.com\/wp-content\/uploads\/2020\/04\/9F622F49-9711-4FD0-8A24-FA67686A0E46.jpeg\" alt=\"\" width=\"1536\" height=\"2048\" srcset=\"https:\/\/cungtenhanoi.com\/wp-content\/uploads\/2020\/04\/9F622F49-9711-4FD0-8A24-FA67686A0E46.jpeg 1536w, https:\/\/cungtenhanoi.com\/wp-content\/uploads\/2020\/04\/9F622F49-9711-4FD0-8A24-FA67686A0E46-600x800.jpeg 600w, https:\/\/cungtenhanoi.com\/wp-content\/uploads\/2020\/04\/9F622F49-9711-4FD0-8A24-FA67686A0E46-64x85.jpeg 64w, https:\/\/cungtenhanoi.com\/wp-content\/uploads\/2020\/04\/9F622F49-9711-4FD0-8A24-FA67686A0E46-225x300.jpeg 225w, https:\/\/cungtenhanoi.com\/wp-content\/uploads\/2020\/04\/9F622F49-9711-4FD0-8A24-FA67686A0E46-768x1024.jpeg 768w\" sizes=\"(max-width: 1536px) 100vw, 1536px\" \/> <img loading=\"lazy\" class=\"aligncenter size-full wp-image-864\" src=\"https:\/\/cungtenhanoi.com\/wp-content\/uploads\/2020\/04\/D95F3AB7-5925-4709-A376-2AE331B9031A.jpeg\" alt=\"\" width=\"1536\" height=\"2048\" srcset=\"https:\/\/cungtenhanoi.com\/wp-content\/uploads\/2020\/04\/D95F3AB7-5925-4709-A376-2AE331B9031A.jpeg 1536w, https:\/\/cungtenhanoi.com\/wp-content\/uploads\/2020\/04\/D95F3AB7-5925-4709-A376-2AE331B9031A-600x800.jpeg 600w, https:\/\/cungtenhanoi.com\/wp-content\/uploads\/2020\/04\/D95F3AB7-5925-4709-A376-2AE331B9031A-64x85.jpeg 64w, https:\/\/cungtenhanoi.com\/wp-content\/uploads\/2020\/04\/D95F3AB7-5925-4709-A376-2AE331B9031A-225x300.jpeg 225w, https:\/\/cungtenhanoi.com\/wp-content\/uploads\/2020\/04\/D95F3AB7-5925-4709-A376-2AE331B9031A-768x1024.jpeg 768w\" sizes=\"(max-width: 1536px) 100vw, 1536px\" \/> <img loading=\"lazy\" class=\"aligncenter size-full wp-image-865\" src=\"https:\/\/cungtenhanoi.com\/wp-content\/uploads\/2020\/04\/2B5E6917-FA55-4A6B-8C3A-C183D39A9615.jpeg\" alt=\"\" width=\"1536\" height=\"2048\" srcset=\"https:\/\/cungtenhanoi.com\/wp-content\/uploads\/2020\/04\/2B5E6917-FA55-4A6B-8C3A-C183D39A9615.jpeg 1536w, https:\/\/cungtenhanoi.com\/wp-content\/uploads\/2020\/04\/2B5E6917-FA55-4A6B-8C3A-C183D39A9615-600x800.jpeg 600w, https:\/\/cungtenhanoi.com\/wp-content\/uploads\/2020\/04\/2B5E6917-FA55-4A6B-8C3A-C183D39A9615-64x85.jpeg 64w, https:\/\/cungtenhanoi.com\/wp-content\/uploads\/2020\/04\/2B5E6917-FA55-4A6B-8C3A-C183D39A9615-225x300.jpeg 225w, https:\/\/cungtenhanoi.com\/wp-content\/uploads\/2020\/04\/2B5E6917-FA55-4A6B-8C3A-C183D39A9615-768x1024.jpeg 768w\" sizes=\"(max-width: 1536px) 100vw, 1536px\" \/><\/p>\n","protected":false},"excerpt":{"rendered":"<p>1860 \/ set 12 t\u00ean<\/p>\n<p style=\"text-align: left;\">sp 400-500-700-800<\/p>\n","protected":false},"featured_media":15803,"comment_status":"open","ping_status":"closed","template":"","meta":[],"product_cat":[24],"product_tag":[58,177,198,94,184,168,197,195,196,1382],"acf":[],"yoast_head":"<!-- This site is optimized with the Yoast SEO plugin v19.8 - https:\/\/yoast.com\/wordpress\/plugins\/seo\/ -->\n<title>M\u0169i t\u00ean Deer Crossing 4.2 - Cung T\u00ean H\u00e0 N\u1ed9i<\/title>\n<meta name=\"description\" content=\"mua cung t\u00ean th\u1ec3 thao, mua cung t\u00ean t\u1ea1i h\u00e0 n\u1ed9i, cung tr\u1ee3 l\u1ef1c, cung compound, cung t\u00ean ch\u00ednh h\u00e3ng, cung t\u00ean m\u1ea1nh,cung t\u00ean h\u00e0 n\u1ed9i, cung t\u00ean , mua cung t\u00ean S\u00e0i g\u00f2n , mua m\u0169i t\u00ean b\u1eafn cung , cung b\u1eafn bi s\u1eaft , cung t\u00ean mini\" \/>\n<meta name=\"robots\" content=\"index, follow, max-snippet:-1, max-image-preview:large, max-video-preview:-1\" \/>\n<link rel=\"canonical\" href=\"https:\/\/cungtenhanoi.com\/?product=mui-ten-deer-crossing-4-2\" \/>\n<meta property=\"og:locale\" content=\"vi_VN\" \/>\n<meta property=\"og:type\" content=\"article\" \/>\n<meta property=\"og:title\" content=\"M\u0169i t\u00ean Deer Crossing 4.2 - Cung T\u00ean H\u00e0 N\u1ed9i\" \/>\n<meta property=\"og:description\" content=\"mua cung t\u00ean th\u1ec3 thao, mua cung t\u00ean t\u1ea1i h\u00e0 n\u1ed9i, cung tr\u1ee3 l\u1ef1c, cung compound, cung t\u00ean ch\u00ednh h\u00e3ng, cung t\u00ean m\u1ea1nh,cung t\u00ean h\u00e0 n\u1ed9i, cung t\u00ean , mua cung t\u00ean S\u00e0i g\u00f2n , mua m\u0169i t\u00ean b\u1eafn cung , cung b\u1eafn bi s\u1eaft , cung t\u00ean mini\" \/>\n<meta property=\"og:url\" content=\"https:\/\/cungtenhanoi.com\/?product=mui-ten-deer-crossing-4-2\" \/>\n<meta property=\"og:site_name\" content=\"Cung T\u00ean H\u00e0 N\u1ed9i\" \/>\n<meta property=\"article:modified_time\" content=\"2025-04-26T14:20:17+00:00\" \/>\n<meta property=\"og:image\" content=\"https:\/\/cungtenhanoi.com\/wp-content\/uploads\/2020\/04\/2BCED0E8-EA87-43B9-A339-31271AF80F83-scaled.jpeg\" \/>\n\t<meta property=\"og:image:width\" content=\"2560\" \/>\n\t<meta property=\"og:image:height\" content=\"2560\" \/>\n\t<meta property=\"og:image:type\" content=\"image\/jpeg\" \/>\n<meta name=\"twitter:card\" content=\"summary_large_image\" \/>\n<meta name=\"twitter:label1\" content=\"\u01af\u1edbc t\u00ednh th\u1eddi gian \u0111\u1ecdc\" \/>\n\t<meta name=\"twitter:data1\" content=\"5 ph\u00fat\" \/>\n<script type=\"application\/ld+json\" class=\"yoast-schema-graph\">{\"@context\":\"https:\/\/schema.org\",\"@graph\":[{\"@type\":\"WebPage\",\"@id\":\"https:\/\/cungtenhanoi.com\/?product=mui-ten-deer-crossing-4-2\",\"url\":\"https:\/\/cungtenhanoi.com\/?product=mui-ten-deer-crossing-4-2\",\"name\":\"M\u0169i t\u00ean Deer Crossing 4.2 - Cung T\u00ean H\u00e0 N\u1ed9i\",\"isPartOf\":{\"@id\":\"https:\/\/cungtenhanoi.com\/#website\"},\"datePublished\":\"2020-04-25T04:58:17+00:00\",\"dateModified\":\"2025-04-26T14:20:17+00:00\",\"description\":\"mua cung t\u00ean th\u1ec3 thao, mua cung t\u00ean t\u1ea1i h\u00e0 n\u1ed9i, cung tr\u1ee3 l\u1ef1c, cung compound, cung t\u00ean ch\u00ednh h\u00e3ng, cung t\u00ean m\u1ea1nh,cung t\u00ean h\u00e0 n\u1ed9i, cung t\u00ean , mua cung t\u00ean S\u00e0i g\u00f2n , mua m\u0169i t\u00ean b\u1eafn cung , cung b\u1eafn bi s\u1eaft , cung t\u00ean mini\",\"breadcrumb\":{\"@id\":\"https:\/\/cungtenhanoi.com\/?product=mui-ten-deer-crossing-4-2#breadcrumb\"},\"inLanguage\":\"vi\",\"potentialAction\":[{\"@type\":\"ReadAction\",\"target\":[\"https:\/\/cungtenhanoi.com\/?product=mui-ten-deer-crossing-4-2\"]}]},{\"@type\":\"BreadcrumbList\",\"@id\":\"https:\/\/cungtenhanoi.com\/?product=mui-ten-deer-crossing-4-2#breadcrumb\",\"itemListElement\":[{\"@type\":\"ListItem\",\"position\":1,\"name\":\"Trang ch\u1ee7\",\"item\":\"https:\/\/cungtenhanoi.com\/\"},{\"@type\":\"ListItem\",\"position\":2,\"name\":\"Shop\",\"item\":\"https:\/\/cungtenhanoi.com\/?page_id=6\"},{\"@type\":\"ListItem\",\"position\":3,\"name\":\"T\u00ean\",\"item\":\"https:\/\/cungtenhanoi.com\/danh-muc\/ten\/\"},{\"@type\":\"ListItem\",\"position\":4,\"name\":\"M\u0169i t\u00ean Deer Crossing 4.2\"}]},{\"@type\":\"WebSite\",\"@id\":\"https:\/\/cungtenhanoi.com\/#website\",\"url\":\"https:\/\/cungtenhanoi.com\/\",\"name\":\"Cung T\u00ean H\u00e0 N\u1ed9i\",\"description\":\"Cung c\u1ea5p c\u00e1c lo\u1ea1i cung t\u00ean th\u1ec3 thao s\u1ed1 1 Vi\u1ec7t Nam\",\"publisher\":{\"@id\":\"https:\/\/cungtenhanoi.com\/#organization\"},\"potentialAction\":[{\"@type\":\"SearchAction\",\"target\":{\"@type\":\"EntryPoint\",\"urlTemplate\":\"https:\/\/cungtenhanoi.com\/?s={search_term_string}\"},\"query-input\":\"required name=search_term_string\"}],\"inLanguage\":\"vi\"},{\"@type\":\"Organization\",\"@id\":\"https:\/\/cungtenhanoi.com\/#organization\",\"name\":\"Cung T\u00ean H\u00e0 N\u1ed9i\",\"url\":\"https:\/\/cungtenhanoi.com\/\",\"sameAs\":[],\"logo\":{\"@type\":\"ImageObject\",\"inLanguage\":\"vi\",\"@id\":\"https:\/\/cungtenhanoi.com\/#\/schema\/logo\/image\/\",\"url\":\"https:\/\/cungtenhanoi.com\/wp-content\/uploads\/2025\/05\/logo-den-trang.jpg\",\"contentUrl\":\"https:\/\/cungtenhanoi.com\/wp-content\/uploads\/2025\/05\/logo-den-trang.jpg\",\"width\":450,\"height\":450,\"caption\":\"Cung T\u00ean H\u00e0 N\u1ed9i\"},\"image\":{\"@id\":\"https:\/\/cungtenhanoi.com\/#\/schema\/logo\/image\/\"}}]}<\/script>\n<!-- \/ Yoast SEO plugin. -->","yoast_head_json":{"title":"M\u0169i t\u00ean Deer Crossing 4.2 - Cung T\u00ean H\u00e0 N\u1ed9i","description":"mua cung t\u00ean th\u1ec3 thao, mua cung t\u00ean t\u1ea1i h\u00e0 n\u1ed9i, cung tr\u1ee3 l\u1ef1c, cung compound, cung t\u00ean ch\u00ednh h\u00e3ng, cung t\u00ean m\u1ea1nh,cung t\u00ean h\u00e0 n\u1ed9i, cung t\u00ean , mua cung t\u00ean S\u00e0i g\u00f2n , mua m\u0169i t\u00ean b\u1eafn cung , cung b\u1eafn bi s\u1eaft , cung t\u00ean mini","robots":{"index":"index","follow":"follow","max-snippet":"max-snippet:-1","max-image-preview":"max-image-preview:large","max-video-preview":"max-video-preview:-1"},"canonical":"https:\/\/cungtenhanoi.com\/?product=mui-ten-deer-crossing-4-2","og_locale":"vi_VN","og_type":"article","og_title":"M\u0169i t\u00ean Deer Crossing 4.2 - Cung T\u00ean H\u00e0 N\u1ed9i","og_description":"mua cung t\u00ean th\u1ec3 thao, mua cung t\u00ean t\u1ea1i h\u00e0 n\u1ed9i, cung tr\u1ee3 l\u1ef1c, cung compound, cung t\u00ean ch\u00ednh h\u00e3ng, cung t\u00ean m\u1ea1nh,cung t\u00ean h\u00e0 n\u1ed9i, cung t\u00ean , mua cung t\u00ean S\u00e0i g\u00f2n , mua m\u0169i t\u00ean b\u1eafn cung , cung b\u1eafn bi s\u1eaft , cung t\u00ean mini","og_url":"https:\/\/cungtenhanoi.com\/?product=mui-ten-deer-crossing-4-2","og_site_name":"Cung T\u00ean H\u00e0 N\u1ed9i","article_modified_time":"2025-04-26T14:20:17+00:00","og_image":[{"width":2560,"height":2560,"url":"https:\/\/cungtenhanoi.com\/wp-content\/uploads\/2020\/04\/2BCED0E8-EA87-43B9-A339-31271AF80F83-scaled.jpeg","type":"image\/jpeg"}],"twitter_card":"summary_large_image","twitter_misc":{"\u01af\u1edbc t\u00ednh th\u1eddi gian \u0111\u1ecdc":"5 ph\u00fat"},"schema":{"@context":"https:\/\/schema.org","@graph":[{"@type":"WebPage","@id":"https:\/\/cungtenhanoi.com\/?product=mui-ten-deer-crossing-4-2","url":"https:\/\/cungtenhanoi.com\/?product=mui-ten-deer-crossing-4-2","name":"M\u0169i t\u00ean Deer Crossing 4.2 - Cung T\u00ean H\u00e0 N\u1ed9i","isPartOf":{"@id":"https:\/\/cungtenhanoi.com\/#website"},"datePublished":"2020-04-25T04:58:17+00:00","dateModified":"2025-04-26T14:20:17+00:00","description":"mua cung t\u00ean th\u1ec3 thao, mua cung t\u00ean t\u1ea1i h\u00e0 n\u1ed9i, cung tr\u1ee3 l\u1ef1c, cung compound, cung t\u00ean ch\u00ednh h\u00e3ng, cung t\u00ean m\u1ea1nh,cung t\u00ean h\u00e0 n\u1ed9i, cung t\u00ean , mua cung t\u00ean S\u00e0i g\u00f2n , mua m\u0169i t\u00ean b\u1eafn cung , cung b\u1eafn bi s\u1eaft , cung t\u00ean mini","breadcrumb":{"@id":"https:\/\/cungtenhanoi.com\/?product=mui-ten-deer-crossing-4-2#breadcrumb"},"inLanguage":"vi","potentialAction":[{"@type":"ReadAction","target":["https:\/\/cungtenhanoi.com\/?product=mui-ten-deer-crossing-4-2"]}]},{"@type":"BreadcrumbList","@id":"https:\/\/cungtenhanoi.com\/?product=mui-ten-deer-crossing-4-2#breadcrumb","itemListElement":[{"@type":"ListItem","position":1,"name":"Trang ch\u1ee7","item":"https:\/\/cungtenhanoi.com\/"},{"@type":"ListItem","position":2,"name":"Shop","item":"https:\/\/cungtenhanoi.com\/?page_id=6"},{"@type":"ListItem","position":3,"name":"T\u00ean","item":"https:\/\/cungtenhanoi.com\/danh-muc\/ten\/"},{"@type":"ListItem","position":4,"name":"M\u0169i t\u00ean Deer Crossing 4.2"}]},{"@type":"WebSite","@id":"https:\/\/cungtenhanoi.com\/#website","url":"https:\/\/cungtenhanoi.com\/","name":"Cung T\u00ean H\u00e0 N\u1ed9i","description":"Cung c\u1ea5p c\u00e1c lo\u1ea1i cung t\u00ean th\u1ec3 thao s\u1ed1 1 Vi\u1ec7t Nam","publisher":{"@id":"https:\/\/cungtenhanoi.com\/#organization"},"potentialAction":[{"@type":"SearchAction","target":{"@type":"EntryPoint","urlTemplate":"https:\/\/cungtenhanoi.com\/?s={search_term_string}"},"query-input":"required name=search_term_string"}],"inLanguage":"vi"},{"@type":"Organization","@id":"https:\/\/cungtenhanoi.com\/#organization","name":"Cung T\u00ean H\u00e0 N\u1ed9i","url":"https:\/\/cungtenhanoi.com\/","sameAs":[],"logo":{"@type":"ImageObject","inLanguage":"vi","@id":"https:\/\/cungtenhanoi.com\/#\/schema\/logo\/image\/","url":"https:\/\/cungtenhanoi.com\/wp-content\/uploads\/2025\/05\/logo-den-trang.jpg","contentUrl":"https:\/\/cungtenhanoi.com\/wp-content\/uploads\/2025\/05\/logo-den-trang.jpg","width":450,"height":450,"caption":"Cung T\u00ean H\u00e0 N\u1ed9i"},"image":{"@id":"https:\/\/cungtenhanoi.com\/#\/schema\/logo\/image\/"}}]}},"_links":{"self":[{"href":"https:\/\/cungtenhanoi.com\/index.php?rest_route=\/wp\/v2\/product\/857"}],"collection":[{"href":"https:\/\/cungtenhanoi.com\/index.php?rest_route=\/wp\/v2\/product"}],"about":[{"href":"https:\/\/cungtenhanoi.com\/index.php?rest_route=\/wp\/v2\/types\/product"}],"replies":[{"embeddable":true,"href":"https:\/\/cungtenhanoi.com\/index.php?rest_route=%2Fwp%2Fv2%2Fcomments&post=857"}],"wp:featuredmedia":[{"embeddable":true,"href":"https:\/\/cungtenhanoi.com\/index.php?rest_route=\/wp\/v2\/media\/15803"}],"wp:attachment":[{"href":"https:\/\/cungtenhanoi.com\/index.php?rest_route=%2Fwp%2Fv2%2Fmedia&parent=857"}],"wp:term":[{"taxonomy":"product_cat","embeddable":true,"href":"https:\/\/cungtenhanoi.com\/index.php?rest_route=%2Fwp%2Fv2%2Fproduct_cat&post=857"},{"taxonomy":"product_tag","embeddable":true,"href":"https:\/\/cungtenhanoi.com\/index.php?rest_route=%2Fwp%2Fv2%2Fproduct_tag&post=857"}],"curies":[{"name":"wp","href":"https:\/\/api.w.org\/{rel}","templated":true}]}}