{"id":867,"date":"2020-05-07T17:27:05","date_gmt":"2020-05-07T10:27:05","guid":{"rendered":"https:\/\/cungtenhanoi.com\/?post_type=product&#038;p=867"},"modified":"2022-10-29T16:34:29","modified_gmt":"2022-10-29T09:34:29","slug":"compound-jx-m128-2","status":"publish","type":"product","link":"https:\/\/cungtenhanoi.com\/?product=compound-jx-m128-2","title":{"rendered":"Compound JX-M128"},"content":{"rendered":"<ol>\n<li style=\"text-align: center;\">D\u00f2ng cung c\u1ea3i ti\u1ebfn c\u1ee7a Junxing mang trong m\u00ecnh d\u00f2ng m\u00e1u m\u1ea1nh m\u1ebd c\u00f9ng \u01b0u \u0111i\u1ec3m v\u01b0\u1ee3t tr\u1ed9i v\u1ec1 s\u1ee9c m\u1ea1nh mang \u0111\u1ebfn s\u1ef1 tr\u1ea3i nghi\u1ec7m th\u00fa v\u1ecb cho nh\u1eefng ai \u0111am m\u00ea m\u1ee9c m\u1ea1nh. C\u1ea3m gi\u00e1c \u0111\u1ea7m tay ch\u1eafc ch\u1eafn c\u00f9ng s\u1ef1 v\u01b0\u1ee3t tr\u1ed9i v\u1ec1 \u0111\u1ed9 ch\u00ednh x\u00e1c so v\u1edbi c\u00e1c d\u00f2ng cung c\u00f9ng ph\u00e2n kh\u00fac, s\u1ebd th\u1eadt l\u00e0 thi\u1ebfu s\u00f3t n\u1ebfu kh\u00f4ng nh\u1eafc \u0111\u1ebfn M128.<br \/>\n\u0110\u01b0\u1ee3c \u0111\u00e1nh gi\u00e1 r\u1ea5t cao trong t\u1ea7m gi\u00e1 v\u1edbi riser l\u00e0 h\u1ee3p kim nh\u00f4m c\u1eaft cnc nguy\u00ean kh\u1ed1i \u0111i c\u00f9ng c\u1eb7p limb cacbon<br \/>\nN\u01b0\u1edbc s\u01a1n \u0111en l\u00ec r\u1ea5t s\u1eafc n\u00e9t \u0111\u1ebfn t\u1eebng chi ti\u1ebft<br \/>\nTh\u00f4ng s\u1ed1 : 30-70lbs<br \/>\nT\u1ed1c \u0111\u1ed9 b\u1eafn 340fps\/s<br \/>\nGi\u00e1 full option c\u01a1 b\u1ea3n : 7.800.000 VN\u0110<br \/>\nCung kh\u00f4ng: 6.000.000 VND<br \/>\nOption trung c\u1ea5p : Cung + th\u01b0\u1edbc ng\u1eafm 8510 + t\u00ean deecrossing 4.2 spiner 500 set 12 m\u0169i + k\u00ecm 425 + th\u0103ng b\u1eb1ng 617-11 + ch\u00e2n cung + t\u00fai ch\u1ed1ng sock + rest + ch\u1ed1ng rung c\u00e1nh + bia m\u1ee5c ti\u00eau= 12.900.000<\/li>\n<\/ol>\n<p style=\"text-align: center;\">\n<p style=\"text-align: center;\"><img loading=\"lazy\" class=\"aligncenter  wp-image-1807\" src=\"https:\/\/cungtenhanoi.com\/wp-content\/uploads\/2020\/05\/F3650B63-5ACE-43F6-8129-F5BD1F31612E.jpeg\" alt=\"\" width=\"1134\" height=\"1512\" \/><img loading=\"lazy\" class=\"aligncenter  wp-image-1808\" src=\"https:\/\/cungtenhanoi.com\/wp-content\/uploads\/2020\/05\/EBA83233-4C70-4C9F-8A79-451B34A67BA3.jpeg\" alt=\"\" width=\"1137\" height=\"1516\" \/><img loading=\"lazy\" class=\"wp-image-872 aligncenter\" src=\"https:\/\/cungtenhanoi.com\/wp-content\/uploads\/2020\/04\/26CBF8FA-E2D7-466A-8747-632B3CEDAF32.jpeg\" alt=\"\" width=\"1140\" height=\"1520\" srcset=\"https:\/\/cungtenhanoi.com\/wp-content\/uploads\/2020\/04\/26CBF8FA-E2D7-466A-8747-632B3CEDAF32.jpeg 1536w, https:\/\/cungtenhanoi.com\/wp-content\/uploads\/2020\/04\/26CBF8FA-E2D7-466A-8747-632B3CEDAF32-600x800.jpeg 600w, https:\/\/cungtenhanoi.com\/wp-content\/uploads\/2020\/04\/26CBF8FA-E2D7-466A-8747-632B3CEDAF32-64x85.jpeg 64w\" sizes=\"(max-width: 1140px) 100vw, 1140px\" \/> <img loading=\"lazy\" class=\"aligncenter  wp-image-873\" src=\"https:\/\/cungtenhanoi.com\/wp-content\/uploads\/2020\/04\/733C86CB-037C-4E1F-AD28-DF4AC0181904.jpeg\" alt=\"\" width=\"1140\" height=\"1334\" srcset=\"https:\/\/cungtenhanoi.com\/wp-content\/uploads\/2020\/04\/733C86CB-037C-4E1F-AD28-DF4AC0181904.jpeg 1750w, https:\/\/cungtenhanoi.com\/wp-content\/uploads\/2020\/04\/733C86CB-037C-4E1F-AD28-DF4AC0181904-600x702.jpeg 600w, https:\/\/cungtenhanoi.com\/wp-content\/uploads\/2020\/04\/733C86CB-037C-4E1F-AD28-DF4AC0181904-64x75.jpeg 64w, https:\/\/cungtenhanoi.com\/wp-content\/uploads\/2020\/04\/733C86CB-037C-4E1F-AD28-DF4AC0181904-256x300.jpeg 256w, https:\/\/cungtenhanoi.com\/wp-content\/uploads\/2020\/04\/733C86CB-037C-4E1F-AD28-DF4AC0181904-768x899.jpeg 768w, https:\/\/cungtenhanoi.com\/wp-content\/uploads\/2020\/04\/733C86CB-037C-4E1F-AD28-DF4AC0181904-875x1024.jpeg 875w\" sizes=\"(max-width: 1140px) 100vw, 1140px\" \/><img loading=\"lazy\" class=\"aligncenter  wp-image-779\" src=\"https:\/\/cungtenhanoi.com\/wp-content\/uploads\/2019\/12\/128.jpg\" alt=\"\" width=\"1144\" height=\"1716\" \/><img loading=\"lazy\" class=\"aligncenter  wp-image-1509\" src=\"https:\/\/cungtenhanoi.com\/wp-content\/uploads\/2020\/05\/7fd377ba6bae0f5495f89ca423c932ef.jpg\" alt=\"\" width=\"1118\" height=\"1217\" srcset=\"https:\/\/cungtenhanoi.com\/wp-content\/uploads\/2020\/05\/7fd377ba6bae0f5495f89ca423c932ef.jpg 1367w, https:\/\/cungtenhanoi.com\/wp-content\/uploads\/2020\/05\/7fd377ba6bae0f5495f89ca423c932ef-600x654.jpg 600w, https:\/\/cungtenhanoi.com\/wp-content\/uploads\/2020\/05\/7fd377ba6bae0f5495f89ca423c932ef-64x70.jpg 64w, https:\/\/cungtenhanoi.com\/wp-content\/uploads\/2020\/05\/7fd377ba6bae0f5495f89ca423c932ef-275x300.jpg 275w, https:\/\/cungtenhanoi.com\/wp-content\/uploads\/2020\/05\/7fd377ba6bae0f5495f89ca423c932ef-768x837.jpg 768w, https:\/\/cungtenhanoi.com\/wp-content\/uploads\/2020\/05\/7fd377ba6bae0f5495f89ca423c932ef-940x1024.jpg 940w\" sizes=\"(max-width: 1118px) 100vw, 1118px\" \/><br \/>\n<img loading=\"lazy\" class=\"aligncenter  wp-image-1743\" src=\"https:\/\/cungtenhanoi.com\/wp-content\/uploads\/2020\/05\/EF835EEF-3A26-4614-A984-4B48AB41D7A5.jpeg\" alt=\"\" width=\"986\" height=\"1315\" srcset=\"https:\/\/cungtenhanoi.com\/wp-content\/uploads\/2020\/05\/EF835EEF-3A26-4614-A984-4B48AB41D7A5.jpeg 900w, https:\/\/cungtenhanoi.com\/wp-content\/uploads\/2020\/05\/EF835EEF-3A26-4614-A984-4B48AB41D7A5-600x800.jpeg 600w, https:\/\/cungtenhanoi.com\/wp-content\/uploads\/2020\/05\/EF835EEF-3A26-4614-A984-4B48AB41D7A5-64x85.jpeg 64w, https:\/\/cungtenhanoi.com\/wp-content\/uploads\/2020\/05\/EF835EEF-3A26-4614-A984-4B48AB41D7A5-225x300.jpeg 225w, https:\/\/cungtenhanoi.com\/wp-content\/uploads\/2020\/05\/EF835EEF-3A26-4614-A984-4B48AB41D7A5-768x1024.jpeg 768w\" sizes=\"(max-width: 986px) 100vw, 986px\" \/><img loading=\"lazy\" class=\"aligncenter  wp-image-1744\" src=\"https:\/\/cungtenhanoi.com\/wp-content\/uploads\/2020\/05\/CD6B673B-5E24-4431-882F-D769AFD6ECEE.jpeg\" alt=\"\" width=\"988\" height=\"1576\" srcset=\"https:\/\/cungtenhanoi.com\/wp-content\/uploads\/2020\/05\/CD6B673B-5E24-4431-882F-D769AFD6ECEE.jpeg 752w, https:\/\/cungtenhanoi.com\/wp-content\/uploads\/2020\/05\/CD6B673B-5E24-4431-882F-D769AFD6ECEE-600x957.jpeg 600w, https:\/\/cungtenhanoi.com\/wp-content\/uploads\/2020\/05\/CD6B673B-5E24-4431-882F-D769AFD6ECEE-64x102.jpeg 64w, https:\/\/cungtenhanoi.com\/wp-content\/uploads\/2020\/05\/CD6B673B-5E24-4431-882F-D769AFD6ECEE-188x300.jpeg 188w, https:\/\/cungtenhanoi.com\/wp-content\/uploads\/2020\/05\/CD6B673B-5E24-4431-882F-D769AFD6ECEE-642x1024.jpeg 642w\" sizes=\"(max-width: 988px) 100vw, 988px\" \/> <img loading=\"lazy\" class=\"aligncenter  wp-image-1745\" src=\"https:\/\/cungtenhanoi.com\/wp-content\/uploads\/2020\/05\/96F5C080-164B-45AA-A5B4-86891890632C.jpeg\" alt=\"\" width=\"987\" height=\"1768\" srcset=\"https:\/\/cungtenhanoi.com\/wp-content\/uploads\/2020\/05\/96F5C080-164B-45AA-A5B4-86891890632C.jpeg 670w, https:\/\/cungtenhanoi.com\/wp-content\/uploads\/2020\/05\/96F5C080-164B-45AA-A5B4-86891890632C-600x1075.jpeg 600w, https:\/\/cungtenhanoi.com\/wp-content\/uploads\/2020\/05\/96F5C080-164B-45AA-A5B4-86891890632C-64x115.jpeg 64w, https:\/\/cungtenhanoi.com\/wp-content\/uploads\/2020\/05\/96F5C080-164B-45AA-A5B4-86891890632C-168x300.jpeg 168w, https:\/\/cungtenhanoi.com\/wp-content\/uploads\/2020\/05\/96F5C080-164B-45AA-A5B4-86891890632C-572x1024.jpeg 572w\" sizes=\"(max-width: 987px) 100vw, 987px\" \/><img loading=\"lazy\" class=\"aligncenter  wp-image-731\" src=\"https:\/\/cungtenhanoi.com\/wp-content\/uploads\/2019\/12\/FB0D92CA-3454-436A-9423-76DA1E2871F4.jpeg\" alt=\"\" width=\"986\" height=\"1315\" \/><img loading=\"lazy\" class=\"aligncenter  wp-image-732\" style=\"text-align: start;\" src=\"https:\/\/cungtenhanoi.com\/wp-content\/uploads\/2019\/12\/FC372CBC-1430-4084-B1F8-88B17A2FE005.jpeg\" alt=\"\" width=\"984\" height=\"1312\" \/><\/p>\n<p>&nbsp;<\/p>\n<p><img loading=\"lazy\" class=\"aligncenter size-full wp-image-734\" src=\"https:\/\/cungtenhanoi.com\/wp-content\/uploads\/2019\/12\/0E8BEEFB-97EF-423E-8F3E-C37D3712F454.jpeg\" alt=\"\" width=\"1536\" height=\"2048\" srcset=\"https:\/\/cungtenhanoi.com\/wp-content\/uploads\/2019\/12\/0E8BEEFB-97EF-423E-8F3E-C37D3712F454.jpeg 1536w, https:\/\/cungtenhanoi.com\/wp-content\/uploads\/2019\/12\/0E8BEEFB-97EF-423E-8F3E-C37D3712F454-600x800.jpeg 600w, https:\/\/cungtenhanoi.com\/wp-content\/uploads\/2019\/12\/0E8BEEFB-97EF-423E-8F3E-C37D3712F454-64x85.jpeg 64w\" sizes=\"(max-width: 1536px) 100vw, 1536px\" \/><\/p>\n","protected":false},"excerpt":{"rendered":"<p>Cung kh\u00f4ng : 6.000.000<br \/>\nFull option c\u01a1 b\u1ea3n: Cung + 7 t\u00ean cacbon + th\u01b0\u1edbc ng\u1eafm + rest + ch\u1ed1ng rung c\u00e1nh + th\u0103ng b\u1eb1ng +ch\u00e2n cung + k\u00ecm + bia m\u1ee5c ti\u00eau : 7.800.000<br \/>\nOption trung c\u1ea5p : Cung + th\u01b0\u1edbc ng\u1eafm 8510 + t\u00ean deecrossing 4.2 spiner 500 set 12 m\u0169i + k\u00ecm 425 + th\u0103ng b\u1eb1ng 617-11 + ch\u00e2n cung + t\u00fai ch\u1ed1ng sock + rest + ch\u1ed1ng rung c\u00e1nh + bia m\u1ee5c ti\u00eau= 12.900.000<\/p>\n","protected":false},"featured_media":872,"comment_status":"open","ping_status":"closed","template":"","meta":[],"product_cat":[17],"product_tag":[198,34,413,257,264,61,145],"acf":[],"yoast_head":"<!-- This site is optimized with the Yoast SEO plugin v19.8 - https:\/\/yoast.com\/wordpress\/plugins\/seo\/ -->\n<title>Compound JX-M128 - Cung T\u00ean H\u00e0 N\u1ed9i<\/title>\n<meta name=\"description\" content=\"mua cung t\u00ean th\u1ec3 thao, mua cung t\u00ean t\u1ea1i h\u00e0 n\u1ed9i, cung tr\u1ee3 l\u1ef1c, cung compound, cung t\u00ean ch\u00ednh h\u00e3ng, cung t\u00ean m\u1ea1nh,cung t\u00ean h\u00e0 n\u1ed9i, cung t\u00ean , mua cung t\u00ean S\u00e0i g\u00f2n , mua m\u0169i t\u00ean b\u1eafn cung , cung b\u1eafn bi s\u1eaft , cung t\u00ean mini\" \/>\n<meta name=\"robots\" content=\"index, follow, max-snippet:-1, max-image-preview:large, max-video-preview:-1\" \/>\n<link rel=\"canonical\" href=\"https:\/\/cungtenhanoi.com\/?product=compound-jx-m128-2\" \/>\n<meta property=\"og:locale\" content=\"vi_VN\" \/>\n<meta property=\"og:type\" content=\"article\" \/>\n<meta property=\"og:title\" content=\"Compound JX-M128 - Cung T\u00ean H\u00e0 N\u1ed9i\" \/>\n<meta property=\"og:description\" content=\"mua cung t\u00ean th\u1ec3 thao, mua cung t\u00ean t\u1ea1i h\u00e0 n\u1ed9i, cung tr\u1ee3 l\u1ef1c, cung compound, cung t\u00ean ch\u00ednh h\u00e3ng, cung t\u00ean m\u1ea1nh,cung t\u00ean h\u00e0 n\u1ed9i, cung t\u00ean , mua cung t\u00ean S\u00e0i g\u00f2n , mua m\u0169i t\u00ean b\u1eafn cung , cung b\u1eafn bi s\u1eaft , cung t\u00ean mini\" \/>\n<meta property=\"og:url\" content=\"https:\/\/cungtenhanoi.com\/?product=compound-jx-m128-2\" \/>\n<meta property=\"og:site_name\" content=\"Cung T\u00ean H\u00e0 N\u1ed9i\" \/>\n<meta property=\"article:modified_time\" content=\"2022-10-29T09:34:29+00:00\" \/>\n<meta property=\"og:image\" content=\"https:\/\/cungtenhanoi.com\/wp-content\/uploads\/2020\/04\/26CBF8FA-E2D7-466A-8747-632B3CEDAF32.jpeg\" \/>\n\t<meta property=\"og:image:width\" content=\"1536\" \/>\n\t<meta property=\"og:image:height\" content=\"2048\" \/>\n\t<meta property=\"og:image:type\" content=\"image\/jpeg\" \/>\n<meta name=\"twitter:card\" content=\"summary_large_image\" \/>\n<meta name=\"twitter:label1\" content=\"\u01af\u1edbc t\u00ednh th\u1eddi gian \u0111\u1ecdc\" \/>\n\t<meta name=\"twitter:data1\" content=\"1 ph\u00fat\" \/>\n<script type=\"application\/ld+json\" class=\"yoast-schema-graph\">{\"@context\":\"https:\/\/schema.org\",\"@graph\":[{\"@type\":\"WebPage\",\"@id\":\"https:\/\/cungtenhanoi.com\/?product=compound-jx-m128-2\",\"url\":\"https:\/\/cungtenhanoi.com\/?product=compound-jx-m128-2\",\"name\":\"Compound JX-M128 - Cung T\u00ean H\u00e0 N\u1ed9i\",\"isPartOf\":{\"@id\":\"https:\/\/cungtenhanoi.com\/#website\"},\"datePublished\":\"2020-05-07T10:27:05+00:00\",\"dateModified\":\"2022-10-29T09:34:29+00:00\",\"description\":\"mua cung t\u00ean th\u1ec3 thao, mua cung t\u00ean t\u1ea1i h\u00e0 n\u1ed9i, cung tr\u1ee3 l\u1ef1c, cung compound, cung t\u00ean ch\u00ednh h\u00e3ng, cung t\u00ean m\u1ea1nh,cung t\u00ean h\u00e0 n\u1ed9i, cung t\u00ean , mua cung t\u00ean S\u00e0i g\u00f2n , mua m\u0169i t\u00ean b\u1eafn cung , cung b\u1eafn bi s\u1eaft , cung t\u00ean mini\",\"breadcrumb\":{\"@id\":\"https:\/\/cungtenhanoi.com\/?product=compound-jx-m128-2#breadcrumb\"},\"inLanguage\":\"vi\",\"potentialAction\":[{\"@type\":\"ReadAction\",\"target\":[\"https:\/\/cungtenhanoi.com\/?product=compound-jx-m128-2\"]}]},{\"@type\":\"BreadcrumbList\",\"@id\":\"https:\/\/cungtenhanoi.com\/?product=compound-jx-m128-2#breadcrumb\",\"itemListElement\":[{\"@type\":\"ListItem\",\"position\":1,\"name\":\"Trang ch\u1ee7\",\"item\":\"https:\/\/cungtenhanoi.com\/\"},{\"@type\":\"ListItem\",\"position\":2,\"name\":\"Shop\",\"item\":\"https:\/\/cungtenhanoi.com\/?page_id=6\"},{\"@type\":\"ListItem\",\"position\":3,\"name\":\"Cung\",\"item\":\"https:\/\/cungtenhanoi.com\/danh-muc\/cung\/\"},{\"@type\":\"ListItem\",\"position\":4,\"name\":\"Compound JX-M128\"}]},{\"@type\":\"WebSite\",\"@id\":\"https:\/\/cungtenhanoi.com\/#website\",\"url\":\"https:\/\/cungtenhanoi.com\/\",\"name\":\"Cung T\u00ean H\u00e0 N\u1ed9i\",\"description\":\"Cung c\u1ea5p c\u00e1c lo\u1ea1i cung t\u00ean th\u1ec3 thao s\u1ed1 1 Vi\u1ec7t Nam\",\"publisher\":{\"@id\":\"https:\/\/cungtenhanoi.com\/#organization\"},\"potentialAction\":[{\"@type\":\"SearchAction\",\"target\":{\"@type\":\"EntryPoint\",\"urlTemplate\":\"https:\/\/cungtenhanoi.com\/?s={search_term_string}\"},\"query-input\":\"required name=search_term_string\"}],\"inLanguage\":\"vi\"},{\"@type\":\"Organization\",\"@id\":\"https:\/\/cungtenhanoi.com\/#organization\",\"name\":\"Cung T\u00ean H\u00e0 N\u1ed9i\",\"url\":\"https:\/\/cungtenhanoi.com\/\",\"sameAs\":[],\"logo\":{\"@type\":\"ImageObject\",\"inLanguage\":\"vi\",\"@id\":\"https:\/\/cungtenhanoi.com\/#\/schema\/logo\/image\/\",\"url\":\"https:\/\/cungtenhanoi.com\/wp-content\/uploads\/2025\/05\/logo-den-trang.jpg\",\"contentUrl\":\"https:\/\/cungtenhanoi.com\/wp-content\/uploads\/2025\/05\/logo-den-trang.jpg\",\"width\":450,\"height\":450,\"caption\":\"Cung T\u00ean H\u00e0 N\u1ed9i\"},\"image\":{\"@id\":\"https:\/\/cungtenhanoi.com\/#\/schema\/logo\/image\/\"}}]}<\/script>\n<!-- \/ Yoast SEO plugin. -->","yoast_head_json":{"title":"Compound JX-M128 - Cung T\u00ean H\u00e0 N\u1ed9i","description":"mua cung t\u00ean th\u1ec3 thao, mua cung t\u00ean t\u1ea1i h\u00e0 n\u1ed9i, cung tr\u1ee3 l\u1ef1c, cung compound, cung t\u00ean ch\u00ednh h\u00e3ng, cung t\u00ean m\u1ea1nh,cung t\u00ean h\u00e0 n\u1ed9i, cung t\u00ean , mua cung t\u00ean S\u00e0i g\u00f2n , mua m\u0169i t\u00ean b\u1eafn cung , cung b\u1eafn bi s\u1eaft , cung t\u00ean mini","robots":{"index":"index","follow":"follow","max-snippet":"max-snippet:-1","max-image-preview":"max-image-preview:large","max-video-preview":"max-video-preview:-1"},"canonical":"https:\/\/cungtenhanoi.com\/?product=compound-jx-m128-2","og_locale":"vi_VN","og_type":"article","og_title":"Compound JX-M128 - Cung T\u00ean H\u00e0 N\u1ed9i","og_description":"mua cung t\u00ean th\u1ec3 thao, mua cung t\u00ean t\u1ea1i h\u00e0 n\u1ed9i, cung tr\u1ee3 l\u1ef1c, cung compound, cung t\u00ean ch\u00ednh h\u00e3ng, cung t\u00ean m\u1ea1nh,cung t\u00ean h\u00e0 n\u1ed9i, cung t\u00ean , mua cung t\u00ean S\u00e0i g\u00f2n , mua m\u0169i t\u00ean b\u1eafn cung , cung b\u1eafn bi s\u1eaft , cung t\u00ean mini","og_url":"https:\/\/cungtenhanoi.com\/?product=compound-jx-m128-2","og_site_name":"Cung T\u00ean H\u00e0 N\u1ed9i","article_modified_time":"2022-10-29T09:34:29+00:00","og_image":[{"width":1536,"height":2048,"url":"https:\/\/cungtenhanoi.com\/wp-content\/uploads\/2020\/04\/26CBF8FA-E2D7-466A-8747-632B3CEDAF32.jpeg","type":"image\/jpeg"}],"twitter_card":"summary_large_image","twitter_misc":{"\u01af\u1edbc t\u00ednh th\u1eddi gian \u0111\u1ecdc":"1 ph\u00fat"},"schema":{"@context":"https:\/\/schema.org","@graph":[{"@type":"WebPage","@id":"https:\/\/cungtenhanoi.com\/?product=compound-jx-m128-2","url":"https:\/\/cungtenhanoi.com\/?product=compound-jx-m128-2","name":"Compound JX-M128 - Cung T\u00ean H\u00e0 N\u1ed9i","isPartOf":{"@id":"https:\/\/cungtenhanoi.com\/#website"},"datePublished":"2020-05-07T10:27:05+00:00","dateModified":"2022-10-29T09:34:29+00:00","description":"mua cung t\u00ean th\u1ec3 thao, mua cung t\u00ean t\u1ea1i h\u00e0 n\u1ed9i, cung tr\u1ee3 l\u1ef1c, cung compound, cung t\u00ean ch\u00ednh h\u00e3ng, cung t\u00ean m\u1ea1nh,cung t\u00ean h\u00e0 n\u1ed9i, cung t\u00ean , mua cung t\u00ean S\u00e0i g\u00f2n , mua m\u0169i t\u00ean b\u1eafn cung , cung b\u1eafn bi s\u1eaft , cung t\u00ean mini","breadcrumb":{"@id":"https:\/\/cungtenhanoi.com\/?product=compound-jx-m128-2#breadcrumb"},"inLanguage":"vi","potentialAction":[{"@type":"ReadAction","target":["https:\/\/cungtenhanoi.com\/?product=compound-jx-m128-2"]}]},{"@type":"BreadcrumbList","@id":"https:\/\/cungtenhanoi.com\/?product=compound-jx-m128-2#breadcrumb","itemListElement":[{"@type":"ListItem","position":1,"name":"Trang ch\u1ee7","item":"https:\/\/cungtenhanoi.com\/"},{"@type":"ListItem","position":2,"name":"Shop","item":"https:\/\/cungtenhanoi.com\/?page_id=6"},{"@type":"ListItem","position":3,"name":"Cung","item":"https:\/\/cungtenhanoi.com\/danh-muc\/cung\/"},{"@type":"ListItem","position":4,"name":"Compound JX-M128"}]},{"@type":"WebSite","@id":"https:\/\/cungtenhanoi.com\/#website","url":"https:\/\/cungtenhanoi.com\/","name":"Cung T\u00ean H\u00e0 N\u1ed9i","description":"Cung c\u1ea5p c\u00e1c lo\u1ea1i cung t\u00ean th\u1ec3 thao s\u1ed1 1 Vi\u1ec7t Nam","publisher":{"@id":"https:\/\/cungtenhanoi.com\/#organization"},"potentialAction":[{"@type":"SearchAction","target":{"@type":"EntryPoint","urlTemplate":"https:\/\/cungtenhanoi.com\/?s={search_term_string}"},"query-input":"required name=search_term_string"}],"inLanguage":"vi"},{"@type":"Organization","@id":"https:\/\/cungtenhanoi.com\/#organization","name":"Cung T\u00ean H\u00e0 N\u1ed9i","url":"https:\/\/cungtenhanoi.com\/","sameAs":[],"logo":{"@type":"ImageObject","inLanguage":"vi","@id":"https:\/\/cungtenhanoi.com\/#\/schema\/logo\/image\/","url":"https:\/\/cungtenhanoi.com\/wp-content\/uploads\/2025\/05\/logo-den-trang.jpg","contentUrl":"https:\/\/cungtenhanoi.com\/wp-content\/uploads\/2025\/05\/logo-den-trang.jpg","width":450,"height":450,"caption":"Cung T\u00ean H\u00e0 N\u1ed9i"},"image":{"@id":"https:\/\/cungtenhanoi.com\/#\/schema\/logo\/image\/"}}]}},"_links":{"self":[{"href":"https:\/\/cungtenhanoi.com\/index.php?rest_route=\/wp\/v2\/product\/867"}],"collection":[{"href":"https:\/\/cungtenhanoi.com\/index.php?rest_route=\/wp\/v2\/product"}],"about":[{"href":"https:\/\/cungtenhanoi.com\/index.php?rest_route=\/wp\/v2\/types\/product"}],"replies":[{"embeddable":true,"href":"https:\/\/cungtenhanoi.com\/index.php?rest_route=%2Fwp%2Fv2%2Fcomments&post=867"}],"wp:featuredmedia":[{"embeddable":true,"href":"https:\/\/cungtenhanoi.com\/index.php?rest_route=\/wp\/v2\/media\/872"}],"wp:attachment":[{"href":"https:\/\/cungtenhanoi.com\/index.php?rest_route=%2Fwp%2Fv2%2Fmedia&parent=867"}],"wp:term":[{"taxonomy":"product_cat","embeddable":true,"href":"https:\/\/cungtenhanoi.com\/index.php?rest_route=%2Fwp%2Fv2%2Fproduct_cat&post=867"},{"taxonomy":"product_tag","embeddable":true,"href":"https:\/\/cungtenhanoi.com\/index.php?rest_route=%2Fwp%2Fv2%2Fproduct_tag&post=867"}],"curies":[{"name":"wp","href":"https:\/\/api.w.org\/{rel}","templated":true}]}}