{"id":891,"date":"2020-05-30T16:17:32","date_gmt":"2020-05-30T09:17:32","guid":{"rendered":"https:\/\/cungtenhanoi.com\/?post_type=product&#038;p=891"},"modified":"2026-03-19T22:06:41","modified_gmt":"2026-03-19T15:06:41","slug":"tui-deo-ten-mathews","status":"publish","type":"product","link":"https:\/\/cungtenhanoi.com\/?product=tui-deo-ten-mathews","title":{"rendered":"T\u00daI \u0110EO T\u00caN MATHEWS \u2013 \u0110\u1ef0NG 25+ M\u0168I, \u0110EO H\u00d4NG &#038; \u0110EO L\u01afNG LINH HO\u1ea0T"},"content":{"rendered":"<p style=\"text-align: center;\">???? Ph\u1ee5 ki\u1ec7n kh\u00f4ng th\u1ec3 thi\u1ebfu cho d\u00e2n ch\u01a1i cung chuy\u00ean nghi\u1ec7p<\/p>\n<p style=\"text-align: center;\">???? G\u1ecdn \u2013 ti\u1ec7n \u2013 \u0111eo l\u00e0 b\u1eafn, kh\u00f4ng v\u01b0\u1edbng v\u00edu!<\/p>\n<p style=\"text-align: center;\">\u2705 TH\u00d4NG TIN S\u1ea2N PH\u1ea8M<\/p>\n<p style=\"text-align: center;\">Th\u01b0\u01a1ng hi\u1ec7u: Mathews<\/p>\n<p style=\"text-align: center;\">S\u1ee9c ch\u1ee9a:<\/p>\n<p style=\"text-align: center;\">~25 m\u0169i t\u00ean 8.0<\/p>\n<p style=\"text-align: center;\">Nhi\u1ec1u h\u01a1n v\u1edbi t\u00ean 4.2<\/p>\n<p style=\"text-align: center;\">Ch\u1ea5t li\u1ec7u: V\u1ea3i d\u00f9 cao c\u1ea5p + \u1ed1ng nh\u1ef1a ABS c\u1ee9ng c\u00e1p<\/p>\n<p style=\"text-align: center;\">Ki\u1ec3u \u0111eo: \u0110eo h\u00f4ng ho\u1eb7c \u0111eo l\u01b0ng linh ho\u1ea1t<\/p>\n<p style=\"text-align: center;\">???? \u01afU \u0110I\u1ec2M N\u1ed4I B\u1eacT<\/p>\n<p style=\"text-align: center;\">\u2714\ufe0f S\u1ee9c ch\u1ee9a l\u1edbn \u2013 mang theo nhi\u1ec1u t\u00ean khi t\u1eadp luy\u1ec7n<\/p>\n<p style=\"text-align: center;\">\u2714\ufe0f \u0110eo 2 ki\u1ec3u ti\u1ec7n l\u1ee3i \u2013 ph\u00f9 h\u1ee3p m\u1ecdi t\u00ecnh hu\u1ed1ng<\/p>\n<p style=\"text-align: center;\">\u2714\ufe0f \u1ed0ng ABS gi\u1eef form \u2013 b\u1ea3o v\u1ec7 t\u00ean kh\u00f4ng cong g\u00e3y<\/p>\n<p style=\"text-align: center;\">\u2714\ufe0f V\u1ea3i d\u00f9 b\u1ec1n, ch\u1ed1ng m\u00e0i m\u00f2n t\u1ed1t<\/p>\n<p style=\"text-align: center;\">\u2714\ufe0f Thi\u1ebft k\u1ebf g\u1ecdn g\u00e0ng \u2013 thao t\u00e1c r\u00fat t\u00ean nhanh<\/p>\n<p style=\"text-align: center;\">???? TI\u1ec6N \u00cdCH TH\u00caM<\/p>\n<p style=\"text-align: center;\">C\u00f3 ng\u0103n ph\u1ee5 \u0111\u1ef1ng: v\u00ed, \u0111i\u1ec7n tho\u1ea1i<\/p>\n<p style=\"text-align: center;\">G\u1eafn \u0111\u01b0\u1ee3c k\u00ecm, d\u1ee5ng c\u1ee5 r\u00fat t\u00ean<\/p>\n<p style=\"text-align: center;\">Ph\u00f9 h\u1ee3p t\u1eadp luy\u1ec7n, thi \u0111\u1ea5u, d\u00e3 ngo\u1ea1i<\/p>\n<p style=\"text-align: center;\">???? PH\u00d9 H\u1ee2P CHO<\/p>\n<p style=\"text-align: center;\">Ng\u01b0\u1eddi ch\u01a1i cung compound &amp; truy\u1ec1n th\u1ed1ng<\/p>\n<p style=\"text-align: center;\">Ng\u01b0\u1eddi t\u1eadp luy\u1ec7n th\u01b0\u1eddng xuy\u00ean, c\u1ea7n mang nhi\u1ec1u t\u00ean<\/p>\n<p style=\"text-align: center;\">CLB b\u1eafn cung, thi \u0111\u1ea5u chuy\u00ean nghi\u1ec7p<\/p>\n<p style=\"text-align: center;\"><img loading=\"lazy\" class=\"size-full wp-image-1626 aligncenter\" src=\"https:\/\/cungtenhanoi.com\/wp-content\/uploads\/2020\/05\/AC65C829-1513-4749-8C92-C8B0FF16BAD1.jpeg\" alt=\"\" width=\"1242\" height=\"2208\" srcset=\"https:\/\/cungtenhanoi.com\/wp-content\/uploads\/2020\/05\/AC65C829-1513-4749-8C92-C8B0FF16BAD1.jpeg 1242w, https:\/\/cungtenhanoi.com\/wp-content\/uploads\/2020\/05\/AC65C829-1513-4749-8C92-C8B0FF16BAD1-600x1067.jpeg 600w, https:\/\/cungtenhanoi.com\/wp-content\/uploads\/2020\/05\/AC65C829-1513-4749-8C92-C8B0FF16BAD1-64x114.jpeg 64w, https:\/\/cungtenhanoi.com\/wp-content\/uploads\/2020\/05\/AC65C829-1513-4749-8C92-C8B0FF16BAD1-169x300.jpeg 169w, https:\/\/cungtenhanoi.com\/wp-content\/uploads\/2020\/05\/AC65C829-1513-4749-8C92-C8B0FF16BAD1-768x1365.jpeg 768w, https:\/\/cungtenhanoi.com\/wp-content\/uploads\/2020\/05\/AC65C829-1513-4749-8C92-C8B0FF16BAD1-576x1024.jpeg 576w\" sizes=\"(max-width: 1242px) 100vw, 1242px\" \/><br \/>\n<img loading=\"lazy\" class=\"size-full wp-image-892 aligncenter\" src=\"https:\/\/cungtenhanoi.com\/wp-content\/uploads\/2020\/05\/O1CN01sHKOgJ1wgqlsnsuvp_2806476338.jpg\" alt=\"\" width=\"639\" height=\"580\" srcset=\"https:\/\/cungtenhanoi.com\/wp-content\/uploads\/2020\/05\/O1CN01sHKOgJ1wgqlsnsuvp_2806476338.jpg 639w, https:\/\/cungtenhanoi.com\/wp-content\/uploads\/2020\/05\/O1CN01sHKOgJ1wgqlsnsuvp_2806476338-600x545.jpg 600w, https:\/\/cungtenhanoi.com\/wp-content\/uploads\/2020\/05\/O1CN01sHKOgJ1wgqlsnsuvp_2806476338-64x58.jpg 64w, https:\/\/cungtenhanoi.com\/wp-content\/uploads\/2020\/05\/O1CN01sHKOgJ1wgqlsnsuvp_2806476338-300x272.jpg 300w\" sizes=\"(max-width: 639px) 100vw, 639px\" \/> <img loading=\"lazy\" class=\"size-full wp-image-893 aligncenter\" src=\"https:\/\/cungtenhanoi.com\/wp-content\/uploads\/2020\/05\/O1CN019YCGMg1wgqluixyAL_2806476338.jpg\" alt=\"\" width=\"723\" height=\"662\" srcset=\"https:\/\/cungtenhanoi.com\/wp-content\/uploads\/2020\/05\/O1CN019YCGMg1wgqluixyAL_2806476338.jpg 723w, https:\/\/cungtenhanoi.com\/wp-content\/uploads\/2020\/05\/O1CN019YCGMg1wgqluixyAL_2806476338-600x549.jpg 600w, https:\/\/cungtenhanoi.com\/wp-content\/uploads\/2020\/05\/O1CN019YCGMg1wgqluixyAL_2806476338-64x59.jpg 64w, https:\/\/cungtenhanoi.com\/wp-content\/uploads\/2020\/05\/O1CN019YCGMg1wgqluixyAL_2806476338-300x275.jpg 300w\" sizes=\"(max-width: 723px) 100vw, 723px\" \/><br \/>\n<img loading=\"lazy\" class=\"size-full wp-image-894 aligncenter\" src=\"https:\/\/cungtenhanoi.com\/wp-content\/uploads\/2020\/05\/O1CN01dQjuw81wgqlw81fRZ_2806476338.jpg\" alt=\"\" width=\"717\" height=\"503\" srcset=\"https:\/\/cungtenhanoi.com\/wp-content\/uploads\/2020\/05\/O1CN01dQjuw81wgqlw81fRZ_2806476338.jpg 717w, https:\/\/cungtenhanoi.com\/wp-content\/uploads\/2020\/05\/O1CN01dQjuw81wgqlw81fRZ_2806476338-600x421.jpg 600w, https:\/\/cungtenhanoi.com\/wp-content\/uploads\/2020\/05\/O1CN01dQjuw81wgqlw81fRZ_2806476338-300x210.jpg 300w\" sizes=\"(max-width: 717px) 100vw, 717px\" \/> <img loading=\"lazy\" class=\"size-full wp-image-895 aligncenter\" src=\"https:\/\/cungtenhanoi.com\/wp-content\/uploads\/2020\/05\/O1CN01K3XG1j1wgqlsnsFN9_2806476338.jpg\" alt=\"\" width=\"750\" height=\"503\" srcset=\"https:\/\/cungtenhanoi.com\/wp-content\/uploads\/2020\/05\/O1CN01K3XG1j1wgqlsnsFN9_2806476338.jpg 750w, https:\/\/cungtenhanoi.com\/wp-content\/uploads\/2020\/05\/O1CN01K3XG1j1wgqlsnsFN9_2806476338-600x402.jpg 600w, https:\/\/cungtenhanoi.com\/wp-content\/uploads\/2020\/05\/O1CN01K3XG1j1wgqlsnsFN9_2806476338-64x43.jpg 64w, https:\/\/cungtenhanoi.com\/wp-content\/uploads\/2020\/05\/O1CN01K3XG1j1wgqlsnsFN9_2806476338-300x201.jpg 300w\" sizes=\"(max-width: 750px) 100vw, 750px\" \/> <img loading=\"lazy\" class=\"size-full wp-image-896 aligncenter\" src=\"https:\/\/cungtenhanoi.com\/wp-content\/uploads\/2020\/05\/O1CN01Z2ULnQ1wgqlxVuyns_2806476338.jpg\" alt=\"\" width=\"750\" height=\"874\" srcset=\"https:\/\/cungtenhanoi.com\/wp-content\/uploads\/2020\/05\/O1CN01Z2ULnQ1wgqlxVuyns_2806476338.jpg 750w, https:\/\/cungtenhanoi.com\/wp-content\/uploads\/2020\/05\/O1CN01Z2ULnQ1wgqlxVuyns_2806476338-600x699.jpg 600w, https:\/\/cungtenhanoi.com\/wp-content\/uploads\/2020\/05\/O1CN01Z2ULnQ1wgqlxVuyns_2806476338-64x75.jpg 64w\" sizes=\"(max-width: 750px) 100vw, 750px\" \/> <img loading=\"lazy\" class=\"size-full wp-image-897 aligncenter\" src=\"https:\/\/cungtenhanoi.com\/wp-content\/uploads\/2020\/05\/O1CN012kMP0L1wgqltwHKif_2806476338.jpg\" alt=\"\" width=\"750\" height=\"753\" srcset=\"https:\/\/cungtenhanoi.com\/wp-content\/uploads\/2020\/05\/O1CN012kMP0L1wgqltwHKif_2806476338.jpg 750w, https:\/\/cungtenhanoi.com\/wp-content\/uploads\/2020\/05\/O1CN012kMP0L1wgqltwHKif_2806476338-300x300.jpg 300w, https:\/\/cungtenhanoi.com\/wp-content\/uploads\/2020\/05\/O1CN012kMP0L1wgqltwHKif_2806476338-100x100.jpg 100w, https:\/\/cungtenhanoi.com\/wp-content\/uploads\/2020\/05\/O1CN012kMP0L1wgqltwHKif_2806476338-600x602.jpg 600w, https:\/\/cungtenhanoi.com\/wp-content\/uploads\/2020\/05\/O1CN012kMP0L1wgqltwHKif_2806476338-64x64.jpg 64w\" sizes=\"(max-width: 750px) 100vw, 750px\" \/> <img loading=\"lazy\" class=\"size-full wp-image-898 aligncenter\" src=\"https:\/\/cungtenhanoi.com\/wp-content\/uploads\/2020\/05\/O1CN0104X3td1wgqltYoBrE_2806476338.jpg\" alt=\"\" width=\"707\" height=\"694\" srcset=\"https:\/\/cungtenhanoi.com\/wp-content\/uploads\/2020\/05\/O1CN0104X3td1wgqltYoBrE_2806476338.jpg 707w, https:\/\/cungtenhanoi.com\/wp-content\/uploads\/2020\/05\/O1CN0104X3td1wgqltYoBrE_2806476338-600x589.jpg 600w, https:\/\/cungtenhanoi.com\/wp-content\/uploads\/2020\/05\/O1CN0104X3td1wgqltYoBrE_2806476338-64x63.jpg 64w, https:\/\/cungtenhanoi.com\/wp-content\/uploads\/2020\/05\/O1CN0104X3td1wgqltYoBrE_2806476338-300x294.jpg 300w, https:\/\/cungtenhanoi.com\/wp-content\/uploads\/2020\/05\/O1CN0104X3td1wgqltYoBrE_2806476338-45x45.jpg 45w\" sizes=\"(max-width: 707px) 100vw, 707px\" \/><\/p>\n","protected":false},"excerpt":{"rendered":"<p>???? Ph\u1ee5 ki\u1ec7n kh\u00f4ng th\u1ec3 thi\u1ebfu cho d\u00e2n ch\u01a1i cung chuy\u00ean nghi\u1ec7p ???? G\u1ecdn \u2013 ti\u1ec7n \u2013 \u0111eo l\u00e0 b\u1eafn, kh\u00f4ng v\u01b0\u1edbng v\u00edu! \u2705 TH\u00d4NG TIN S\u1ea2N PH\u1ea8M Th\u01b0\u01a1ng hi\u1ec7u: Mathews S\u1ee9c ch\u1ee9a: ~25 m\u0169i t\u00ean 8.0 Nhi\u1ec1u h\u01a1n v\u1edbi t\u00ean 4.2 Ch\u1ea5t li\u1ec7u: V\u1ea3i d\u00f9 cao c\u1ea5p + \u1ed1ng nh\u1ef1a ABS c\u1ee9ng c\u00e1p Ki\u1ec3u<\/p>\n","protected":false},"featured_media":896,"comment_status":"open","ping_status":"closed","template":"","meta":[],"product_cat":[37,20],"product_tag":[198,94,168,202,201,137],"acf":[],"yoast_head":"<!-- This site is optimized with the Yoast SEO plugin v19.8 - https:\/\/yoast.com\/wordpress\/plugins\/seo\/ -->\n<title>T\u00daI \u0110EO T\u00caN MATHEWS \u2013 \u0110\u1ef0NG 25+ M\u0168I, \u0110EO H\u00d4NG &amp; \u0110EO L\u01afNG LINH HO\u1ea0T - Cung T\u00ean H\u00e0 N\u1ed9i<\/title>\n<meta name=\"description\" content=\"mua cung t\u00ean th\u1ec3 thao, mua cung t\u00ean t\u1ea1i h\u00e0 n\u1ed9i, cung tr\u1ee3 l\u1ef1c, cung compound, cung t\u00ean ch\u00ednh h\u00e3ng, cung t\u00ean m\u1ea1nh,cung t\u00ean h\u00e0 n\u1ed9i, cung t\u00ean , mua cung t\u00ean S\u00e0i g\u00f2n , mua m\u0169i t\u00ean b\u1eafn cung , cung b\u1eafn bi s\u1eaft , cung t\u00ean mini\" \/>\n<meta name=\"robots\" content=\"index, follow, max-snippet:-1, max-image-preview:large, max-video-preview:-1\" \/>\n<link rel=\"canonical\" href=\"https:\/\/cungtenhanoi.com\/?product=tui-deo-ten-mathews\" \/>\n<meta property=\"og:locale\" content=\"vi_VN\" \/>\n<meta property=\"og:type\" content=\"article\" \/>\n<meta property=\"og:title\" content=\"T\u00daI \u0110EO T\u00caN MATHEWS \u2013 \u0110\u1ef0NG 25+ M\u0168I, \u0110EO H\u00d4NG &amp; \u0110EO L\u01afNG LINH HO\u1ea0T - Cung T\u00ean H\u00e0 N\u1ed9i\" \/>\n<meta property=\"og:description\" content=\"mua cung t\u00ean th\u1ec3 thao, mua cung t\u00ean t\u1ea1i h\u00e0 n\u1ed9i, cung tr\u1ee3 l\u1ef1c, cung compound, cung t\u00ean ch\u00ednh h\u00e3ng, cung t\u00ean m\u1ea1nh,cung t\u00ean h\u00e0 n\u1ed9i, cung t\u00ean , mua cung t\u00ean S\u00e0i g\u00f2n , mua m\u0169i t\u00ean b\u1eafn cung , cung b\u1eafn bi s\u1eaft , cung t\u00ean mini\" \/>\n<meta property=\"og:url\" content=\"https:\/\/cungtenhanoi.com\/?product=tui-deo-ten-mathews\" \/>\n<meta property=\"og:site_name\" content=\"Cung T\u00ean H\u00e0 N\u1ed9i\" \/>\n<meta property=\"article:modified_time\" content=\"2026-03-19T15:06:41+00:00\" \/>\n<meta property=\"og:image\" content=\"https:\/\/cungtenhanoi.com\/wp-content\/uploads\/2020\/05\/O1CN01Z2ULnQ1wgqlxVuyns_2806476338.jpg\" \/>\n\t<meta property=\"og:image:width\" content=\"750\" \/>\n\t<meta property=\"og:image:height\" content=\"874\" \/>\n\t<meta property=\"og:image:type\" content=\"image\/jpeg\" \/>\n<meta name=\"twitter:card\" content=\"summary_large_image\" \/>\n<meta name=\"twitter:label1\" content=\"\u01af\u1edbc t\u00ednh th\u1eddi gian \u0111\u1ecdc\" \/>\n\t<meta name=\"twitter:data1\" content=\"3 ph\u00fat\" \/>\n<script type=\"application\/ld+json\" class=\"yoast-schema-graph\">{\"@context\":\"https:\/\/schema.org\",\"@graph\":[{\"@type\":\"WebPage\",\"@id\":\"https:\/\/cungtenhanoi.com\/?product=tui-deo-ten-mathews\",\"url\":\"https:\/\/cungtenhanoi.com\/?product=tui-deo-ten-mathews\",\"name\":\"T\u00daI \u0110EO T\u00caN MATHEWS \u2013 \u0110\u1ef0NG 25+ M\u0168I, \u0110EO H\u00d4NG & \u0110EO L\u01afNG LINH HO\u1ea0T - Cung T\u00ean H\u00e0 N\u1ed9i\",\"isPartOf\":{\"@id\":\"https:\/\/cungtenhanoi.com\/#website\"},\"datePublished\":\"2020-05-30T09:17:32+00:00\",\"dateModified\":\"2026-03-19T15:06:41+00:00\",\"description\":\"mua cung t\u00ean th\u1ec3 thao, mua cung t\u00ean t\u1ea1i h\u00e0 n\u1ed9i, cung tr\u1ee3 l\u1ef1c, cung compound, cung t\u00ean ch\u00ednh h\u00e3ng, cung t\u00ean m\u1ea1nh,cung t\u00ean h\u00e0 n\u1ed9i, cung t\u00ean , mua cung t\u00ean S\u00e0i g\u00f2n , mua m\u0169i t\u00ean b\u1eafn cung , cung b\u1eafn bi s\u1eaft , cung t\u00ean mini\",\"breadcrumb\":{\"@id\":\"https:\/\/cungtenhanoi.com\/?product=tui-deo-ten-mathews#breadcrumb\"},\"inLanguage\":\"vi\",\"potentialAction\":[{\"@type\":\"ReadAction\",\"target\":[\"https:\/\/cungtenhanoi.com\/?product=tui-deo-ten-mathews\"]}]},{\"@type\":\"BreadcrumbList\",\"@id\":\"https:\/\/cungtenhanoi.com\/?product=tui-deo-ten-mathews#breadcrumb\",\"itemListElement\":[{\"@type\":\"ListItem\",\"position\":1,\"name\":\"Trang ch\u1ee7\",\"item\":\"https:\/\/cungtenhanoi.com\/\"},{\"@type\":\"ListItem\",\"position\":2,\"name\":\"Shop\",\"item\":\"https:\/\/cungtenhanoi.com\/?page_id=6\"},{\"@type\":\"ListItem\",\"position\":3,\"name\":\"Ph\u1ee5 ki\u1ec7n\",\"item\":\"https:\/\/cungtenhanoi.com\/danh-muc\/phu-kien\/\"},{\"@type\":\"ListItem\",\"position\":4,\"name\":\"T\u00daI \u0110EO T\u00caN MATHEWS \u2013 \u0110\u1ef0NG 25+ M\u0168I, \u0110EO H\u00d4NG &#038; \u0110EO L\u01afNG LINH HO\u1ea0T\"}]},{\"@type\":\"WebSite\",\"@id\":\"https:\/\/cungtenhanoi.com\/#website\",\"url\":\"https:\/\/cungtenhanoi.com\/\",\"name\":\"Cung T\u00ean H\u00e0 N\u1ed9i\",\"description\":\"Cung c\u1ea5p c\u00e1c lo\u1ea1i cung t\u00ean th\u1ec3 thao s\u1ed1 1 Vi\u1ec7t Nam\",\"publisher\":{\"@id\":\"https:\/\/cungtenhanoi.com\/#organization\"},\"potentialAction\":[{\"@type\":\"SearchAction\",\"target\":{\"@type\":\"EntryPoint\",\"urlTemplate\":\"https:\/\/cungtenhanoi.com\/?s={search_term_string}\"},\"query-input\":\"required name=search_term_string\"}],\"inLanguage\":\"vi\"},{\"@type\":\"Organization\",\"@id\":\"https:\/\/cungtenhanoi.com\/#organization\",\"name\":\"Cung T\u00ean H\u00e0 N\u1ed9i\",\"url\":\"https:\/\/cungtenhanoi.com\/\",\"sameAs\":[],\"logo\":{\"@type\":\"ImageObject\",\"inLanguage\":\"vi\",\"@id\":\"https:\/\/cungtenhanoi.com\/#\/schema\/logo\/image\/\",\"url\":\"https:\/\/cungtenhanoi.com\/wp-content\/uploads\/2025\/05\/logo-den-trang.jpg\",\"contentUrl\":\"https:\/\/cungtenhanoi.com\/wp-content\/uploads\/2025\/05\/logo-den-trang.jpg\",\"width\":450,\"height\":450,\"caption\":\"Cung T\u00ean H\u00e0 N\u1ed9i\"},\"image\":{\"@id\":\"https:\/\/cungtenhanoi.com\/#\/schema\/logo\/image\/\"}}]}<\/script>\n<!-- \/ Yoast SEO plugin. -->","yoast_head_json":{"title":"T\u00daI \u0110EO T\u00caN MATHEWS \u2013 \u0110\u1ef0NG 25+ M\u0168I, \u0110EO H\u00d4NG & \u0110EO L\u01afNG LINH HO\u1ea0T - Cung T\u00ean H\u00e0 N\u1ed9i","description":"mua cung t\u00ean th\u1ec3 thao, mua cung t\u00ean t\u1ea1i h\u00e0 n\u1ed9i, cung tr\u1ee3 l\u1ef1c, cung compound, cung t\u00ean ch\u00ednh h\u00e3ng, cung t\u00ean m\u1ea1nh,cung t\u00ean h\u00e0 n\u1ed9i, cung t\u00ean , mua cung t\u00ean S\u00e0i g\u00f2n , mua m\u0169i t\u00ean b\u1eafn cung , cung b\u1eafn bi s\u1eaft , cung t\u00ean mini","robots":{"index":"index","follow":"follow","max-snippet":"max-snippet:-1","max-image-preview":"max-image-preview:large","max-video-preview":"max-video-preview:-1"},"canonical":"https:\/\/cungtenhanoi.com\/?product=tui-deo-ten-mathews","og_locale":"vi_VN","og_type":"article","og_title":"T\u00daI \u0110EO T\u00caN MATHEWS \u2013 \u0110\u1ef0NG 25+ M\u0168I, \u0110EO H\u00d4NG & \u0110EO L\u01afNG LINH HO\u1ea0T - Cung T\u00ean H\u00e0 N\u1ed9i","og_description":"mua cung t\u00ean th\u1ec3 thao, mua cung t\u00ean t\u1ea1i h\u00e0 n\u1ed9i, cung tr\u1ee3 l\u1ef1c, cung compound, cung t\u00ean ch\u00ednh h\u00e3ng, cung t\u00ean m\u1ea1nh,cung t\u00ean h\u00e0 n\u1ed9i, cung t\u00ean , mua cung t\u00ean S\u00e0i g\u00f2n , mua m\u0169i t\u00ean b\u1eafn cung , cung b\u1eafn bi s\u1eaft , cung t\u00ean mini","og_url":"https:\/\/cungtenhanoi.com\/?product=tui-deo-ten-mathews","og_site_name":"Cung T\u00ean H\u00e0 N\u1ed9i","article_modified_time":"2026-03-19T15:06:41+00:00","og_image":[{"width":750,"height":874,"url":"https:\/\/cungtenhanoi.com\/wp-content\/uploads\/2020\/05\/O1CN01Z2ULnQ1wgqlxVuyns_2806476338.jpg","type":"image\/jpeg"}],"twitter_card":"summary_large_image","twitter_misc":{"\u01af\u1edbc t\u00ednh th\u1eddi gian \u0111\u1ecdc":"3 ph\u00fat"},"schema":{"@context":"https:\/\/schema.org","@graph":[{"@type":"WebPage","@id":"https:\/\/cungtenhanoi.com\/?product=tui-deo-ten-mathews","url":"https:\/\/cungtenhanoi.com\/?product=tui-deo-ten-mathews","name":"T\u00daI \u0110EO T\u00caN MATHEWS \u2013 \u0110\u1ef0NG 25+ M\u0168I, \u0110EO H\u00d4NG & \u0110EO L\u01afNG LINH HO\u1ea0T - Cung T\u00ean H\u00e0 N\u1ed9i","isPartOf":{"@id":"https:\/\/cungtenhanoi.com\/#website"},"datePublished":"2020-05-30T09:17:32+00:00","dateModified":"2026-03-19T15:06:41+00:00","description":"mua cung t\u00ean th\u1ec3 thao, mua cung t\u00ean t\u1ea1i h\u00e0 n\u1ed9i, cung tr\u1ee3 l\u1ef1c, cung compound, cung t\u00ean ch\u00ednh h\u00e3ng, cung t\u00ean m\u1ea1nh,cung t\u00ean h\u00e0 n\u1ed9i, cung t\u00ean , mua cung t\u00ean S\u00e0i g\u00f2n , mua m\u0169i t\u00ean b\u1eafn cung , cung b\u1eafn bi s\u1eaft , cung t\u00ean mini","breadcrumb":{"@id":"https:\/\/cungtenhanoi.com\/?product=tui-deo-ten-mathews#breadcrumb"},"inLanguage":"vi","potentialAction":[{"@type":"ReadAction","target":["https:\/\/cungtenhanoi.com\/?product=tui-deo-ten-mathews"]}]},{"@type":"BreadcrumbList","@id":"https:\/\/cungtenhanoi.com\/?product=tui-deo-ten-mathews#breadcrumb","itemListElement":[{"@type":"ListItem","position":1,"name":"Trang ch\u1ee7","item":"https:\/\/cungtenhanoi.com\/"},{"@type":"ListItem","position":2,"name":"Shop","item":"https:\/\/cungtenhanoi.com\/?page_id=6"},{"@type":"ListItem","position":3,"name":"Ph\u1ee5 ki\u1ec7n","item":"https:\/\/cungtenhanoi.com\/danh-muc\/phu-kien\/"},{"@type":"ListItem","position":4,"name":"T\u00daI \u0110EO T\u00caN MATHEWS \u2013 \u0110\u1ef0NG 25+ M\u0168I, \u0110EO H\u00d4NG &#038; \u0110EO L\u01afNG LINH HO\u1ea0T"}]},{"@type":"WebSite","@id":"https:\/\/cungtenhanoi.com\/#website","url":"https:\/\/cungtenhanoi.com\/","name":"Cung T\u00ean H\u00e0 N\u1ed9i","description":"Cung c\u1ea5p c\u00e1c lo\u1ea1i cung t\u00ean th\u1ec3 thao s\u1ed1 1 Vi\u1ec7t Nam","publisher":{"@id":"https:\/\/cungtenhanoi.com\/#organization"},"potentialAction":[{"@type":"SearchAction","target":{"@type":"EntryPoint","urlTemplate":"https:\/\/cungtenhanoi.com\/?s={search_term_string}"},"query-input":"required name=search_term_string"}],"inLanguage":"vi"},{"@type":"Organization","@id":"https:\/\/cungtenhanoi.com\/#organization","name":"Cung T\u00ean H\u00e0 N\u1ed9i","url":"https:\/\/cungtenhanoi.com\/","sameAs":[],"logo":{"@type":"ImageObject","inLanguage":"vi","@id":"https:\/\/cungtenhanoi.com\/#\/schema\/logo\/image\/","url":"https:\/\/cungtenhanoi.com\/wp-content\/uploads\/2025\/05\/logo-den-trang.jpg","contentUrl":"https:\/\/cungtenhanoi.com\/wp-content\/uploads\/2025\/05\/logo-den-trang.jpg","width":450,"height":450,"caption":"Cung T\u00ean H\u00e0 N\u1ed9i"},"image":{"@id":"https:\/\/cungtenhanoi.com\/#\/schema\/logo\/image\/"}}]}},"_links":{"self":[{"href":"https:\/\/cungtenhanoi.com\/index.php?rest_route=\/wp\/v2\/product\/891"}],"collection":[{"href":"https:\/\/cungtenhanoi.com\/index.php?rest_route=\/wp\/v2\/product"}],"about":[{"href":"https:\/\/cungtenhanoi.com\/index.php?rest_route=\/wp\/v2\/types\/product"}],"replies":[{"embeddable":true,"href":"https:\/\/cungtenhanoi.com\/index.php?rest_route=%2Fwp%2Fv2%2Fcomments&post=891"}],"wp:featuredmedia":[{"embeddable":true,"href":"https:\/\/cungtenhanoi.com\/index.php?rest_route=\/wp\/v2\/media\/896"}],"wp:attachment":[{"href":"https:\/\/cungtenhanoi.com\/index.php?rest_route=%2Fwp%2Fv2%2Fmedia&parent=891"}],"wp:term":[{"taxonomy":"product_cat","embeddable":true,"href":"https:\/\/cungtenhanoi.com\/index.php?rest_route=%2Fwp%2Fv2%2Fproduct_cat&post=891"},{"taxonomy":"product_tag","embeddable":true,"href":"https:\/\/cungtenhanoi.com\/index.php?rest_route=%2Fwp%2Fv2%2Fproduct_tag&post=891"}],"curies":[{"name":"wp","href":"https:\/\/api.w.org\/{rel}","templated":true}]}}