{"id":899,"date":"2020-05-30T16:45:16","date_gmt":"2020-05-30T09:45:16","guid":{"rendered":"https:\/\/cungtenhanoi.com\/?post_type=product&#038;p=899"},"modified":"2021-06-17T17:31:57","modified_gmt":"2021-06-17T10:31:57","slug":"cung-ten-truyen-thong-g-18","status":"publish","type":"product","link":"https:\/\/cungtenhanoi.com\/?product=cung-ten-truyen-thong-g-18","title":{"rendered":"Cung t\u00ean truy\u1ec1n th\u1ed1ng G-18"},"content":{"rendered":"<p style=\"text-align: center;\">Cung t\u00ean truy\u1ec1n th\u1ed1ng<\/p>\n<p style=\"text-align: center;\">Mang v\u1ebb \u0111\u1eb9p v\u01b0\u1ee3t th\u1eddi gian c\u1ee7a 1 c\u00e2y cung truy\u1ec1n th\u1ed1ng nhi\u1ec1u th\u1ebf k\u1ef7 tr\u01b0\u1edbc t\u1eeb thu\u1edf h\u1ed3ng hoang khi con ng\u01b0\u1eddi c\u00f2n s\u0103n b\u1eafn h\u00e1i l\u01b0\u1ee3m, cung t\u00ean l\u00e0 c\u00f4ng c\u1ee5 s\u0103n b\u1eafn sinh t\u1ed3n, V\u00e0 khi c\u00e1c cu\u1ed9c chi\u1ebfn tranh gi\u00e0nh quy\u1ec1n l\u1ef1c,l\u00e3nh th\u1ed5 x\u1ea3y ra th\u00ec cung t\u00ean l\u00e0 v\u0169 kh\u00ed ch\u00ednh trong c\u00e1c cu\u1ed9c chi\u1ebfn b\u1ea3o v\u1ec7 t\u1ed5 qu\u1ed1c v\u00e0 m\u1edf mang b\u1edd c\u00f5i.<\/p>\n<p style=\"text-align: center;\">Th\u00f4ng s\u1ed1 k\u1ef9 thu\u1eadt<br \/>\nC\u00e1nh cung composite<br \/>\nL\u1ef1c b\u1eafn 20-50lbs<br \/>\nChi\u1ec1u d\u00e0i th\u00f4 136 cm<br \/>\nChi\u1ec1u d\u00e0i l\u00ean d\u00e2y 132cm<\/p>\n<p style=\"text-align: center;\"><img loading=\"lazy\" class=\"aligncenter size-full wp-image-1343\" src=\"https:\/\/cungtenhanoi.com\/wp-content\/uploads\/2020\/05\/E74A3D00-5C16-4DB2-803A-2B23FB28564C.jpeg\" alt=\"\" width=\"3024\" height=\"4032\" \/> <img loading=\"lazy\" class=\"aligncenter size-full wp-image-1344\" src=\"https:\/\/cungtenhanoi.com\/wp-content\/uploads\/2020\/05\/B1E9A253-2F66-41AA-A6E7-16599AB34C3F.jpeg\" alt=\"\" width=\"3024\" height=\"4032\" \/> <img loading=\"lazy\" class=\"aligncenter size-full wp-image-1345\" src=\"https:\/\/cungtenhanoi.com\/wp-content\/uploads\/2020\/05\/2877CC90-3365-4400-A3A4-856C46AA5EE2.jpeg\" alt=\"\" width=\"3024\" height=\"4032\" \/><br \/>\nTr\u1ea3i qua nhi\u1ec1u th\u0103ng tr\u1ea7m c\u1ee7a l\u1ecbch s\u1eed v\u1edbi bi\u1ebft bao cu\u1ed9c tranh h\u00f9ng x\u01b0ng b\u00e1, cung t\u00ean v\u1eabn l\u00e0 1 m\u00f3n v\u0169 kh\u00ed kh\u00f4ng th\u1ec3 thay th\u1ebf cho \u0111\u1ebfn nh\u1eefng n\u0103m cu\u1ed1i c\u1ee7a th\u1ebf k\u1ef7 18<br \/>\nTh\u1eddi gian thay \u0111\u1ed5i kh\u00f4ng ng\u1eebng, con ng\u01b0\u1eddi ta kh\u00f4ng ng\u1eebng c\u1ea3i ti\u1ebfn \u0111\u1ec3 bi\u1ebfn nh\u1eefng c\u00e1i h\u1ea1n ch\u1ebf th\u00e0nh \u01b0u \u0111i\u1ec3m, kh\u00f4ng c\u00f2n v\u1ebb th\u00f4 r\u00e1p c\u1ee5c m\u1ecbch nh\u01b0 l\u00fac \u0111\u00e1nh tr\u1eadn, ng\u00e0y nay cung t\u00ean c\u00f2n l\u00e0 1 m\u00f4n th\u1ec3 thao, 1 m\u00f3n \u0111\u1ed3 trang s\u1ee9c m\u00e0 b\u1ea5t c\u1ee9 \u0111\u1ea5ng Nam nhi &#8221; Ch\u00ed l\u00e0m trai&#8221; n\u00e0o c\u0169ng mong mu\u1ed1n \u0111\u01b0\u1ee3c s\u1edf h\u1eefu \u00edt nh\u1ea5t 1 l\u1ea7n.<\/p>\n<p style=\"text-align: center;\"><img loading=\"lazy\" class=\"aligncenter size-full wp-image-900\" src=\"https:\/\/cungtenhanoi.com\/wp-content\/uploads\/2020\/05\/O1CN01fOr5dg2IDSzRU7emh_2536909252.jpg\" alt=\"\" width=\"800\" height=\"800\" srcset=\"https:\/\/cungtenhanoi.com\/wp-content\/uploads\/2020\/05\/O1CN01fOr5dg2IDSzRU7emh_2536909252.jpg 800w, https:\/\/cungtenhanoi.com\/wp-content\/uploads\/2020\/05\/O1CN01fOr5dg2IDSzRU7emh_2536909252-300x300.jpg 300w, https:\/\/cungtenhanoi.com\/wp-content\/uploads\/2020\/05\/O1CN01fOr5dg2IDSzRU7emh_2536909252-100x100.jpg 100w, https:\/\/cungtenhanoi.com\/wp-content\/uploads\/2020\/05\/O1CN01fOr5dg2IDSzRU7emh_2536909252-600x600.jpg 600w, https:\/\/cungtenhanoi.com\/wp-content\/uploads\/2020\/05\/O1CN01fOr5dg2IDSzRU7emh_2536909252-64x64.jpg 64w, https:\/\/cungtenhanoi.com\/wp-content\/uploads\/2020\/05\/O1CN01fOr5dg2IDSzRU7emh_2536909252-150x150.jpg 150w, https:\/\/cungtenhanoi.com\/wp-content\/uploads\/2020\/05\/O1CN01fOr5dg2IDSzRU7emh_2536909252-768x768.jpg 768w, https:\/\/cungtenhanoi.com\/wp-content\/uploads\/2020\/05\/O1CN01fOr5dg2IDSzRU7emh_2536909252-180x180.jpg 180w, https:\/\/cungtenhanoi.com\/wp-content\/uploads\/2020\/05\/O1CN01fOr5dg2IDSzRU7emh_2536909252-45x45.jpg 45w\" sizes=\"(max-width: 800px) 100vw, 800px\" \/> Tr\u1ea3i qua nhi\u1ec1u c\u1ea3i ti\u1ebfn G18 l\u00e0 1 ng\u01b0\u1eddi b\u1ea1n mang v\u1ebb \u0111\u1eb9p qu\u00e1 th\u1eddi gian nh\u01b0ng c\u0169ng kh\u00f4ng k\u00e9m ph\u1ea7n tinh t\u1ebf c\u1ee7a \u00e2m h\u01b0\u1edfng hi\u1ec7n \u0111\u1ea1i, b\u00f3ng b\u1ea9y, ho\u00e0n m\u1ef9 nh\u01b0ng c\u0169ng kh\u00f4ng k\u00e9m ph\u1ea7n &#8221; ng\u00f4ng&#8221; c\u1ee7a 1 k\u1ebb kinh qua nhi\u1ec1u th\u0103ng tr\u1ea7m c\u1ee7a l\u1ecbch s\u1eed m\u00e0 v\u1eabn ng\u1ed3i \u0111\u00e2y \u0111\u1ec3 ng\u1ea1o ngh\u1ec5.<br \/>\n<img loading=\"lazy\" class=\"aligncenter size-full wp-image-902\" src=\"https:\/\/cungtenhanoi.com\/wp-content\/uploads\/2020\/05\/O1CN01o58A6j2IDSzRU6mlc_2536909252.jpg\" alt=\"\" width=\"800\" height=\"800\" srcset=\"https:\/\/cungtenhanoi.com\/wp-content\/uploads\/2020\/05\/O1CN01o58A6j2IDSzRU6mlc_2536909252.jpg 800w, https:\/\/cungtenhanoi.com\/wp-content\/uploads\/2020\/05\/O1CN01o58A6j2IDSzRU6mlc_2536909252-300x300.jpg 300w, https:\/\/cungtenhanoi.com\/wp-content\/uploads\/2020\/05\/O1CN01o58A6j2IDSzRU6mlc_2536909252-100x100.jpg 100w, https:\/\/cungtenhanoi.com\/wp-content\/uploads\/2020\/05\/O1CN01o58A6j2IDSzRU6mlc_2536909252-600x600.jpg 600w, https:\/\/cungtenhanoi.com\/wp-content\/uploads\/2020\/05\/O1CN01o58A6j2IDSzRU6mlc_2536909252-64x64.jpg 64w\" sizes=\"(max-width: 800px) 100vw, 800px\" \/> <img loading=\"lazy\" class=\"aligncenter size-full wp-image-903\" src=\"https:\/\/cungtenhanoi.com\/wp-content\/uploads\/2020\/05\/O1CN01sF8ewZ2IDSzPYCq1H_2536909252.jpg\" alt=\"\" width=\"798\" height=\"634\" srcset=\"https:\/\/cungtenhanoi.com\/wp-content\/uploads\/2020\/05\/O1CN01sF8ewZ2IDSzPYCq1H_2536909252.jpg 798w, https:\/\/cungtenhanoi.com\/wp-content\/uploads\/2020\/05\/O1CN01sF8ewZ2IDSzPYCq1H_2536909252-600x477.jpg 600w, https:\/\/cungtenhanoi.com\/wp-content\/uploads\/2020\/05\/O1CN01sF8ewZ2IDSzPYCq1H_2536909252-64x51.jpg 64w\" sizes=\"(max-width: 798px) 100vw, 798px\" \/><\/p>\n","protected":false},"excerpt":{"rendered":"<p>Cung<\/p>\n<p>5 t\u00ean<\/p>\n<p>Tab<\/p>\n<p>Guarm<\/p>\n<p>Bia m\u1ee5c ti\u00eau<\/p>\n<p>Free ship to\u00e0n qu\u1ed1c<\/p>\n","protected":false},"featured_media":902,"comment_status":"open","ping_status":"closed","template":"","meta":[],"product_cat":[17],"product_tag":[198,200,267,316,264,315,94,168,197,203,204],"acf":[],"yoast_head":"<!-- This site is optimized with the Yoast SEO plugin v19.8 - https:\/\/yoast.com\/wordpress\/plugins\/seo\/ -->\n<title>Cung t\u00ean truy\u1ec1n th\u1ed1ng G-18 - Cung T\u00ean H\u00e0 N\u1ed9i<\/title>\n<meta name=\"description\" content=\"mua cung t\u00ean th\u1ec3 thao, mua cung t\u00ean t\u1ea1i h\u00e0 n\u1ed9i, cung tr\u1ee3 l\u1ef1c, cung compound, cung t\u00ean ch\u00ednh h\u00e3ng, cung t\u00ean m\u1ea1nh,cung t\u00ean h\u00e0 n\u1ed9i, cung t\u00ean , mua cung t\u00ean S\u00e0i g\u00f2n , mua m\u0169i t\u00ean b\u1eafn cung , cung b\u1eafn bi s\u1eaft , cung t\u00ean mini\" \/>\n<meta name=\"robots\" content=\"index, follow, max-snippet:-1, max-image-preview:large, max-video-preview:-1\" \/>\n<link rel=\"canonical\" href=\"https:\/\/cungtenhanoi.com\/?product=cung-ten-truyen-thong-g-18\" \/>\n<meta property=\"og:locale\" content=\"vi_VN\" \/>\n<meta property=\"og:type\" content=\"article\" \/>\n<meta property=\"og:title\" content=\"Cung t\u00ean truy\u1ec1n th\u1ed1ng G-18 - Cung T\u00ean H\u00e0 N\u1ed9i\" \/>\n<meta property=\"og:description\" content=\"mua cung t\u00ean th\u1ec3 thao, mua cung t\u00ean t\u1ea1i h\u00e0 n\u1ed9i, cung tr\u1ee3 l\u1ef1c, cung compound, cung t\u00ean ch\u00ednh h\u00e3ng, cung t\u00ean m\u1ea1nh,cung t\u00ean h\u00e0 n\u1ed9i, cung t\u00ean , mua cung t\u00ean S\u00e0i g\u00f2n , mua m\u0169i t\u00ean b\u1eafn cung , cung b\u1eafn bi s\u1eaft , cung t\u00ean mini\" \/>\n<meta property=\"og:url\" content=\"https:\/\/cungtenhanoi.com\/?product=cung-ten-truyen-thong-g-18\" \/>\n<meta property=\"og:site_name\" content=\"Cung T\u00ean H\u00e0 N\u1ed9i\" \/>\n<meta property=\"article:modified_time\" content=\"2021-06-17T10:31:57+00:00\" \/>\n<meta property=\"og:image\" content=\"https:\/\/cungtenhanoi.com\/wp-content\/uploads\/2020\/05\/O1CN01o58A6j2IDSzRU6mlc_2536909252.jpg\" \/>\n\t<meta property=\"og:image:width\" content=\"800\" \/>\n\t<meta property=\"og:image:height\" content=\"800\" \/>\n\t<meta property=\"og:image:type\" content=\"image\/jpeg\" \/>\n<meta name=\"twitter:card\" content=\"summary_large_image\" \/>\n<meta name=\"twitter:label1\" content=\"\u01af\u1edbc t\u00ednh th\u1eddi gian \u0111\u1ecdc\" \/>\n\t<meta name=\"twitter:data1\" content=\"2 ph\u00fat\" \/>\n<script type=\"application\/ld+json\" class=\"yoast-schema-graph\">{\"@context\":\"https:\/\/schema.org\",\"@graph\":[{\"@type\":\"WebPage\",\"@id\":\"https:\/\/cungtenhanoi.com\/?product=cung-ten-truyen-thong-g-18\",\"url\":\"https:\/\/cungtenhanoi.com\/?product=cung-ten-truyen-thong-g-18\",\"name\":\"Cung t\u00ean truy\u1ec1n th\u1ed1ng G-18 - Cung T\u00ean H\u00e0 N\u1ed9i\",\"isPartOf\":{\"@id\":\"https:\/\/cungtenhanoi.com\/#website\"},\"datePublished\":\"2020-05-30T09:45:16+00:00\",\"dateModified\":\"2021-06-17T10:31:57+00:00\",\"description\":\"mua cung t\u00ean th\u1ec3 thao, mua cung t\u00ean t\u1ea1i h\u00e0 n\u1ed9i, cung tr\u1ee3 l\u1ef1c, cung compound, cung t\u00ean ch\u00ednh h\u00e3ng, cung t\u00ean m\u1ea1nh,cung t\u00ean h\u00e0 n\u1ed9i, cung t\u00ean , mua cung t\u00ean S\u00e0i g\u00f2n , mua m\u0169i t\u00ean b\u1eafn cung , cung b\u1eafn bi s\u1eaft , cung t\u00ean mini\",\"breadcrumb\":{\"@id\":\"https:\/\/cungtenhanoi.com\/?product=cung-ten-truyen-thong-g-18#breadcrumb\"},\"inLanguage\":\"vi\",\"potentialAction\":[{\"@type\":\"ReadAction\",\"target\":[\"https:\/\/cungtenhanoi.com\/?product=cung-ten-truyen-thong-g-18\"]}]},{\"@type\":\"BreadcrumbList\",\"@id\":\"https:\/\/cungtenhanoi.com\/?product=cung-ten-truyen-thong-g-18#breadcrumb\",\"itemListElement\":[{\"@type\":\"ListItem\",\"position\":1,\"name\":\"Trang ch\u1ee7\",\"item\":\"https:\/\/cungtenhanoi.com\/\"},{\"@type\":\"ListItem\",\"position\":2,\"name\":\"Shop\",\"item\":\"https:\/\/cungtenhanoi.com\/?page_id=6\"},{\"@type\":\"ListItem\",\"position\":3,\"name\":\"Cung\",\"item\":\"https:\/\/cungtenhanoi.com\/danh-muc\/cung\/\"},{\"@type\":\"ListItem\",\"position\":4,\"name\":\"Cung t\u00ean truy\u1ec1n th\u1ed1ng G-18\"}]},{\"@type\":\"WebSite\",\"@id\":\"https:\/\/cungtenhanoi.com\/#website\",\"url\":\"https:\/\/cungtenhanoi.com\/\",\"name\":\"Cung T\u00ean H\u00e0 N\u1ed9i\",\"description\":\"Cung c\u1ea5p c\u00e1c lo\u1ea1i cung t\u00ean th\u1ec3 thao s\u1ed1 1 Vi\u1ec7t Nam\",\"publisher\":{\"@id\":\"https:\/\/cungtenhanoi.com\/#organization\"},\"potentialAction\":[{\"@type\":\"SearchAction\",\"target\":{\"@type\":\"EntryPoint\",\"urlTemplate\":\"https:\/\/cungtenhanoi.com\/?s={search_term_string}\"},\"query-input\":\"required name=search_term_string\"}],\"inLanguage\":\"vi\"},{\"@type\":\"Organization\",\"@id\":\"https:\/\/cungtenhanoi.com\/#organization\",\"name\":\"Cung T\u00ean H\u00e0 N\u1ed9i\",\"url\":\"https:\/\/cungtenhanoi.com\/\",\"sameAs\":[],\"logo\":{\"@type\":\"ImageObject\",\"inLanguage\":\"vi\",\"@id\":\"https:\/\/cungtenhanoi.com\/#\/schema\/logo\/image\/\",\"url\":\"https:\/\/cungtenhanoi.com\/wp-content\/uploads\/2025\/05\/logo-den-trang.jpg\",\"contentUrl\":\"https:\/\/cungtenhanoi.com\/wp-content\/uploads\/2025\/05\/logo-den-trang.jpg\",\"width\":450,\"height\":450,\"caption\":\"Cung T\u00ean H\u00e0 N\u1ed9i\"},\"image\":{\"@id\":\"https:\/\/cungtenhanoi.com\/#\/schema\/logo\/image\/\"}}]}<\/script>\n<!-- \/ Yoast SEO plugin. -->","yoast_head_json":{"title":"Cung t\u00ean truy\u1ec1n th\u1ed1ng G-18 - Cung T\u00ean H\u00e0 N\u1ed9i","description":"mua cung t\u00ean th\u1ec3 thao, mua cung t\u00ean t\u1ea1i h\u00e0 n\u1ed9i, cung tr\u1ee3 l\u1ef1c, cung compound, cung t\u00ean ch\u00ednh h\u00e3ng, cung t\u00ean m\u1ea1nh,cung t\u00ean h\u00e0 n\u1ed9i, cung t\u00ean , mua cung t\u00ean S\u00e0i g\u00f2n , mua m\u0169i t\u00ean b\u1eafn cung , cung b\u1eafn bi s\u1eaft , cung t\u00ean mini","robots":{"index":"index","follow":"follow","max-snippet":"max-snippet:-1","max-image-preview":"max-image-preview:large","max-video-preview":"max-video-preview:-1"},"canonical":"https:\/\/cungtenhanoi.com\/?product=cung-ten-truyen-thong-g-18","og_locale":"vi_VN","og_type":"article","og_title":"Cung t\u00ean truy\u1ec1n th\u1ed1ng G-18 - Cung T\u00ean H\u00e0 N\u1ed9i","og_description":"mua cung t\u00ean th\u1ec3 thao, mua cung t\u00ean t\u1ea1i h\u00e0 n\u1ed9i, cung tr\u1ee3 l\u1ef1c, cung compound, cung t\u00ean ch\u00ednh h\u00e3ng, cung t\u00ean m\u1ea1nh,cung t\u00ean h\u00e0 n\u1ed9i, cung t\u00ean , mua cung t\u00ean S\u00e0i g\u00f2n , mua m\u0169i t\u00ean b\u1eafn cung , cung b\u1eafn bi s\u1eaft , cung t\u00ean mini","og_url":"https:\/\/cungtenhanoi.com\/?product=cung-ten-truyen-thong-g-18","og_site_name":"Cung T\u00ean H\u00e0 N\u1ed9i","article_modified_time":"2021-06-17T10:31:57+00:00","og_image":[{"width":800,"height":800,"url":"https:\/\/cungtenhanoi.com\/wp-content\/uploads\/2020\/05\/O1CN01o58A6j2IDSzRU6mlc_2536909252.jpg","type":"image\/jpeg"}],"twitter_card":"summary_large_image","twitter_misc":{"\u01af\u1edbc t\u00ednh th\u1eddi gian \u0111\u1ecdc":"2 ph\u00fat"},"schema":{"@context":"https:\/\/schema.org","@graph":[{"@type":"WebPage","@id":"https:\/\/cungtenhanoi.com\/?product=cung-ten-truyen-thong-g-18","url":"https:\/\/cungtenhanoi.com\/?product=cung-ten-truyen-thong-g-18","name":"Cung t\u00ean truy\u1ec1n th\u1ed1ng G-18 - Cung T\u00ean H\u00e0 N\u1ed9i","isPartOf":{"@id":"https:\/\/cungtenhanoi.com\/#website"},"datePublished":"2020-05-30T09:45:16+00:00","dateModified":"2021-06-17T10:31:57+00:00","description":"mua cung t\u00ean th\u1ec3 thao, mua cung t\u00ean t\u1ea1i h\u00e0 n\u1ed9i, cung tr\u1ee3 l\u1ef1c, cung compound, cung t\u00ean ch\u00ednh h\u00e3ng, cung t\u00ean m\u1ea1nh,cung t\u00ean h\u00e0 n\u1ed9i, cung t\u00ean , mua cung t\u00ean S\u00e0i g\u00f2n , mua m\u0169i t\u00ean b\u1eafn cung , cung b\u1eafn bi s\u1eaft , cung t\u00ean mini","breadcrumb":{"@id":"https:\/\/cungtenhanoi.com\/?product=cung-ten-truyen-thong-g-18#breadcrumb"},"inLanguage":"vi","potentialAction":[{"@type":"ReadAction","target":["https:\/\/cungtenhanoi.com\/?product=cung-ten-truyen-thong-g-18"]}]},{"@type":"BreadcrumbList","@id":"https:\/\/cungtenhanoi.com\/?product=cung-ten-truyen-thong-g-18#breadcrumb","itemListElement":[{"@type":"ListItem","position":1,"name":"Trang ch\u1ee7","item":"https:\/\/cungtenhanoi.com\/"},{"@type":"ListItem","position":2,"name":"Shop","item":"https:\/\/cungtenhanoi.com\/?page_id=6"},{"@type":"ListItem","position":3,"name":"Cung","item":"https:\/\/cungtenhanoi.com\/danh-muc\/cung\/"},{"@type":"ListItem","position":4,"name":"Cung t\u00ean truy\u1ec1n th\u1ed1ng G-18"}]},{"@type":"WebSite","@id":"https:\/\/cungtenhanoi.com\/#website","url":"https:\/\/cungtenhanoi.com\/","name":"Cung T\u00ean H\u00e0 N\u1ed9i","description":"Cung c\u1ea5p c\u00e1c lo\u1ea1i cung t\u00ean th\u1ec3 thao s\u1ed1 1 Vi\u1ec7t Nam","publisher":{"@id":"https:\/\/cungtenhanoi.com\/#organization"},"potentialAction":[{"@type":"SearchAction","target":{"@type":"EntryPoint","urlTemplate":"https:\/\/cungtenhanoi.com\/?s={search_term_string}"},"query-input":"required name=search_term_string"}],"inLanguage":"vi"},{"@type":"Organization","@id":"https:\/\/cungtenhanoi.com\/#organization","name":"Cung T\u00ean H\u00e0 N\u1ed9i","url":"https:\/\/cungtenhanoi.com\/","sameAs":[],"logo":{"@type":"ImageObject","inLanguage":"vi","@id":"https:\/\/cungtenhanoi.com\/#\/schema\/logo\/image\/","url":"https:\/\/cungtenhanoi.com\/wp-content\/uploads\/2025\/05\/logo-den-trang.jpg","contentUrl":"https:\/\/cungtenhanoi.com\/wp-content\/uploads\/2025\/05\/logo-den-trang.jpg","width":450,"height":450,"caption":"Cung T\u00ean H\u00e0 N\u1ed9i"},"image":{"@id":"https:\/\/cungtenhanoi.com\/#\/schema\/logo\/image\/"}}]}},"_links":{"self":[{"href":"https:\/\/cungtenhanoi.com\/index.php?rest_route=\/wp\/v2\/product\/899"}],"collection":[{"href":"https:\/\/cungtenhanoi.com\/index.php?rest_route=\/wp\/v2\/product"}],"about":[{"href":"https:\/\/cungtenhanoi.com\/index.php?rest_route=\/wp\/v2\/types\/product"}],"replies":[{"embeddable":true,"href":"https:\/\/cungtenhanoi.com\/index.php?rest_route=%2Fwp%2Fv2%2Fcomments&post=899"}],"wp:featuredmedia":[{"embeddable":true,"href":"https:\/\/cungtenhanoi.com\/index.php?rest_route=\/wp\/v2\/media\/902"}],"wp:attachment":[{"href":"https:\/\/cungtenhanoi.com\/index.php?rest_route=%2Fwp%2Fv2%2Fmedia&parent=899"}],"wp:term":[{"taxonomy":"product_cat","embeddable":true,"href":"https:\/\/cungtenhanoi.com\/index.php?rest_route=%2Fwp%2Fv2%2Fproduct_cat&post=899"},{"taxonomy":"product_tag","embeddable":true,"href":"https:\/\/cungtenhanoi.com\/index.php?rest_route=%2Fwp%2Fv2%2Fproduct_tag&post=899"}],"curies":[{"name":"wp","href":"https:\/\/api.w.org\/{rel}","templated":true}]}}