{"id":941,"date":"2020-06-19T12:28:43","date_gmt":"2020-06-19T05:28:43","guid":{"rendered":"https:\/\/cungtenhanoi.com\/?post_type=product&#038;p=941"},"modified":"2022-12-08T19:42:09","modified_gmt":"2022-12-08T12:42:09","slug":"skysis-raptor","status":"publish","type":"product","link":"https:\/\/cungtenhanoi.com\/?product=skysis-raptor","title":{"rendered":"SkySis Raptor"},"content":{"rendered":"<p style=\"text-align: center;\">SkySir Raptor<br \/>\nMade in Canada<br \/>\n40-80lbs<br \/>\nB\u1eafn \u0111\u01b0\u1ee3c c\u1ea3 bi s\u1eaft v\u00e0 t\u00ean<br \/>\n<img loading=\"lazy\" class=\"aligncenter size-full wp-image-942\" src=\"https:\/\/cungtenhanoi.com\/wp-content\/uploads\/2020\/06\/IMG_6787.jpg\" alt=\"\" width=\"3456\" height=\"2304\" \/> <img loading=\"lazy\" class=\"aligncenter size-full wp-image-943\" src=\"https:\/\/cungtenhanoi.com\/wp-content\/uploads\/2020\/06\/IMG_6791-Copy.jpg\" alt=\"\" width=\"3456\" height=\"2304\" \/> <img loading=\"lazy\" class=\"aligncenter size-full wp-image-944\" src=\"https:\/\/cungtenhanoi.com\/wp-content\/uploads\/2020\/06\/IMG_6791.jpg\" alt=\"\" width=\"3456\" height=\"2304\" \/><img loading=\"lazy\" class=\"aligncenter size-full wp-image-946\" src=\"https:\/\/cungtenhanoi.com\/wp-content\/uploads\/2020\/06\/14302538_670307279786171_1612379709_n_2.jpg\" alt=\"\" width=\"960\" height=\"639\" srcset=\"https:\/\/cungtenhanoi.com\/wp-content\/uploads\/2020\/06\/14302538_670307279786171_1612379709_n_2.jpg 960w, https:\/\/cungtenhanoi.com\/wp-content\/uploads\/2020\/06\/14302538_670307279786171_1612379709_n_2-600x399.jpg 600w, https:\/\/cungtenhanoi.com\/wp-content\/uploads\/2020\/06\/14302538_670307279786171_1612379709_n_2-64x43.jpg 64w, https:\/\/cungtenhanoi.com\/wp-content\/uploads\/2020\/06\/14302538_670307279786171_1612379709_n_2-300x200.jpg 300w, https:\/\/cungtenhanoi.com\/wp-content\/uploads\/2020\/06\/14302538_670307279786171_1612379709_n_2-768x511.jpg 768w\" sizes=\"(max-width: 960px) 100vw, 960px\" \/> <img loading=\"lazy\" class=\"aligncenter size-full wp-image-947\" src=\"https:\/\/cungtenhanoi.com\/wp-content\/uploads\/2020\/06\/14302545_670308166452749_452262124_n.jpg\" alt=\"\" width=\"800\" height=\"520\" srcset=\"https:\/\/cungtenhanoi.com\/wp-content\/uploads\/2020\/06\/14302545_670308166452749_452262124_n.jpg 800w, https:\/\/cungtenhanoi.com\/wp-content\/uploads\/2020\/06\/14302545_670308166452749_452262124_n-600x390.jpg 600w, https:\/\/cungtenhanoi.com\/wp-content\/uploads\/2020\/06\/14302545_670308166452749_452262124_n-64x42.jpg 64w\" sizes=\"(max-width: 800px) 100vw, 800px\" \/><img loading=\"lazy\" class=\"aligncenter size-full wp-image-948\" src=\"https:\/\/cungtenhanoi.com\/wp-content\/uploads\/2020\/06\/TB2aB6nsVXXXXbpXpXXXXXXXXXX_409115327.jpg\" alt=\"\" width=\"750\" height=\"1125\" srcset=\"https:\/\/cungtenhanoi.com\/wp-content\/uploads\/2020\/06\/TB2aB6nsVXXXXbpXpXXXXXXXXXX_409115327.jpg 750w, https:\/\/cungtenhanoi.com\/wp-content\/uploads\/2020\/06\/TB2aB6nsVXXXXbpXpXXXXXXXXXX_409115327-600x900.jpg 600w, https:\/\/cungtenhanoi.com\/wp-content\/uploads\/2020\/06\/TB2aB6nsVXXXXbpXpXXXXXXXXXX_409115327-64x96.jpg 64w, https:\/\/cungtenhanoi.com\/wp-content\/uploads\/2020\/06\/TB2aB6nsVXXXXbpXpXXXXXXXXXX_409115327-200x300.jpg 200w, https:\/\/cungtenhanoi.com\/wp-content\/uploads\/2020\/06\/TB2aB6nsVXXXXbpXpXXXXXXXXXX_409115327-683x1024.jpg 683w\" sizes=\"(max-width: 750px) 100vw, 750px\" \/> <img loading=\"lazy\" class=\"aligncenter size-full wp-image-949\" src=\"https:\/\/cungtenhanoi.com\/wp-content\/uploads\/2020\/06\/TB2BEx5tFXXXXaiXpXXXXXXXXXX_49005601.jpg\" alt=\"\" width=\"900\" height=\"600\" srcset=\"https:\/\/cungtenhanoi.com\/wp-content\/uploads\/2020\/06\/TB2BEx5tFXXXXaiXpXXXXXXXXXX_49005601.jpg 900w, https:\/\/cungtenhanoi.com\/wp-content\/uploads\/2020\/06\/TB2BEx5tFXXXXaiXpXXXXXXXXXX_49005601-600x400.jpg 600w, https:\/\/cungtenhanoi.com\/wp-content\/uploads\/2020\/06\/TB2BEx5tFXXXXaiXpXXXXXXXXXX_49005601-64x43.jpg 64w, https:\/\/cungtenhanoi.com\/wp-content\/uploads\/2020\/06\/TB2BEx5tFXXXXaiXpXXXXXXXXXX_49005601-300x200.jpg 300w, https:\/\/cungtenhanoi.com\/wp-content\/uploads\/2020\/06\/TB2BEx5tFXXXXaiXpXXXXXXXXXX_49005601-768x512.jpg 768w\" sizes=\"(max-width: 900px) 100vw, 900px\" \/> <img loading=\"lazy\" class=\"aligncenter size-full wp-image-950\" src=\"https:\/\/cungtenhanoi.com\/wp-content\/uploads\/2020\/06\/TB2cVHBsVXXXXX3XpXXXXXXXXXX_409115327.jpg\" alt=\"\" width=\"750\" height=\"500\" srcset=\"https:\/\/cungtenhanoi.com\/wp-content\/uploads\/2020\/06\/TB2cVHBsVXXXXX3XpXXXXXXXXXX_409115327.jpg 750w, https:\/\/cungtenhanoi.com\/wp-content\/uploads\/2020\/06\/TB2cVHBsVXXXXX3XpXXXXXXXXXX_409115327-600x400.jpg 600w, https:\/\/cungtenhanoi.com\/wp-content\/uploads\/2020\/06\/TB2cVHBsVXXXXX3XpXXXXXXXXXX_409115327-64x43.jpg 64w\" sizes=\"(max-width: 750px) 100vw, 750px\" \/><\/p>\n","protected":false},"excerpt":{"rendered":"<p>Full option<br \/>\nCung<br \/>\n10 t\u00ean cacbon<br \/>\nTh\u01b0\u1edbc ng\u1eafm<br \/>\nCh\u1ed1ng rung<br \/>\nH\u1ed9p \u0111\u1ef1ng cung cao c\u1ea5p<br \/>\nK\u00ecm b\u1eafn<br \/>\nBia m\u1ee5c ti\u00eau<br \/>\nGuarm<br \/>\nFree ship to\u00e0n qu\u1ed1c<\/p>\n","protected":false},"featured_media":950,"comment_status":"open","ping_status":"closed","template":"","meta":[],"product_cat":[17],"product_tag":[],"acf":[],"yoast_head":"<!-- This site is optimized with the Yoast SEO plugin v19.8 - https:\/\/yoast.com\/wordpress\/plugins\/seo\/ -->\n<title>SkySis Raptor - Cung T\u00ean H\u00e0 N\u1ed9i<\/title>\n<meta name=\"description\" content=\"mua cung t\u00ean th\u1ec3 thao, mua cung t\u00ean t\u1ea1i h\u00e0 n\u1ed9i, cung tr\u1ee3 l\u1ef1c, cung compound, cung t\u00ean ch\u00ednh h\u00e3ng, cung t\u00ean m\u1ea1nh,cung t\u00ean h\u00e0 n\u1ed9i, cung t\u00ean , mua cung t\u00ean S\u00e0i g\u00f2n , mua m\u0169i t\u00ean b\u1eafn cung , cung b\u1eafn bi s\u1eaft , cung t\u00ean mini\" \/>\n<meta name=\"robots\" content=\"index, follow, max-snippet:-1, max-image-preview:large, max-video-preview:-1\" \/>\n<link rel=\"canonical\" href=\"https:\/\/cungtenhanoi.com\/?product=skysis-raptor\" \/>\n<meta property=\"og:locale\" content=\"vi_VN\" \/>\n<meta property=\"og:type\" content=\"article\" \/>\n<meta property=\"og:title\" content=\"SkySis Raptor - Cung T\u00ean H\u00e0 N\u1ed9i\" \/>\n<meta property=\"og:description\" content=\"mua cung t\u00ean th\u1ec3 thao, mua cung t\u00ean t\u1ea1i h\u00e0 n\u1ed9i, cung tr\u1ee3 l\u1ef1c, cung compound, cung t\u00ean ch\u00ednh h\u00e3ng, cung t\u00ean m\u1ea1nh,cung t\u00ean h\u00e0 n\u1ed9i, cung t\u00ean , mua cung t\u00ean S\u00e0i g\u00f2n , mua m\u0169i t\u00ean b\u1eafn cung , cung b\u1eafn bi s\u1eaft , cung t\u00ean mini\" \/>\n<meta property=\"og:url\" content=\"https:\/\/cungtenhanoi.com\/?product=skysis-raptor\" \/>\n<meta property=\"og:site_name\" content=\"Cung T\u00ean H\u00e0 N\u1ed9i\" \/>\n<meta property=\"article:modified_time\" content=\"2022-12-08T12:42:09+00:00\" \/>\n<meta property=\"og:image\" content=\"https:\/\/cungtenhanoi.com\/wp-content\/uploads\/2020\/06\/TB2cVHBsVXXXXX3XpXXXXXXXXXX_409115327.jpg\" \/>\n\t<meta property=\"og:image:width\" content=\"750\" \/>\n\t<meta property=\"og:image:height\" content=\"500\" \/>\n\t<meta property=\"og:image:type\" content=\"image\/jpeg\" \/>\n<meta name=\"twitter:card\" content=\"summary_large_image\" \/>\n<script type=\"application\/ld+json\" class=\"yoast-schema-graph\">{\"@context\":\"https:\/\/schema.org\",\"@graph\":[{\"@type\":\"WebPage\",\"@id\":\"https:\/\/cungtenhanoi.com\/?product=skysis-raptor\",\"url\":\"https:\/\/cungtenhanoi.com\/?product=skysis-raptor\",\"name\":\"SkySis Raptor - Cung T\u00ean H\u00e0 N\u1ed9i\",\"isPartOf\":{\"@id\":\"https:\/\/cungtenhanoi.com\/#website\"},\"datePublished\":\"2020-06-19T05:28:43+00:00\",\"dateModified\":\"2022-12-08T12:42:09+00:00\",\"description\":\"mua cung t\u00ean th\u1ec3 thao, mua cung t\u00ean t\u1ea1i h\u00e0 n\u1ed9i, cung tr\u1ee3 l\u1ef1c, cung compound, cung t\u00ean ch\u00ednh h\u00e3ng, cung t\u00ean m\u1ea1nh,cung t\u00ean h\u00e0 n\u1ed9i, cung t\u00ean , mua cung t\u00ean S\u00e0i g\u00f2n , mua m\u0169i t\u00ean b\u1eafn cung , cung b\u1eafn bi s\u1eaft , cung t\u00ean mini\",\"breadcrumb\":{\"@id\":\"https:\/\/cungtenhanoi.com\/?product=skysis-raptor#breadcrumb\"},\"inLanguage\":\"vi\",\"potentialAction\":[{\"@type\":\"ReadAction\",\"target\":[\"https:\/\/cungtenhanoi.com\/?product=skysis-raptor\"]}]},{\"@type\":\"BreadcrumbList\",\"@id\":\"https:\/\/cungtenhanoi.com\/?product=skysis-raptor#breadcrumb\",\"itemListElement\":[{\"@type\":\"ListItem\",\"position\":1,\"name\":\"Trang ch\u1ee7\",\"item\":\"https:\/\/cungtenhanoi.com\/\"},{\"@type\":\"ListItem\",\"position\":2,\"name\":\"Shop\",\"item\":\"https:\/\/cungtenhanoi.com\/?page_id=6\"},{\"@type\":\"ListItem\",\"position\":3,\"name\":\"Cung\",\"item\":\"https:\/\/cungtenhanoi.com\/danh-muc\/cung\/\"},{\"@type\":\"ListItem\",\"position\":4,\"name\":\"SkySis Raptor\"}]},{\"@type\":\"WebSite\",\"@id\":\"https:\/\/cungtenhanoi.com\/#website\",\"url\":\"https:\/\/cungtenhanoi.com\/\",\"name\":\"Cung T\u00ean H\u00e0 N\u1ed9i\",\"description\":\"Cung c\u1ea5p c\u00e1c lo\u1ea1i cung t\u00ean th\u1ec3 thao s\u1ed1 1 Vi\u1ec7t Nam\",\"publisher\":{\"@id\":\"https:\/\/cungtenhanoi.com\/#organization\"},\"potentialAction\":[{\"@type\":\"SearchAction\",\"target\":{\"@type\":\"EntryPoint\",\"urlTemplate\":\"https:\/\/cungtenhanoi.com\/?s={search_term_string}\"},\"query-input\":\"required name=search_term_string\"}],\"inLanguage\":\"vi\"},{\"@type\":\"Organization\",\"@id\":\"https:\/\/cungtenhanoi.com\/#organization\",\"name\":\"Cung T\u00ean H\u00e0 N\u1ed9i\",\"url\":\"https:\/\/cungtenhanoi.com\/\",\"sameAs\":[],\"logo\":{\"@type\":\"ImageObject\",\"inLanguage\":\"vi\",\"@id\":\"https:\/\/cungtenhanoi.com\/#\/schema\/logo\/image\/\",\"url\":\"https:\/\/cungtenhanoi.com\/wp-content\/uploads\/2025\/05\/logo-den-trang.jpg\",\"contentUrl\":\"https:\/\/cungtenhanoi.com\/wp-content\/uploads\/2025\/05\/logo-den-trang.jpg\",\"width\":450,\"height\":450,\"caption\":\"Cung T\u00ean H\u00e0 N\u1ed9i\"},\"image\":{\"@id\":\"https:\/\/cungtenhanoi.com\/#\/schema\/logo\/image\/\"}}]}<\/script>\n<!-- \/ Yoast SEO plugin. -->","yoast_head_json":{"title":"SkySis Raptor - Cung T\u00ean H\u00e0 N\u1ed9i","description":"mua cung t\u00ean th\u1ec3 thao, mua cung t\u00ean t\u1ea1i h\u00e0 n\u1ed9i, cung tr\u1ee3 l\u1ef1c, cung compound, cung t\u00ean ch\u00ednh h\u00e3ng, cung t\u00ean m\u1ea1nh,cung t\u00ean h\u00e0 n\u1ed9i, cung t\u00ean , mua cung t\u00ean S\u00e0i g\u00f2n , mua m\u0169i t\u00ean b\u1eafn cung , cung b\u1eafn bi s\u1eaft , cung t\u00ean mini","robots":{"index":"index","follow":"follow","max-snippet":"max-snippet:-1","max-image-preview":"max-image-preview:large","max-video-preview":"max-video-preview:-1"},"canonical":"https:\/\/cungtenhanoi.com\/?product=skysis-raptor","og_locale":"vi_VN","og_type":"article","og_title":"SkySis Raptor - Cung T\u00ean H\u00e0 N\u1ed9i","og_description":"mua cung t\u00ean th\u1ec3 thao, mua cung t\u00ean t\u1ea1i h\u00e0 n\u1ed9i, cung tr\u1ee3 l\u1ef1c, cung compound, cung t\u00ean ch\u00ednh h\u00e3ng, cung t\u00ean m\u1ea1nh,cung t\u00ean h\u00e0 n\u1ed9i, cung t\u00ean , mua cung t\u00ean S\u00e0i g\u00f2n , mua m\u0169i t\u00ean b\u1eafn cung , cung b\u1eafn bi s\u1eaft , cung t\u00ean mini","og_url":"https:\/\/cungtenhanoi.com\/?product=skysis-raptor","og_site_name":"Cung T\u00ean H\u00e0 N\u1ed9i","article_modified_time":"2022-12-08T12:42:09+00:00","og_image":[{"width":750,"height":500,"url":"https:\/\/cungtenhanoi.com\/wp-content\/uploads\/2020\/06\/TB2cVHBsVXXXXX3XpXXXXXXXXXX_409115327.jpg","type":"image\/jpeg"}],"twitter_card":"summary_large_image","schema":{"@context":"https:\/\/schema.org","@graph":[{"@type":"WebPage","@id":"https:\/\/cungtenhanoi.com\/?product=skysis-raptor","url":"https:\/\/cungtenhanoi.com\/?product=skysis-raptor","name":"SkySis Raptor - Cung T\u00ean H\u00e0 N\u1ed9i","isPartOf":{"@id":"https:\/\/cungtenhanoi.com\/#website"},"datePublished":"2020-06-19T05:28:43+00:00","dateModified":"2022-12-08T12:42:09+00:00","description":"mua cung t\u00ean th\u1ec3 thao, mua cung t\u00ean t\u1ea1i h\u00e0 n\u1ed9i, cung tr\u1ee3 l\u1ef1c, cung compound, cung t\u00ean ch\u00ednh h\u00e3ng, cung t\u00ean m\u1ea1nh,cung t\u00ean h\u00e0 n\u1ed9i, cung t\u00ean , mua cung t\u00ean S\u00e0i g\u00f2n , mua m\u0169i t\u00ean b\u1eafn cung , cung b\u1eafn bi s\u1eaft , cung t\u00ean mini","breadcrumb":{"@id":"https:\/\/cungtenhanoi.com\/?product=skysis-raptor#breadcrumb"},"inLanguage":"vi","potentialAction":[{"@type":"ReadAction","target":["https:\/\/cungtenhanoi.com\/?product=skysis-raptor"]}]},{"@type":"BreadcrumbList","@id":"https:\/\/cungtenhanoi.com\/?product=skysis-raptor#breadcrumb","itemListElement":[{"@type":"ListItem","position":1,"name":"Trang ch\u1ee7","item":"https:\/\/cungtenhanoi.com\/"},{"@type":"ListItem","position":2,"name":"Shop","item":"https:\/\/cungtenhanoi.com\/?page_id=6"},{"@type":"ListItem","position":3,"name":"Cung","item":"https:\/\/cungtenhanoi.com\/danh-muc\/cung\/"},{"@type":"ListItem","position":4,"name":"SkySis Raptor"}]},{"@type":"WebSite","@id":"https:\/\/cungtenhanoi.com\/#website","url":"https:\/\/cungtenhanoi.com\/","name":"Cung T\u00ean H\u00e0 N\u1ed9i","description":"Cung c\u1ea5p c\u00e1c lo\u1ea1i cung t\u00ean th\u1ec3 thao s\u1ed1 1 Vi\u1ec7t Nam","publisher":{"@id":"https:\/\/cungtenhanoi.com\/#organization"},"potentialAction":[{"@type":"SearchAction","target":{"@type":"EntryPoint","urlTemplate":"https:\/\/cungtenhanoi.com\/?s={search_term_string}"},"query-input":"required name=search_term_string"}],"inLanguage":"vi"},{"@type":"Organization","@id":"https:\/\/cungtenhanoi.com\/#organization","name":"Cung T\u00ean H\u00e0 N\u1ed9i","url":"https:\/\/cungtenhanoi.com\/","sameAs":[],"logo":{"@type":"ImageObject","inLanguage":"vi","@id":"https:\/\/cungtenhanoi.com\/#\/schema\/logo\/image\/","url":"https:\/\/cungtenhanoi.com\/wp-content\/uploads\/2025\/05\/logo-den-trang.jpg","contentUrl":"https:\/\/cungtenhanoi.com\/wp-content\/uploads\/2025\/05\/logo-den-trang.jpg","width":450,"height":450,"caption":"Cung T\u00ean H\u00e0 N\u1ed9i"},"image":{"@id":"https:\/\/cungtenhanoi.com\/#\/schema\/logo\/image\/"}}]}},"_links":{"self":[{"href":"https:\/\/cungtenhanoi.com\/index.php?rest_route=\/wp\/v2\/product\/941"}],"collection":[{"href":"https:\/\/cungtenhanoi.com\/index.php?rest_route=\/wp\/v2\/product"}],"about":[{"href":"https:\/\/cungtenhanoi.com\/index.php?rest_route=\/wp\/v2\/types\/product"}],"replies":[{"embeddable":true,"href":"https:\/\/cungtenhanoi.com\/index.php?rest_route=%2Fwp%2Fv2%2Fcomments&post=941"}],"wp:featuredmedia":[{"embeddable":true,"href":"https:\/\/cungtenhanoi.com\/index.php?rest_route=\/wp\/v2\/media\/950"}],"wp:attachment":[{"href":"https:\/\/cungtenhanoi.com\/index.php?rest_route=%2Fwp%2Fv2%2Fmedia&parent=941"}],"wp:term":[{"taxonomy":"product_cat","embeddable":true,"href":"https:\/\/cungtenhanoi.com\/index.php?rest_route=%2Fwp%2Fv2%2Fproduct_cat&post=941"},{"taxonomy":"product_tag","embeddable":true,"href":"https:\/\/cungtenhanoi.com\/index.php?rest_route=%2Fwp%2Fv2%2Fproduct_tag&post=941"}],"curies":[{"name":"wp","href":"https:\/\/api.w.org\/{rel}","templated":true}]}}