{"id":951,"date":"2020-06-29T14:36:58","date_gmt":"2020-06-29T07:36:58","guid":{"rendered":"https:\/\/cungtenhanoi.com\/?post_type=product&#038;p=951"},"modified":"2020-06-29T14:37:22","modified_gmt":"2020-06-29T07:37:22","slug":"951","status":"publish","type":"product","link":"https:\/\/cungtenhanoi.com\/?product=951","title":{"rendered":"Hoyt RX1- Tubo"},"content":{"rendered":"<div class=\"responsive-table-row-head single\">\n<div>\n<h2 style=\"text-align: center;\">CARBON RX- TURBO<\/h2>\n<\/div>\n<\/div>\n<div class=\"responsive-table-row\">\n<div class=\"row-head\" style=\"text-align: center;\">FPS (ATA)<\/div>\n<div style=\"text-align: center;\">350<\/div>\n<\/div>\n<div class=\"responsive-table-row\" style=\"text-align: center;\">\n<div class=\"row-head\">AXLE-TO-AXLE<\/div>\n<div>31&#8243;<\/div>\n<\/div>\n<div class=\"responsive-table-row\" style=\"text-align: center;\">\n<div class=\"row-head\">BRACE HEIGHT<\/div>\n<div>5<span class=\"frac\">\u215e<\/span>&#8220;<\/div>\n<\/div>\n<div class=\"responsive-table-row\" style=\"text-align: center;\">\n<div class=\"row-head\">MASS WEIGHT<\/div>\n<div>4.0 LBS<\/div>\n<\/div>\n<div class=\"responsive-table-row\" style=\"text-align: center;\">\n<div class=\"row-head\">CAM<\/div>\n<div>ZT TURBO PRO<\/div>\n<\/div>\n<div class=\"responsive-table-row\" style=\"text-align: center;\">\n<div class=\"row-head\">DRAW LENGTHS<\/div>\n<div>26-28&#8243;, 28-30&#8243;<\/div>\n<\/div>\n<div class=\"responsive-table-row\">\n<div class=\"row-head\" style=\"text-align: center;\">DRAW WEIGHTS<\/div>\n<div style=\"text-align: center;\">30-40#, 40-50#, 50-60#, 55-65#, 60-70#<\/div>\n<\/div>\n<p><img loading=\"lazy\" class=\"aligncenter size-full wp-image-952\" src=\"https:\/\/cungtenhanoi.com\/wp-content\/uploads\/2020\/06\/TB1LN1vcAfb_uJjSsD4XXaqiFXa_0-item_pic.jpg\" alt=\"\" width=\"1700\" height=\"1700\" srcset=\"https:\/\/cungtenhanoi.com\/wp-content\/uploads\/2020\/06\/TB1LN1vcAfb_uJjSsD4XXaqiFXa_0-item_pic.jpg 1700w, https:\/\/cungtenhanoi.com\/wp-content\/uploads\/2020\/06\/TB1LN1vcAfb_uJjSsD4XXaqiFXa_0-item_pic-300x300.jpg 300w, https:\/\/cungtenhanoi.com\/wp-content\/uploads\/2020\/06\/TB1LN1vcAfb_uJjSsD4XXaqiFXa_0-item_pic-100x100.jpg 100w, https:\/\/cungtenhanoi.com\/wp-content\/uploads\/2020\/06\/TB1LN1vcAfb_uJjSsD4XXaqiFXa_0-item_pic-600x600.jpg 600w, https:\/\/cungtenhanoi.com\/wp-content\/uploads\/2020\/06\/TB1LN1vcAfb_uJjSsD4XXaqiFXa_0-item_pic-64x64.jpg 64w\" sizes=\"(max-width: 1700px) 100vw, 1700px\" \/> <img loading=\"lazy\" class=\"aligncenter size-full wp-image-953\" src=\"https:\/\/cungtenhanoi.com\/wp-content\/uploads\/2020\/06\/TB2fOKbiRDH8KJjy1zeXXXjepXa_2913260414.png\" alt=\"\" width=\"383\" height=\"262\" srcset=\"https:\/\/cungtenhanoi.com\/wp-content\/uploads\/2020\/06\/TB2fOKbiRDH8KJjy1zeXXXjepXa_2913260414.png 383w, https:\/\/cungtenhanoi.com\/wp-content\/uploads\/2020\/06\/TB2fOKbiRDH8KJjy1zeXXXjepXa_2913260414-64x44.png 64w, https:\/\/cungtenhanoi.com\/wp-content\/uploads\/2020\/06\/TB2fOKbiRDH8KJjy1zeXXXjepXa_2913260414-300x205.png 300w\" sizes=\"(max-width: 383px) 100vw, 383px\" \/> <img loading=\"lazy\" class=\"aligncenter size-full wp-image-954\" src=\"https:\/\/cungtenhanoi.com\/wp-content\/uploads\/2020\/06\/TB2n9AWiZnI8KJjSsziXXb8QpXa_494784107.jpg\" alt=\"\" width=\"1700\" height=\"1700\" srcset=\"https:\/\/cungtenhanoi.com\/wp-content\/uploads\/2020\/06\/TB2n9AWiZnI8KJjSsziXXb8QpXa_494784107.jpg 1700w, https:\/\/cungtenhanoi.com\/wp-content\/uploads\/2020\/06\/TB2n9AWiZnI8KJjSsziXXb8QpXa_494784107-300x300.jpg 300w, https:\/\/cungtenhanoi.com\/wp-content\/uploads\/2020\/06\/TB2n9AWiZnI8KJjSsziXXb8QpXa_494784107-100x100.jpg 100w, https:\/\/cungtenhanoi.com\/wp-content\/uploads\/2020\/06\/TB2n9AWiZnI8KJjSsziXXb8QpXa_494784107-600x600.jpg 600w, https:\/\/cungtenhanoi.com\/wp-content\/uploads\/2020\/06\/TB2n9AWiZnI8KJjSsziXXb8QpXa_494784107-64x64.jpg 64w\" sizes=\"(max-width: 1700px) 100vw, 1700px\" \/> <img loading=\"lazy\" class=\"aligncenter size-full wp-image-955\" src=\"https:\/\/cungtenhanoi.com\/wp-content\/uploads\/2020\/06\/TB2sDusbnCWBKNjSZFtXXaC3FXa_2913260414.jpg\" alt=\"\" width=\"1920\" height=\"1920\" srcset=\"https:\/\/cungtenhanoi.com\/wp-content\/uploads\/2020\/06\/TB2sDusbnCWBKNjSZFtXXaC3FXa_2913260414.jpg 1920w, https:\/\/cungtenhanoi.com\/wp-content\/uploads\/2020\/06\/TB2sDusbnCWBKNjSZFtXXaC3FXa_2913260414-300x300.jpg 300w, https:\/\/cungtenhanoi.com\/wp-content\/uploads\/2020\/06\/TB2sDusbnCWBKNjSZFtXXaC3FXa_2913260414-100x100.jpg 100w, https:\/\/cungtenhanoi.com\/wp-content\/uploads\/2020\/06\/TB2sDusbnCWBKNjSZFtXXaC3FXa_2913260414-600x600.jpg 600w, https:\/\/cungtenhanoi.com\/wp-content\/uploads\/2020\/06\/TB2sDusbnCWBKNjSZFtXXaC3FXa_2913260414-64x64.jpg 64w, https:\/\/cungtenhanoi.com\/wp-content\/uploads\/2020\/06\/TB2sDusbnCWBKNjSZFtXXaC3FXa_2913260414-150x150.jpg 150w, https:\/\/cungtenhanoi.com\/wp-content\/uploads\/2020\/06\/TB2sDusbnCWBKNjSZFtXXaC3FXa_2913260414-768x768.jpg 768w, https:\/\/cungtenhanoi.com\/wp-content\/uploads\/2020\/06\/TB2sDusbnCWBKNjSZFtXXaC3FXa_2913260414-1024x1024.jpg 1024w, https:\/\/cungtenhanoi.com\/wp-content\/uploads\/2020\/06\/TB2sDusbnCWBKNjSZFtXXaC3FXa_2913260414-180x180.jpg 180w, https:\/\/cungtenhanoi.com\/wp-content\/uploads\/2020\/06\/TB2sDusbnCWBKNjSZFtXXaC3FXa_2913260414-45x45.jpg 45w\" sizes=\"(max-width: 1920px) 100vw, 1920px\" \/> <img loading=\"lazy\" class=\"aligncenter size-full wp-image-956\" src=\"https:\/\/cungtenhanoi.com\/wp-content\/uploads\/2020\/06\/TB2XZOtdH1YBuNjSszhXXcUsFXa_2913260414-1.jpg\" alt=\"\" width=\"1920\" height=\"1920\" srcset=\"https:\/\/cungtenhanoi.com\/wp-content\/uploads\/2020\/06\/TB2XZOtdH1YBuNjSszhXXcUsFXa_2913260414-1.jpg 1920w, https:\/\/cungtenhanoi.com\/wp-content\/uploads\/2020\/06\/TB2XZOtdH1YBuNjSszhXXcUsFXa_2913260414-1-300x300.jpg 300w, https:\/\/cungtenhanoi.com\/wp-content\/uploads\/2020\/06\/TB2XZOtdH1YBuNjSszhXXcUsFXa_2913260414-1-100x100.jpg 100w, https:\/\/cungtenhanoi.com\/wp-content\/uploads\/2020\/06\/TB2XZOtdH1YBuNjSszhXXcUsFXa_2913260414-1-600x600.jpg 600w, https:\/\/cungtenhanoi.com\/wp-content\/uploads\/2020\/06\/TB2XZOtdH1YBuNjSszhXXcUsFXa_2913260414-1-64x64.jpg 64w, https:\/\/cungtenhanoi.com\/wp-content\/uploads\/2020\/06\/TB2XZOtdH1YBuNjSszhXXcUsFXa_2913260414-1-150x150.jpg 150w, https:\/\/cungtenhanoi.com\/wp-content\/uploads\/2020\/06\/TB2XZOtdH1YBuNjSszhXXcUsFXa_2913260414-1-768x768.jpg 768w, https:\/\/cungtenhanoi.com\/wp-content\/uploads\/2020\/06\/TB2XZOtdH1YBuNjSszhXXcUsFXa_2913260414-1-1024x1024.jpg 1024w, https:\/\/cungtenhanoi.com\/wp-content\/uploads\/2020\/06\/TB2XZOtdH1YBuNjSszhXXcUsFXa_2913260414-1-180x180.jpg 180w, https:\/\/cungtenhanoi.com\/wp-content\/uploads\/2020\/06\/TB2XZOtdH1YBuNjSszhXXcUsFXa_2913260414-1-45x45.jpg 45w\" sizes=\"(max-width: 1920px) 100vw, 1920px\" \/> <img loading=\"lazy\" class=\"aligncenter size-full wp-image-957\" src=\"https:\/\/cungtenhanoi.com\/wp-content\/uploads\/2020\/06\/TB20rexczgy_uJjSZPxXXanNpXa_494784107-1.jpg\" alt=\"\" width=\"1700\" height=\"1700\" srcset=\"https:\/\/cungtenhanoi.com\/wp-content\/uploads\/2020\/06\/TB20rexczgy_uJjSZPxXXanNpXa_494784107-1.jpg 1700w, https:\/\/cungtenhanoi.com\/wp-content\/uploads\/2020\/06\/TB20rexczgy_uJjSZPxXXanNpXa_494784107-1-300x300.jpg 300w, https:\/\/cungtenhanoi.com\/wp-content\/uploads\/2020\/06\/TB20rexczgy_uJjSZPxXXanNpXa_494784107-1-100x100.jpg 100w, https:\/\/cungtenhanoi.com\/wp-content\/uploads\/2020\/06\/TB20rexczgy_uJjSZPxXXanNpXa_494784107-1-600x600.jpg 600w, https:\/\/cungtenhanoi.com\/wp-content\/uploads\/2020\/06\/TB20rexczgy_uJjSZPxXXanNpXa_494784107-1-64x64.jpg 64w, https:\/\/cungtenhanoi.com\/wp-content\/uploads\/2020\/06\/TB20rexczgy_uJjSZPxXXanNpXa_494784107-1-150x150.jpg 150w, https:\/\/cungtenhanoi.com\/wp-content\/uploads\/2020\/06\/TB20rexczgy_uJjSZPxXXanNpXa_494784107-1-768x768.jpg 768w, https:\/\/cungtenhanoi.com\/wp-content\/uploads\/2020\/06\/TB20rexczgy_uJjSZPxXXanNpXa_494784107-1-1024x1024.jpg 1024w, https:\/\/cungtenhanoi.com\/wp-content\/uploads\/2020\/06\/TB20rexczgy_uJjSZPxXXanNpXa_494784107-1-180x180.jpg 180w, https:\/\/cungtenhanoi.com\/wp-content\/uploads\/2020\/06\/TB20rexczgy_uJjSZPxXXanNpXa_494784107-1-45x45.jpg 45w\" sizes=\"(max-width: 1700px) 100vw, 1700px\" \/> <img loading=\"lazy\" class=\"aligncenter size-full wp-image-958\" src=\"https:\/\/cungtenhanoi.com\/wp-content\/uploads\/2020\/06\/TB25o5BdN9YBuNjy0FfXXXIsVXa_2913260414.jpg\" alt=\"\" width=\"1920\" height=\"1920\" srcset=\"https:\/\/cungtenhanoi.com\/wp-content\/uploads\/2020\/06\/TB25o5BdN9YBuNjy0FfXXXIsVXa_2913260414.jpg 1920w, https:\/\/cungtenhanoi.com\/wp-content\/uploads\/2020\/06\/TB25o5BdN9YBuNjy0FfXXXIsVXa_2913260414-300x300.jpg 300w, https:\/\/cungtenhanoi.com\/wp-content\/uploads\/2020\/06\/TB25o5BdN9YBuNjy0FfXXXIsVXa_2913260414-100x100.jpg 100w, https:\/\/cungtenhanoi.com\/wp-content\/uploads\/2020\/06\/TB25o5BdN9YBuNjy0FfXXXIsVXa_2913260414-600x600.jpg 600w, https:\/\/cungtenhanoi.com\/wp-content\/uploads\/2020\/06\/TB25o5BdN9YBuNjy0FfXXXIsVXa_2913260414-64x64.jpg 64w, https:\/\/cungtenhanoi.com\/wp-content\/uploads\/2020\/06\/TB25o5BdN9YBuNjy0FfXXXIsVXa_2913260414-150x150.jpg 150w, https:\/\/cungtenhanoi.com\/wp-content\/uploads\/2020\/06\/TB25o5BdN9YBuNjy0FfXXXIsVXa_2913260414-768x768.jpg 768w, https:\/\/cungtenhanoi.com\/wp-content\/uploads\/2020\/06\/TB25o5BdN9YBuNjy0FfXXXIsVXa_2913260414-1024x1024.jpg 1024w, https:\/\/cungtenhanoi.com\/wp-content\/uploads\/2020\/06\/TB25o5BdN9YBuNjy0FfXXXIsVXa_2913260414-180x180.jpg 180w, https:\/\/cungtenhanoi.com\/wp-content\/uploads\/2020\/06\/TB25o5BdN9YBuNjy0FfXXXIsVXa_2913260414-45x45.jpg 45w\" sizes=\"(max-width: 1920px) 100vw, 1920px\" \/><\/p>\n","protected":false},"excerpt":{"rendered":"<p>Gi\u00e1 B\u00e1n: Li\u00ean h\u1ec7<\/p>\n","protected":false},"featured_media":952,"comment_status":"open","ping_status":"closed","template":"","meta":[],"product_cat":[36,17],"product_tag":[200,34,168,40,214,56],"acf":[],"yoast_head":"<!-- This site is optimized with the Yoast SEO plugin v19.8 - https:\/\/yoast.com\/wordpress\/plugins\/seo\/ -->\n<title>Hoyt RX1- Tubo - Cung T\u00ean H\u00e0 N\u1ed9i<\/title>\n<meta name=\"description\" content=\"mua cung t\u00ean th\u1ec3 thao, mua cung t\u00ean t\u1ea1i h\u00e0 n\u1ed9i, cung tr\u1ee3 l\u1ef1c, cung compound, cung t\u00ean ch\u00ednh h\u00e3ng, cung t\u00ean m\u1ea1nh,cung t\u00ean h\u00e0 n\u1ed9i, cung t\u00ean , mua cung t\u00ean S\u00e0i g\u00f2n , mua m\u0169i t\u00ean b\u1eafn cung , cung b\u1eafn bi s\u1eaft , cung t\u00ean mini\" \/>\n<meta name=\"robots\" content=\"index, follow, max-snippet:-1, max-image-preview:large, max-video-preview:-1\" \/>\n<link rel=\"canonical\" href=\"https:\/\/cungtenhanoi.com\/?product=951\" \/>\n<meta property=\"og:locale\" content=\"vi_VN\" \/>\n<meta property=\"og:type\" content=\"article\" \/>\n<meta property=\"og:title\" content=\"Hoyt RX1- Tubo - Cung T\u00ean H\u00e0 N\u1ed9i\" \/>\n<meta property=\"og:description\" content=\"mua cung t\u00ean th\u1ec3 thao, mua cung t\u00ean t\u1ea1i h\u00e0 n\u1ed9i, cung tr\u1ee3 l\u1ef1c, cung compound, cung t\u00ean ch\u00ednh h\u00e3ng, cung t\u00ean m\u1ea1nh,cung t\u00ean h\u00e0 n\u1ed9i, cung t\u00ean , mua cung t\u00ean S\u00e0i g\u00f2n , mua m\u0169i t\u00ean b\u1eafn cung , cung b\u1eafn bi s\u1eaft , cung t\u00ean mini\" \/>\n<meta property=\"og:url\" content=\"https:\/\/cungtenhanoi.com\/?product=951\" \/>\n<meta property=\"og:site_name\" content=\"Cung T\u00ean H\u00e0 N\u1ed9i\" \/>\n<meta property=\"article:modified_time\" content=\"2020-06-29T07:37:22+00:00\" \/>\n<meta property=\"og:image\" content=\"https:\/\/cungtenhanoi.com\/wp-content\/uploads\/2020\/06\/TB1LN1vcAfb_uJjSsD4XXaqiFXa_0-item_pic.jpg\" \/>\n\t<meta property=\"og:image:width\" content=\"1700\" \/>\n\t<meta property=\"og:image:height\" content=\"1700\" \/>\n\t<meta property=\"og:image:type\" content=\"image\/jpeg\" \/>\n<meta name=\"twitter:card\" content=\"summary_large_image\" \/>\n<script type=\"application\/ld+json\" class=\"yoast-schema-graph\">{\"@context\":\"https:\/\/schema.org\",\"@graph\":[{\"@type\":\"WebPage\",\"@id\":\"https:\/\/cungtenhanoi.com\/?product=951\",\"url\":\"https:\/\/cungtenhanoi.com\/?product=951\",\"name\":\"Hoyt RX1- Tubo - Cung T\u00ean H\u00e0 N\u1ed9i\",\"isPartOf\":{\"@id\":\"https:\/\/cungtenhanoi.com\/#website\"},\"datePublished\":\"2020-06-29T07:36:58+00:00\",\"dateModified\":\"2020-06-29T07:37:22+00:00\",\"description\":\"mua cung t\u00ean th\u1ec3 thao, mua cung t\u00ean t\u1ea1i h\u00e0 n\u1ed9i, cung tr\u1ee3 l\u1ef1c, cung compound, cung t\u00ean ch\u00ednh h\u00e3ng, cung t\u00ean m\u1ea1nh,cung t\u00ean h\u00e0 n\u1ed9i, cung t\u00ean , mua cung t\u00ean S\u00e0i g\u00f2n , mua m\u0169i t\u00ean b\u1eafn cung , cung b\u1eafn bi s\u1eaft , cung t\u00ean mini\",\"breadcrumb\":{\"@id\":\"https:\/\/cungtenhanoi.com\/?product=951#breadcrumb\"},\"inLanguage\":\"vi\",\"potentialAction\":[{\"@type\":\"ReadAction\",\"target\":[\"https:\/\/cungtenhanoi.com\/?product=951\"]}]},{\"@type\":\"BreadcrumbList\",\"@id\":\"https:\/\/cungtenhanoi.com\/?product=951#breadcrumb\",\"itemListElement\":[{\"@type\":\"ListItem\",\"position\":1,\"name\":\"Trang ch\u1ee7\",\"item\":\"https:\/\/cungtenhanoi.com\/\"},{\"@type\":\"ListItem\",\"position\":2,\"name\":\"Shop\",\"item\":\"https:\/\/cungtenhanoi.com\/?page_id=6\"},{\"@type\":\"ListItem\",\"position\":3,\"name\":\"Cung\",\"item\":\"https:\/\/cungtenhanoi.com\/danh-muc\/cung\/\"},{\"@type\":\"ListItem\",\"position\":4,\"name\":\"Hoyt RX1- Tubo\"}]},{\"@type\":\"WebSite\",\"@id\":\"https:\/\/cungtenhanoi.com\/#website\",\"url\":\"https:\/\/cungtenhanoi.com\/\",\"name\":\"Cung T\u00ean H\u00e0 N\u1ed9i\",\"description\":\"Cung c\u1ea5p c\u00e1c lo\u1ea1i cung t\u00ean th\u1ec3 thao s\u1ed1 1 Vi\u1ec7t Nam\",\"publisher\":{\"@id\":\"https:\/\/cungtenhanoi.com\/#organization\"},\"potentialAction\":[{\"@type\":\"SearchAction\",\"target\":{\"@type\":\"EntryPoint\",\"urlTemplate\":\"https:\/\/cungtenhanoi.com\/?s={search_term_string}\"},\"query-input\":\"required name=search_term_string\"}],\"inLanguage\":\"vi\"},{\"@type\":\"Organization\",\"@id\":\"https:\/\/cungtenhanoi.com\/#organization\",\"name\":\"Cung T\u00ean H\u00e0 N\u1ed9i\",\"url\":\"https:\/\/cungtenhanoi.com\/\",\"sameAs\":[],\"logo\":{\"@type\":\"ImageObject\",\"inLanguage\":\"vi\",\"@id\":\"https:\/\/cungtenhanoi.com\/#\/schema\/logo\/image\/\",\"url\":\"https:\/\/cungtenhanoi.com\/wp-content\/uploads\/2025\/05\/logo-den-trang.jpg\",\"contentUrl\":\"https:\/\/cungtenhanoi.com\/wp-content\/uploads\/2025\/05\/logo-den-trang.jpg\",\"width\":450,\"height\":450,\"caption\":\"Cung T\u00ean H\u00e0 N\u1ed9i\"},\"image\":{\"@id\":\"https:\/\/cungtenhanoi.com\/#\/schema\/logo\/image\/\"}}]}<\/script>\n<!-- \/ Yoast SEO plugin. -->","yoast_head_json":{"title":"Hoyt RX1- Tubo - Cung T\u00ean H\u00e0 N\u1ed9i","description":"mua cung t\u00ean th\u1ec3 thao, mua cung t\u00ean t\u1ea1i h\u00e0 n\u1ed9i, cung tr\u1ee3 l\u1ef1c, cung compound, cung t\u00ean ch\u00ednh h\u00e3ng, cung t\u00ean m\u1ea1nh,cung t\u00ean h\u00e0 n\u1ed9i, cung t\u00ean , mua cung t\u00ean S\u00e0i g\u00f2n , mua m\u0169i t\u00ean b\u1eafn cung , cung b\u1eafn bi s\u1eaft , cung t\u00ean mini","robots":{"index":"index","follow":"follow","max-snippet":"max-snippet:-1","max-image-preview":"max-image-preview:large","max-video-preview":"max-video-preview:-1"},"canonical":"https:\/\/cungtenhanoi.com\/?product=951","og_locale":"vi_VN","og_type":"article","og_title":"Hoyt RX1- Tubo - Cung T\u00ean H\u00e0 N\u1ed9i","og_description":"mua cung t\u00ean th\u1ec3 thao, mua cung t\u00ean t\u1ea1i h\u00e0 n\u1ed9i, cung tr\u1ee3 l\u1ef1c, cung compound, cung t\u00ean ch\u00ednh h\u00e3ng, cung t\u00ean m\u1ea1nh,cung t\u00ean h\u00e0 n\u1ed9i, cung t\u00ean , mua cung t\u00ean S\u00e0i g\u00f2n , mua m\u0169i t\u00ean b\u1eafn cung , cung b\u1eafn bi s\u1eaft , cung t\u00ean mini","og_url":"https:\/\/cungtenhanoi.com\/?product=951","og_site_name":"Cung T\u00ean H\u00e0 N\u1ed9i","article_modified_time":"2020-06-29T07:37:22+00:00","og_image":[{"width":1700,"height":1700,"url":"https:\/\/cungtenhanoi.com\/wp-content\/uploads\/2020\/06\/TB1LN1vcAfb_uJjSsD4XXaqiFXa_0-item_pic.jpg","type":"image\/jpeg"}],"twitter_card":"summary_large_image","schema":{"@context":"https:\/\/schema.org","@graph":[{"@type":"WebPage","@id":"https:\/\/cungtenhanoi.com\/?product=951","url":"https:\/\/cungtenhanoi.com\/?product=951","name":"Hoyt RX1- Tubo - Cung T\u00ean H\u00e0 N\u1ed9i","isPartOf":{"@id":"https:\/\/cungtenhanoi.com\/#website"},"datePublished":"2020-06-29T07:36:58+00:00","dateModified":"2020-06-29T07:37:22+00:00","description":"mua cung t\u00ean th\u1ec3 thao, mua cung t\u00ean t\u1ea1i h\u00e0 n\u1ed9i, cung tr\u1ee3 l\u1ef1c, cung compound, cung t\u00ean ch\u00ednh h\u00e3ng, cung t\u00ean m\u1ea1nh,cung t\u00ean h\u00e0 n\u1ed9i, cung t\u00ean , mua cung t\u00ean S\u00e0i g\u00f2n , mua m\u0169i t\u00ean b\u1eafn cung , cung b\u1eafn bi s\u1eaft , cung t\u00ean mini","breadcrumb":{"@id":"https:\/\/cungtenhanoi.com\/?product=951#breadcrumb"},"inLanguage":"vi","potentialAction":[{"@type":"ReadAction","target":["https:\/\/cungtenhanoi.com\/?product=951"]}]},{"@type":"BreadcrumbList","@id":"https:\/\/cungtenhanoi.com\/?product=951#breadcrumb","itemListElement":[{"@type":"ListItem","position":1,"name":"Trang ch\u1ee7","item":"https:\/\/cungtenhanoi.com\/"},{"@type":"ListItem","position":2,"name":"Shop","item":"https:\/\/cungtenhanoi.com\/?page_id=6"},{"@type":"ListItem","position":3,"name":"Cung","item":"https:\/\/cungtenhanoi.com\/danh-muc\/cung\/"},{"@type":"ListItem","position":4,"name":"Hoyt RX1- Tubo"}]},{"@type":"WebSite","@id":"https:\/\/cungtenhanoi.com\/#website","url":"https:\/\/cungtenhanoi.com\/","name":"Cung T\u00ean H\u00e0 N\u1ed9i","description":"Cung c\u1ea5p c\u00e1c lo\u1ea1i cung t\u00ean th\u1ec3 thao s\u1ed1 1 Vi\u1ec7t Nam","publisher":{"@id":"https:\/\/cungtenhanoi.com\/#organization"},"potentialAction":[{"@type":"SearchAction","target":{"@type":"EntryPoint","urlTemplate":"https:\/\/cungtenhanoi.com\/?s={search_term_string}"},"query-input":"required name=search_term_string"}],"inLanguage":"vi"},{"@type":"Organization","@id":"https:\/\/cungtenhanoi.com\/#organization","name":"Cung T\u00ean H\u00e0 N\u1ed9i","url":"https:\/\/cungtenhanoi.com\/","sameAs":[],"logo":{"@type":"ImageObject","inLanguage":"vi","@id":"https:\/\/cungtenhanoi.com\/#\/schema\/logo\/image\/","url":"https:\/\/cungtenhanoi.com\/wp-content\/uploads\/2025\/05\/logo-den-trang.jpg","contentUrl":"https:\/\/cungtenhanoi.com\/wp-content\/uploads\/2025\/05\/logo-den-trang.jpg","width":450,"height":450,"caption":"Cung T\u00ean H\u00e0 N\u1ed9i"},"image":{"@id":"https:\/\/cungtenhanoi.com\/#\/schema\/logo\/image\/"}}]}},"_links":{"self":[{"href":"https:\/\/cungtenhanoi.com\/index.php?rest_route=\/wp\/v2\/product\/951"}],"collection":[{"href":"https:\/\/cungtenhanoi.com\/index.php?rest_route=\/wp\/v2\/product"}],"about":[{"href":"https:\/\/cungtenhanoi.com\/index.php?rest_route=\/wp\/v2\/types\/product"}],"replies":[{"embeddable":true,"href":"https:\/\/cungtenhanoi.com\/index.php?rest_route=%2Fwp%2Fv2%2Fcomments&post=951"}],"wp:featuredmedia":[{"embeddable":true,"href":"https:\/\/cungtenhanoi.com\/index.php?rest_route=\/wp\/v2\/media\/952"}],"wp:attachment":[{"href":"https:\/\/cungtenhanoi.com\/index.php?rest_route=%2Fwp%2Fv2%2Fmedia&parent=951"}],"wp:term":[{"taxonomy":"product_cat","embeddable":true,"href":"https:\/\/cungtenhanoi.com\/index.php?rest_route=%2Fwp%2Fv2%2Fproduct_cat&post=951"},{"taxonomy":"product_tag","embeddable":true,"href":"https:\/\/cungtenhanoi.com\/index.php?rest_route=%2Fwp%2Fv2%2Fproduct_tag&post=951"}],"curies":[{"name":"wp","href":"https:\/\/api.w.org\/{rel}","templated":true}]}}