{"id":98,"date":"2017-06-03T15:37:40","date_gmt":"2017-06-03T08:37:40","guid":{"rendered":"http:\/\/banhang.web.vietmoz.info\/?post_type=product&#038;p=98"},"modified":"2022-12-29T00:24:12","modified_gmt":"2022-12-28T17:24:12","slug":"pseperform2018","status":"publish","type":"product","link":"https:\/\/cungtenhanoi.com\/?product=pseperform2018","title":{"rendered":"COMPOUND PSE PERFORM 2018"},"content":{"rendered":"<figure id=\"attachment_254\" aria-describedby=\"caption-attachment-254\" style=\"width: 300px\" class=\"wp-caption aligncenter\"><img loading=\"lazy\" class=\"size-medium wp-image-254\" src=\"http:\/\/cungtenhanoi.com\/wp-content\/uploads\/2017\/06\/TB1smCZfv6H8KJjy0FjXXaXepXa_2-item_pic-300x300.png\" alt=\"\" width=\"300\" height=\"300\" srcset=\"https:\/\/cungtenhanoi.com\/wp-content\/uploads\/2017\/06\/TB1smCZfv6H8KJjy0FjXXaXepXa_2-item_pic-300x300.png 300w, https:\/\/cungtenhanoi.com\/wp-content\/uploads\/2017\/06\/TB1smCZfv6H8KJjy0FjXXaXepXa_2-item_pic-100x100.png 100w, https:\/\/cungtenhanoi.com\/wp-content\/uploads\/2017\/06\/TB1smCZfv6H8KJjy0FjXXaXepXa_2-item_pic-600x600.png 600w, https:\/\/cungtenhanoi.com\/wp-content\/uploads\/2017\/06\/TB1smCZfv6H8KJjy0FjXXaXepXa_2-item_pic-64x64.png 64w, https:\/\/cungtenhanoi.com\/wp-content\/uploads\/2017\/06\/TB1smCZfv6H8KJjy0FjXXaXepXa_2-item_pic-150x150.png 150w, https:\/\/cungtenhanoi.com\/wp-content\/uploads\/2017\/06\/TB1smCZfv6H8KJjy0FjXXaXepXa_2-item_pic-180x180.png 180w, https:\/\/cungtenhanoi.com\/wp-content\/uploads\/2017\/06\/TB1smCZfv6H8KJjy0FjXXaXepXa_2-item_pic-45x45.png 45w, https:\/\/cungtenhanoi.com\/wp-content\/uploads\/2017\/06\/TB1smCZfv6H8KJjy0FjXXaXepXa_2-item_pic.png 684w\" sizes=\"(max-width: 300px) 100vw, 300px\" \/><figcaption id=\"caption-attachment-254\" class=\"wp-caption-text\">Compound PSE Perform Made in USA<\/figcaption><\/figure>\n<p>Take on your 3D competition with peak performance from the 2019 PSE Perform-X\u2122 3D! Engineered on a shorter brace-height version of our Perform-X\u2122 shoot-through riser, this bow is unbelievably stiff, strong, and fast, delivering an unbelievable target shooting experience at 338 fps. Combined with PSE\u2019s SE cam and L.A.S. Wedge Lock Pockets, the Perform-X\u2122 3D offers faster speeds, better hold, advanced tuning capabilities, and greater precision with true center-pull technology!<\/p>\n<p style=\"text-align: center;\"><strong>SPECIFICATIONS<\/strong><\/p>\n<p style=\"text-align: center;\">BRACE HEIGHT: 6 1\/2\u201d<\/p>\n<p style=\"text-align: center;\">AXLE TO AXLE: 36\u2033<\/p>\n<p style=\"text-align: center;\">ATA\/IBO SPEED: 338 \u2013 330 FPS<\/p>\n<p style=\"text-align: center;\">LETOFF: 65 \u2013 75%<\/p>\n<p style=\"text-align: center;\">MASS WEIGHT: 5 LBS.<\/p>\n<p style=\"text-align: center;\">DRAW LENGTH RANGE: 25\u2033 \u2013 30 1\/2\u2033<\/p>\n<p style=\"text-align: center;\">DRAW WEIGHT (lbs.): 40, 50, 60<\/p>\n<p style=\"text-align: center;\">MAX. LIMB BOLT TURNS: 10<\/p>\n<p>&nbsp;<\/p>\n<p><img loading=\"lazy\" class=\"alignnone size-medium wp-image-255\" src=\"http:\/\/cungtenhanoi.com\/wp-content\/uploads\/2017\/06\/TB2.jUZd7fb_uJjSsrbXXb6bVXa_494784107-300x300.png\" alt=\"\" width=\"300\" height=\"300\" srcset=\"https:\/\/cungtenhanoi.com\/wp-content\/uploads\/2017\/06\/TB2.jUZd7fb_uJjSsrbXXb6bVXa_494784107-300x300.png 300w, https:\/\/cungtenhanoi.com\/wp-content\/uploads\/2017\/06\/TB2.jUZd7fb_uJjSsrbXXb6bVXa_494784107-100x100.png 100w, https:\/\/cungtenhanoi.com\/wp-content\/uploads\/2017\/06\/TB2.jUZd7fb_uJjSsrbXXb6bVXa_494784107-600x600.png 600w, https:\/\/cungtenhanoi.com\/wp-content\/uploads\/2017\/06\/TB2.jUZd7fb_uJjSsrbXXb6bVXa_494784107-64x64.png 64w, https:\/\/cungtenhanoi.com\/wp-content\/uploads\/2017\/06\/TB2.jUZd7fb_uJjSsrbXXb6bVXa_494784107-150x150.png 150w, https:\/\/cungtenhanoi.com\/wp-content\/uploads\/2017\/06\/TB2.jUZd7fb_uJjSsrbXXb6bVXa_494784107-180x180.png 180w, https:\/\/cungtenhanoi.com\/wp-content\/uploads\/2017\/06\/TB2.jUZd7fb_uJjSsrbXXb6bVXa_494784107-45x45.png 45w, https:\/\/cungtenhanoi.com\/wp-content\/uploads\/2017\/06\/TB2.jUZd7fb_uJjSsrbXXb6bVXa_494784107.png 686w\" sizes=\"(max-width: 300px) 100vw, 300px\" \/> <img loading=\"lazy\" class=\"alignnone size-medium wp-image-256\" src=\"http:\/\/cungtenhanoi.com\/wp-content\/uploads\/2017\/06\/TB2.VDXfwDD8KJjy0FdXXcjvXXa_494784107-297x300.png\" alt=\"\" width=\"297\" height=\"300\" \/> <img loading=\"lazy\" class=\"alignnone size-medium wp-image-257\" src=\"http:\/\/cungtenhanoi.com\/wp-content\/uploads\/2017\/06\/TB2dSgcc5qAXuNjy1XdXXaYcVXa_494784107-297x300.png\" alt=\"\" width=\"297\" height=\"300\" srcset=\"https:\/\/cungtenhanoi.com\/wp-content\/uploads\/2017\/06\/TB2dSgcc5qAXuNjy1XdXXaYcVXa_494784107-297x300.png 297w, https:\/\/cungtenhanoi.com\/wp-content\/uploads\/2017\/06\/TB2dSgcc5qAXuNjy1XdXXaYcVXa_494784107-100x100.png 100w, https:\/\/cungtenhanoi.com\/wp-content\/uploads\/2017\/06\/TB2dSgcc5qAXuNjy1XdXXaYcVXa_494784107-600x607.png 600w, https:\/\/cungtenhanoi.com\/wp-content\/uploads\/2017\/06\/TB2dSgcc5qAXuNjy1XdXXaYcVXa_494784107-64x65.png 64w, https:\/\/cungtenhanoi.com\/wp-content\/uploads\/2017\/06\/TB2dSgcc5qAXuNjy1XdXXaYcVXa_494784107-45x45.png 45w, https:\/\/cungtenhanoi.com\/wp-content\/uploads\/2017\/06\/TB2dSgcc5qAXuNjy1XdXXaYcVXa_494784107.png 679w\" sizes=\"(max-width: 297px) 100vw, 297px\" \/> <img loading=\"lazy\" class=\"alignnone size-medium wp-image-258\" src=\"http:\/\/cungtenhanoi.com\/wp-content\/uploads\/2017\/06\/TB2iM9vfwvD8KJjSsplXXaIEFXa_494784107-300x300.png\" alt=\"\" width=\"300\" height=\"300\" srcset=\"https:\/\/cungtenhanoi.com\/wp-content\/uploads\/2017\/06\/TB2iM9vfwvD8KJjSsplXXaIEFXa_494784107-300x300.png 300w, https:\/\/cungtenhanoi.com\/wp-content\/uploads\/2017\/06\/TB2iM9vfwvD8KJjSsplXXaIEFXa_494784107-100x100.png 100w, https:\/\/cungtenhanoi.com\/wp-content\/uploads\/2017\/06\/TB2iM9vfwvD8KJjSsplXXaIEFXa_494784107-600x600.png 600w, https:\/\/cungtenhanoi.com\/wp-content\/uploads\/2017\/06\/TB2iM9vfwvD8KJjSsplXXaIEFXa_494784107-64x64.png 64w, https:\/\/cungtenhanoi.com\/wp-content\/uploads\/2017\/06\/TB2iM9vfwvD8KJjSsplXXaIEFXa_494784107-150x150.png 150w, https:\/\/cungtenhanoi.com\/wp-content\/uploads\/2017\/06\/TB2iM9vfwvD8KJjSsplXXaIEFXa_494784107-180x180.png 180w, https:\/\/cungtenhanoi.com\/wp-content\/uploads\/2017\/06\/TB2iM9vfwvD8KJjSsplXXaIEFXa_494784107-45x45.png 45w, https:\/\/cungtenhanoi.com\/wp-content\/uploads\/2017\/06\/TB2iM9vfwvD8KJjSsplXXaIEFXa_494784107.png 684w\" sizes=\"(max-width: 300px) 100vw, 300px\" \/> <img loading=\"lazy\" class=\"alignnone size-medium wp-image-259\" src=\"http:\/\/cungtenhanoi.com\/wp-content\/uploads\/2017\/06\/TB2pna9bGLN8KJjSZFvXXXW8VXa_494784107-297x300.png\" alt=\"\" width=\"297\" height=\"300\" \/> <img loading=\"lazy\" class=\"alignnone size-medium wp-image-260\" src=\"http:\/\/cungtenhanoi.com\/wp-content\/uploads\/2017\/06\/TB2xOezftzJ8KJjSspkXXbF7VXa_494784107-300x300.png\" alt=\"\" width=\"300\" height=\"300\" srcset=\"https:\/\/cungtenhanoi.com\/wp-content\/uploads\/2017\/06\/TB2xOezftzJ8KJjSspkXXbF7VXa_494784107-300x300.png 300w, https:\/\/cungtenhanoi.com\/wp-content\/uploads\/2017\/06\/TB2xOezftzJ8KJjSspkXXbF7VXa_494784107-100x100.png 100w, https:\/\/cungtenhanoi.com\/wp-content\/uploads\/2017\/06\/TB2xOezftzJ8KJjSspkXXbF7VXa_494784107-600x600.png 600w, https:\/\/cungtenhanoi.com\/wp-content\/uploads\/2017\/06\/TB2xOezftzJ8KJjSspkXXbF7VXa_494784107-64x64.png 64w, https:\/\/cungtenhanoi.com\/wp-content\/uploads\/2017\/06\/TB2xOezftzJ8KJjSspkXXbF7VXa_494784107-150x150.png 150w, https:\/\/cungtenhanoi.com\/wp-content\/uploads\/2017\/06\/TB2xOezftzJ8KJjSspkXXbF7VXa_494784107-180x180.png 180w, https:\/\/cungtenhanoi.com\/wp-content\/uploads\/2017\/06\/TB2xOezftzJ8KJjSspkXXbF7VXa_494784107-45x45.png 45w, https:\/\/cungtenhanoi.com\/wp-content\/uploads\/2017\/06\/TB2xOezftzJ8KJjSspkXXbF7VXa_494784107.png 684w\" sizes=\"(max-width: 300px) 100vw, 300px\" \/> <img loading=\"lazy\" class=\"alignnone size-medium wp-image-261\" src=\"http:\/\/cungtenhanoi.com\/wp-content\/uploads\/2017\/06\/TB2XxaxfxTI8KJjSspiXXbM4FXa_494784107-300x300.png\" alt=\"\" width=\"300\" height=\"300\" srcset=\"https:\/\/cungtenhanoi.com\/wp-content\/uploads\/2017\/06\/TB2XxaxfxTI8KJjSspiXXbM4FXa_494784107-300x300.png 300w, https:\/\/cungtenhanoi.com\/wp-content\/uploads\/2017\/06\/TB2XxaxfxTI8KJjSspiXXbM4FXa_494784107-100x100.png 100w, https:\/\/cungtenhanoi.com\/wp-content\/uploads\/2017\/06\/TB2XxaxfxTI8KJjSspiXXbM4FXa_494784107-600x600.png 600w, https:\/\/cungtenhanoi.com\/wp-content\/uploads\/2017\/06\/TB2XxaxfxTI8KJjSspiXXbM4FXa_494784107-64x64.png 64w, https:\/\/cungtenhanoi.com\/wp-content\/uploads\/2017\/06\/TB2XxaxfxTI8KJjSspiXXbM4FXa_494784107-150x150.png 150w, https:\/\/cungtenhanoi.com\/wp-content\/uploads\/2017\/06\/TB2XxaxfxTI8KJjSspiXXbM4FXa_494784107-180x180.png 180w, https:\/\/cungtenhanoi.com\/wp-content\/uploads\/2017\/06\/TB2XxaxfxTI8KJjSspiXXbM4FXa_494784107-45x45.png 45w, https:\/\/cungtenhanoi.com\/wp-content\/uploads\/2017\/06\/TB2XxaxfxTI8KJjSspiXXbM4FXa_494784107.png 685w\" sizes=\"(max-width: 300px) 100vw, 300px\" \/> <img loading=\"lazy\" class=\"alignnone size-medium wp-image-262\" src=\"http:\/\/cungtenhanoi.com\/wp-content\/uploads\/2017\/06\/TB25IGLa6gy_uJjSZTEXXcYkFXa_494784107-300x300.png\" alt=\"\" width=\"300\" height=\"300\" srcset=\"https:\/\/cungtenhanoi.com\/wp-content\/uploads\/2017\/06\/TB25IGLa6gy_uJjSZTEXXcYkFXa_494784107-300x300.png 300w, https:\/\/cungtenhanoi.com\/wp-content\/uploads\/2017\/06\/TB25IGLa6gy_uJjSZTEXXcYkFXa_494784107-100x100.png 100w, https:\/\/cungtenhanoi.com\/wp-content\/uploads\/2017\/06\/TB25IGLa6gy_uJjSZTEXXcYkFXa_494784107-600x600.png 600w, https:\/\/cungtenhanoi.com\/wp-content\/uploads\/2017\/06\/TB25IGLa6gy_uJjSZTEXXcYkFXa_494784107-64x64.png 64w, https:\/\/cungtenhanoi.com\/wp-content\/uploads\/2017\/06\/TB25IGLa6gy_uJjSZTEXXcYkFXa_494784107-150x150.png 150w, https:\/\/cungtenhanoi.com\/wp-content\/uploads\/2017\/06\/TB25IGLa6gy_uJjSZTEXXcYkFXa_494784107-180x180.png 180w, https:\/\/cungtenhanoi.com\/wp-content\/uploads\/2017\/06\/TB25IGLa6gy_uJjSZTEXXcYkFXa_494784107-45x45.png 45w, https:\/\/cungtenhanoi.com\/wp-content\/uploads\/2017\/06\/TB25IGLa6gy_uJjSZTEXXcYkFXa_494784107.png 685w\" sizes=\"(max-width: 300px) 100vw, 300px\" \/><\/p>\n","protected":false},"excerpt":{"rendered":"<p><strong>Qu\u00e0 khuy\u1ebfn m\u00e3i:<\/strong><\/p>\n<p style=\"text-align: left;\">\u2013 T\u1eb7ng 10 m\u0169i t\u00ean cacbon<br \/>\n\u2013 T\u1eb7ng k\u00ecm<br \/>\n\u2013 B\u1ea3o v\u1ec7 c\u1ed5 tay , bia m\u1ee5c ti\u00eau, free ship&#8230;<\/p>\n<p>&nbsp;<\/p>\n","protected":false},"featured_media":256,"comment_status":"open","ping_status":"closed","template":"","meta":[],"product_cat":[35,17],"product_tag":[34,33],"acf":[],"yoast_head":"<!-- This site is optimized with the Yoast SEO plugin v19.8 - https:\/\/yoast.com\/wordpress\/plugins\/seo\/ -->\n<title>COMPOUND PSE PERFORM 2018 - Cung T\u00ean H\u00e0 N\u1ed9i<\/title>\n<meta name=\"description\" content=\"mua cung t\u00ean th\u1ec3 thao, mua cung t\u00ean t\u1ea1i h\u00e0 n\u1ed9i, cung tr\u1ee3 l\u1ef1c, cung compound, cung t\u00ean ch\u00ednh h\u00e3ng, cung t\u00ean m\u1ea1nh,cung t\u00ean h\u00e0 n\u1ed9i, cung t\u00ean , mua cung t\u00ean S\u00e0i g\u00f2n , mua m\u0169i t\u00ean b\u1eafn cung , cung b\u1eafn bi s\u1eaft , cung t\u00ean mini\" \/>\n<meta name=\"robots\" content=\"index, follow, max-snippet:-1, max-image-preview:large, max-video-preview:-1\" \/>\n<link rel=\"canonical\" href=\"https:\/\/cungtenhanoi.com\/?product=pseperform2018\" \/>\n<meta property=\"og:locale\" content=\"vi_VN\" \/>\n<meta property=\"og:type\" content=\"article\" \/>\n<meta property=\"og:title\" content=\"COMPOUND PSE PERFORM 2018 - Cung T\u00ean H\u00e0 N\u1ed9i\" \/>\n<meta property=\"og:description\" content=\"mua cung t\u00ean th\u1ec3 thao, mua cung t\u00ean t\u1ea1i h\u00e0 n\u1ed9i, cung tr\u1ee3 l\u1ef1c, cung compound, cung t\u00ean ch\u00ednh h\u00e3ng, cung t\u00ean m\u1ea1nh,cung t\u00ean h\u00e0 n\u1ed9i, cung t\u00ean , mua cung t\u00ean S\u00e0i g\u00f2n , mua m\u0169i t\u00ean b\u1eafn cung , cung b\u1eafn bi s\u1eaft , cung t\u00ean mini\" \/>\n<meta property=\"og:url\" content=\"https:\/\/cungtenhanoi.com\/?product=pseperform2018\" \/>\n<meta property=\"og:site_name\" content=\"Cung T\u00ean H\u00e0 N\u1ed9i\" \/>\n<meta property=\"article:modified_time\" content=\"2022-12-28T17:24:12+00:00\" \/>\n<meta property=\"og:image\" content=\"https:\/\/cungtenhanoi.com\/wp-content\/uploads\/2017\/06\/TB2.VDXfwDD8KJjy0FdXXcjvXXa_494784107.png\" \/>\n\t<meta property=\"og:image:width\" content=\"680\" \/>\n\t<meta property=\"og:image:height\" content=\"686\" \/>\n\t<meta property=\"og:image:type\" content=\"image\/png\" \/>\n<meta name=\"twitter:card\" content=\"summary_large_image\" \/>\n<meta name=\"twitter:label1\" content=\"\u01af\u1edbc t\u00ednh th\u1eddi gian \u0111\u1ecdc\" \/>\n\t<meta name=\"twitter:data1\" content=\"1 ph\u00fat\" \/>\n<script type=\"application\/ld+json\" class=\"yoast-schema-graph\">{\"@context\":\"https:\/\/schema.org\",\"@graph\":[{\"@type\":\"WebPage\",\"@id\":\"https:\/\/cungtenhanoi.com\/?product=pseperform2018\",\"url\":\"https:\/\/cungtenhanoi.com\/?product=pseperform2018\",\"name\":\"COMPOUND PSE PERFORM 2018 - Cung T\u00ean H\u00e0 N\u1ed9i\",\"isPartOf\":{\"@id\":\"https:\/\/cungtenhanoi.com\/#website\"},\"datePublished\":\"2017-06-03T08:37:40+00:00\",\"dateModified\":\"2022-12-28T17:24:12+00:00\",\"description\":\"mua cung t\u00ean th\u1ec3 thao, mua cung t\u00ean t\u1ea1i h\u00e0 n\u1ed9i, cung tr\u1ee3 l\u1ef1c, cung compound, cung t\u00ean ch\u00ednh h\u00e3ng, cung t\u00ean m\u1ea1nh,cung t\u00ean h\u00e0 n\u1ed9i, cung t\u00ean , mua cung t\u00ean S\u00e0i g\u00f2n , mua m\u0169i t\u00ean b\u1eafn cung , cung b\u1eafn bi s\u1eaft , cung t\u00ean mini\",\"breadcrumb\":{\"@id\":\"https:\/\/cungtenhanoi.com\/?product=pseperform2018#breadcrumb\"},\"inLanguage\":\"vi\",\"potentialAction\":[{\"@type\":\"ReadAction\",\"target\":[\"https:\/\/cungtenhanoi.com\/?product=pseperform2018\"]}]},{\"@type\":\"BreadcrumbList\",\"@id\":\"https:\/\/cungtenhanoi.com\/?product=pseperform2018#breadcrumb\",\"itemListElement\":[{\"@type\":\"ListItem\",\"position\":1,\"name\":\"Trang ch\u1ee7\",\"item\":\"https:\/\/cungtenhanoi.com\/\"},{\"@type\":\"ListItem\",\"position\":2,\"name\":\"Shop\",\"item\":\"https:\/\/cungtenhanoi.com\/?page_id=6\"},{\"@type\":\"ListItem\",\"position\":3,\"name\":\"Cung\",\"item\":\"https:\/\/cungtenhanoi.com\/danh-muc\/cung\/\"},{\"@type\":\"ListItem\",\"position\":4,\"name\":\"COMPOUND PSE PERFORM 2018\"}]},{\"@type\":\"WebSite\",\"@id\":\"https:\/\/cungtenhanoi.com\/#website\",\"url\":\"https:\/\/cungtenhanoi.com\/\",\"name\":\"Cung T\u00ean H\u00e0 N\u1ed9i\",\"description\":\"Cung c\u1ea5p c\u00e1c lo\u1ea1i cung t\u00ean th\u1ec3 thao s\u1ed1 1 Vi\u1ec7t Nam\",\"publisher\":{\"@id\":\"https:\/\/cungtenhanoi.com\/#organization\"},\"potentialAction\":[{\"@type\":\"SearchAction\",\"target\":{\"@type\":\"EntryPoint\",\"urlTemplate\":\"https:\/\/cungtenhanoi.com\/?s={search_term_string}\"},\"query-input\":\"required name=search_term_string\"}],\"inLanguage\":\"vi\"},{\"@type\":\"Organization\",\"@id\":\"https:\/\/cungtenhanoi.com\/#organization\",\"name\":\"Cung T\u00ean H\u00e0 N\u1ed9i\",\"url\":\"https:\/\/cungtenhanoi.com\/\",\"sameAs\":[],\"logo\":{\"@type\":\"ImageObject\",\"inLanguage\":\"vi\",\"@id\":\"https:\/\/cungtenhanoi.com\/#\/schema\/logo\/image\/\",\"url\":\"https:\/\/cungtenhanoi.com\/wp-content\/uploads\/2025\/05\/logo-den-trang.jpg\",\"contentUrl\":\"https:\/\/cungtenhanoi.com\/wp-content\/uploads\/2025\/05\/logo-den-trang.jpg\",\"width\":450,\"height\":450,\"caption\":\"Cung T\u00ean H\u00e0 N\u1ed9i\"},\"image\":{\"@id\":\"https:\/\/cungtenhanoi.com\/#\/schema\/logo\/image\/\"}}]}<\/script>\n<!-- \/ Yoast SEO plugin. -->","yoast_head_json":{"title":"COMPOUND PSE PERFORM 2018 - Cung T\u00ean H\u00e0 N\u1ed9i","description":"mua cung t\u00ean th\u1ec3 thao, mua cung t\u00ean t\u1ea1i h\u00e0 n\u1ed9i, cung tr\u1ee3 l\u1ef1c, cung compound, cung t\u00ean ch\u00ednh h\u00e3ng, cung t\u00ean m\u1ea1nh,cung t\u00ean h\u00e0 n\u1ed9i, cung t\u00ean , mua cung t\u00ean S\u00e0i g\u00f2n , mua m\u0169i t\u00ean b\u1eafn cung , cung b\u1eafn bi s\u1eaft , cung t\u00ean mini","robots":{"index":"index","follow":"follow","max-snippet":"max-snippet:-1","max-image-preview":"max-image-preview:large","max-video-preview":"max-video-preview:-1"},"canonical":"https:\/\/cungtenhanoi.com\/?product=pseperform2018","og_locale":"vi_VN","og_type":"article","og_title":"COMPOUND PSE PERFORM 2018 - Cung T\u00ean H\u00e0 N\u1ed9i","og_description":"mua cung t\u00ean th\u1ec3 thao, mua cung t\u00ean t\u1ea1i h\u00e0 n\u1ed9i, cung tr\u1ee3 l\u1ef1c, cung compound, cung t\u00ean ch\u00ednh h\u00e3ng, cung t\u00ean m\u1ea1nh,cung t\u00ean h\u00e0 n\u1ed9i, cung t\u00ean , mua cung t\u00ean S\u00e0i g\u00f2n , mua m\u0169i t\u00ean b\u1eafn cung , cung b\u1eafn bi s\u1eaft , cung t\u00ean mini","og_url":"https:\/\/cungtenhanoi.com\/?product=pseperform2018","og_site_name":"Cung T\u00ean H\u00e0 N\u1ed9i","article_modified_time":"2022-12-28T17:24:12+00:00","og_image":[{"width":680,"height":686,"url":"https:\/\/cungtenhanoi.com\/wp-content\/uploads\/2017\/06\/TB2.VDXfwDD8KJjy0FdXXcjvXXa_494784107.png","type":"image\/png"}],"twitter_card":"summary_large_image","twitter_misc":{"\u01af\u1edbc t\u00ednh th\u1eddi gian \u0111\u1ecdc":"1 ph\u00fat"},"schema":{"@context":"https:\/\/schema.org","@graph":[{"@type":"WebPage","@id":"https:\/\/cungtenhanoi.com\/?product=pseperform2018","url":"https:\/\/cungtenhanoi.com\/?product=pseperform2018","name":"COMPOUND PSE PERFORM 2018 - Cung T\u00ean H\u00e0 N\u1ed9i","isPartOf":{"@id":"https:\/\/cungtenhanoi.com\/#website"},"datePublished":"2017-06-03T08:37:40+00:00","dateModified":"2022-12-28T17:24:12+00:00","description":"mua cung t\u00ean th\u1ec3 thao, mua cung t\u00ean t\u1ea1i h\u00e0 n\u1ed9i, cung tr\u1ee3 l\u1ef1c, cung compound, cung t\u00ean ch\u00ednh h\u00e3ng, cung t\u00ean m\u1ea1nh,cung t\u00ean h\u00e0 n\u1ed9i, cung t\u00ean , mua cung t\u00ean S\u00e0i g\u00f2n , mua m\u0169i t\u00ean b\u1eafn cung , cung b\u1eafn bi s\u1eaft , cung t\u00ean mini","breadcrumb":{"@id":"https:\/\/cungtenhanoi.com\/?product=pseperform2018#breadcrumb"},"inLanguage":"vi","potentialAction":[{"@type":"ReadAction","target":["https:\/\/cungtenhanoi.com\/?product=pseperform2018"]}]},{"@type":"BreadcrumbList","@id":"https:\/\/cungtenhanoi.com\/?product=pseperform2018#breadcrumb","itemListElement":[{"@type":"ListItem","position":1,"name":"Trang ch\u1ee7","item":"https:\/\/cungtenhanoi.com\/"},{"@type":"ListItem","position":2,"name":"Shop","item":"https:\/\/cungtenhanoi.com\/?page_id=6"},{"@type":"ListItem","position":3,"name":"Cung","item":"https:\/\/cungtenhanoi.com\/danh-muc\/cung\/"},{"@type":"ListItem","position":4,"name":"COMPOUND PSE PERFORM 2018"}]},{"@type":"WebSite","@id":"https:\/\/cungtenhanoi.com\/#website","url":"https:\/\/cungtenhanoi.com\/","name":"Cung T\u00ean H\u00e0 N\u1ed9i","description":"Cung c\u1ea5p c\u00e1c lo\u1ea1i cung t\u00ean th\u1ec3 thao s\u1ed1 1 Vi\u1ec7t Nam","publisher":{"@id":"https:\/\/cungtenhanoi.com\/#organization"},"potentialAction":[{"@type":"SearchAction","target":{"@type":"EntryPoint","urlTemplate":"https:\/\/cungtenhanoi.com\/?s={search_term_string}"},"query-input":"required name=search_term_string"}],"inLanguage":"vi"},{"@type":"Organization","@id":"https:\/\/cungtenhanoi.com\/#organization","name":"Cung T\u00ean H\u00e0 N\u1ed9i","url":"https:\/\/cungtenhanoi.com\/","sameAs":[],"logo":{"@type":"ImageObject","inLanguage":"vi","@id":"https:\/\/cungtenhanoi.com\/#\/schema\/logo\/image\/","url":"https:\/\/cungtenhanoi.com\/wp-content\/uploads\/2025\/05\/logo-den-trang.jpg","contentUrl":"https:\/\/cungtenhanoi.com\/wp-content\/uploads\/2025\/05\/logo-den-trang.jpg","width":450,"height":450,"caption":"Cung T\u00ean H\u00e0 N\u1ed9i"},"image":{"@id":"https:\/\/cungtenhanoi.com\/#\/schema\/logo\/image\/"}}]}},"_links":{"self":[{"href":"https:\/\/cungtenhanoi.com\/index.php?rest_route=\/wp\/v2\/product\/98"}],"collection":[{"href":"https:\/\/cungtenhanoi.com\/index.php?rest_route=\/wp\/v2\/product"}],"about":[{"href":"https:\/\/cungtenhanoi.com\/index.php?rest_route=\/wp\/v2\/types\/product"}],"replies":[{"embeddable":true,"href":"https:\/\/cungtenhanoi.com\/index.php?rest_route=%2Fwp%2Fv2%2Fcomments&post=98"}],"wp:featuredmedia":[{"embeddable":true,"href":"https:\/\/cungtenhanoi.com\/index.php?rest_route=\/wp\/v2\/media\/256"}],"wp:attachment":[{"href":"https:\/\/cungtenhanoi.com\/index.php?rest_route=%2Fwp%2Fv2%2Fmedia&parent=98"}],"wp:term":[{"taxonomy":"product_cat","embeddable":true,"href":"https:\/\/cungtenhanoi.com\/index.php?rest_route=%2Fwp%2Fv2%2Fproduct_cat&post=98"},{"taxonomy":"product_tag","embeddable":true,"href":"https:\/\/cungtenhanoi.com\/index.php?rest_route=%2Fwp%2Fv2%2Fproduct_tag&post=98"}],"curies":[{"name":"wp","href":"https:\/\/api.w.org\/{rel}","templated":true}]}}