{"id":987,"date":"2020-07-30T13:37:51","date_gmt":"2020-07-30T06:37:51","guid":{"rendered":"https:\/\/cungtenhanoi.com\/?post_type=product&#038;p=987"},"modified":"2023-01-10T09:58:10","modified_gmt":"2023-01-10T02:58:10","slug":"hoyt-satori","status":"publish","type":"product","link":"https:\/\/cungtenhanoi.com\/?product=hoyt-satori","title":{"rendered":"Hoyt Satori"},"content":{"rendered":"<p style=\"text-align: center;\">Hoyt Satori<br \/>\nMade in USA<br \/>\n17-19-21 inh<br \/>\n35-60lbs<br \/>\n<img loading=\"lazy\" class=\"aligncenter size-full wp-image-988\" src=\"https:\/\/cungtenhanoi.com\/wp-content\/uploads\/2020\/07\/TB2bkAsjNXlpuFjSsphXXbJOXXa_2329140149.jpg\" alt=\"\" width=\"750\" height=\"750\" srcset=\"https:\/\/cungtenhanoi.com\/wp-content\/uploads\/2020\/07\/TB2bkAsjNXlpuFjSsphXXbJOXXa_2329140149.jpg 750w, https:\/\/cungtenhanoi.com\/wp-content\/uploads\/2020\/07\/TB2bkAsjNXlpuFjSsphXXbJOXXa_2329140149-300x300.jpg 300w, https:\/\/cungtenhanoi.com\/wp-content\/uploads\/2020\/07\/TB2bkAsjNXlpuFjSsphXXbJOXXa_2329140149-100x100.jpg 100w, https:\/\/cungtenhanoi.com\/wp-content\/uploads\/2020\/07\/TB2bkAsjNXlpuFjSsphXXbJOXXa_2329140149-600x600.jpg 600w, https:\/\/cungtenhanoi.com\/wp-content\/uploads\/2020\/07\/TB2bkAsjNXlpuFjSsphXXbJOXXa_2329140149-64x64.jpg 64w\" sizes=\"(max-width: 750px) 100vw, 750px\" \/> <img loading=\"lazy\" class=\"aligncenter size-full wp-image-989\" src=\"https:\/\/cungtenhanoi.com\/wp-content\/uploads\/2020\/07\/TB2kKbejR0lpuFjSszdXXcdxFXa_2329140149.jpg\" alt=\"\" width=\"750\" height=\"750\" srcset=\"https:\/\/cungtenhanoi.com\/wp-content\/uploads\/2020\/07\/TB2kKbejR0lpuFjSszdXXcdxFXa_2329140149.jpg 750w, https:\/\/cungtenhanoi.com\/wp-content\/uploads\/2020\/07\/TB2kKbejR0lpuFjSszdXXcdxFXa_2329140149-300x300.jpg 300w, https:\/\/cungtenhanoi.com\/wp-content\/uploads\/2020\/07\/TB2kKbejR0lpuFjSszdXXcdxFXa_2329140149-100x100.jpg 100w, https:\/\/cungtenhanoi.com\/wp-content\/uploads\/2020\/07\/TB2kKbejR0lpuFjSszdXXcdxFXa_2329140149-600x600.jpg 600w, https:\/\/cungtenhanoi.com\/wp-content\/uploads\/2020\/07\/TB2kKbejR0lpuFjSszdXXcdxFXa_2329140149-64x64.jpg 64w, https:\/\/cungtenhanoi.com\/wp-content\/uploads\/2020\/07\/TB2kKbejR0lpuFjSszdXXcdxFXa_2329140149-150x150.jpg 150w, https:\/\/cungtenhanoi.com\/wp-content\/uploads\/2020\/07\/TB2kKbejR0lpuFjSszdXXcdxFXa_2329140149-180x180.jpg 180w, https:\/\/cungtenhanoi.com\/wp-content\/uploads\/2020\/07\/TB2kKbejR0lpuFjSszdXXcdxFXa_2329140149-45x45.jpg 45w\" sizes=\"(max-width: 750px) 100vw, 750px\" \/> <img loading=\"lazy\" class=\"aligncenter size-full wp-image-990\" src=\"https:\/\/cungtenhanoi.com\/wp-content\/uploads\/2020\/07\/TB2LuITlypnpuFjSZFIXXXh2VXa_2329140149.jpg\" alt=\"\" width=\"750\" height=\"750\" srcset=\"https:\/\/cungtenhanoi.com\/wp-content\/uploads\/2020\/07\/TB2LuITlypnpuFjSZFIXXXh2VXa_2329140149.jpg 750w, https:\/\/cungtenhanoi.com\/wp-content\/uploads\/2020\/07\/TB2LuITlypnpuFjSZFIXXXh2VXa_2329140149-300x300.jpg 300w, https:\/\/cungtenhanoi.com\/wp-content\/uploads\/2020\/07\/TB2LuITlypnpuFjSZFIXXXh2VXa_2329140149-100x100.jpg 100w, https:\/\/cungtenhanoi.com\/wp-content\/uploads\/2020\/07\/TB2LuITlypnpuFjSZFIXXXh2VXa_2329140149-600x600.jpg 600w, https:\/\/cungtenhanoi.com\/wp-content\/uploads\/2020\/07\/TB2LuITlypnpuFjSZFIXXXh2VXa_2329140149-64x64.jpg 64w, https:\/\/cungtenhanoi.com\/wp-content\/uploads\/2020\/07\/TB2LuITlypnpuFjSZFIXXXh2VXa_2329140149-150x150.jpg 150w, https:\/\/cungtenhanoi.com\/wp-content\/uploads\/2020\/07\/TB2LuITlypnpuFjSZFIXXXh2VXa_2329140149-180x180.jpg 180w, https:\/\/cungtenhanoi.com\/wp-content\/uploads\/2020\/07\/TB2LuITlypnpuFjSZFIXXXh2VXa_2329140149-45x45.jpg 45w\" sizes=\"(max-width: 750px) 100vw, 750px\" \/> <img loading=\"lazy\" class=\"aligncenter size-full wp-image-991\" src=\"https:\/\/cungtenhanoi.com\/wp-content\/uploads\/2020\/07\/TB2meQyjStkpuFjy0FhXXXQzFXa_2329140149.jpg\" alt=\"\" width=\"750\" height=\"750\" srcset=\"https:\/\/cungtenhanoi.com\/wp-content\/uploads\/2020\/07\/TB2meQyjStkpuFjy0FhXXXQzFXa_2329140149.jpg 750w, https:\/\/cungtenhanoi.com\/wp-content\/uploads\/2020\/07\/TB2meQyjStkpuFjy0FhXXXQzFXa_2329140149-300x300.jpg 300w, https:\/\/cungtenhanoi.com\/wp-content\/uploads\/2020\/07\/TB2meQyjStkpuFjy0FhXXXQzFXa_2329140149-100x100.jpg 100w, https:\/\/cungtenhanoi.com\/wp-content\/uploads\/2020\/07\/TB2meQyjStkpuFjy0FhXXXQzFXa_2329140149-600x600.jpg 600w, https:\/\/cungtenhanoi.com\/wp-content\/uploads\/2020\/07\/TB2meQyjStkpuFjy0FhXXXQzFXa_2329140149-64x64.jpg 64w\" sizes=\"(max-width: 750px) 100vw, 750px\" \/><br \/>\n<img loading=\"lazy\" class=\"aligncenter size-full wp-image-992\" src=\"https:\/\/cungtenhanoi.com\/wp-content\/uploads\/2020\/07\/TB2AgAhltBopuFjSZPcXXc9EpXa_2329140149.jpg\" alt=\"\" width=\"750\" height=\"750\" srcset=\"https:\/\/cungtenhanoi.com\/wp-content\/uploads\/2020\/07\/TB2AgAhltBopuFjSZPcXXc9EpXa_2329140149.jpg 750w, https:\/\/cungtenhanoi.com\/wp-content\/uploads\/2020\/07\/TB2AgAhltBopuFjSZPcXXc9EpXa_2329140149-300x300.jpg 300w, https:\/\/cungtenhanoi.com\/wp-content\/uploads\/2020\/07\/TB2AgAhltBopuFjSZPcXXc9EpXa_2329140149-100x100.jpg 100w, https:\/\/cungtenhanoi.com\/wp-content\/uploads\/2020\/07\/TB2AgAhltBopuFjSZPcXXc9EpXa_2329140149-600x600.jpg 600w, https:\/\/cungtenhanoi.com\/wp-content\/uploads\/2020\/07\/TB2AgAhltBopuFjSZPcXXc9EpXa_2329140149-64x64.jpg 64w, https:\/\/cungtenhanoi.com\/wp-content\/uploads\/2020\/07\/TB2AgAhltBopuFjSZPcXXc9EpXa_2329140149-150x150.jpg 150w, https:\/\/cungtenhanoi.com\/wp-content\/uploads\/2020\/07\/TB2AgAhltBopuFjSZPcXXc9EpXa_2329140149-180x180.jpg 180w, https:\/\/cungtenhanoi.com\/wp-content\/uploads\/2020\/07\/TB2AgAhltBopuFjSZPcXXc9EpXa_2329140149-45x45.jpg 45w\" sizes=\"(max-width: 750px) 100vw, 750px\" \/> <img loading=\"lazy\" class=\"aligncenter size-full wp-image-993\" src=\"https:\/\/cungtenhanoi.com\/wp-content\/uploads\/2020\/07\/TB22fgRlEhnpuFjSZFEXXX0PFXa_2329140149.jpg\" alt=\"\" width=\"750\" height=\"750\" srcset=\"https:\/\/cungtenhanoi.com\/wp-content\/uploads\/2020\/07\/TB22fgRlEhnpuFjSZFEXXX0PFXa_2329140149.jpg 750w, https:\/\/cungtenhanoi.com\/wp-content\/uploads\/2020\/07\/TB22fgRlEhnpuFjSZFEXXX0PFXa_2329140149-300x300.jpg 300w, https:\/\/cungtenhanoi.com\/wp-content\/uploads\/2020\/07\/TB22fgRlEhnpuFjSZFEXXX0PFXa_2329140149-100x100.jpg 100w, https:\/\/cungtenhanoi.com\/wp-content\/uploads\/2020\/07\/TB22fgRlEhnpuFjSZFEXXX0PFXa_2329140149-600x600.jpg 600w, https:\/\/cungtenhanoi.com\/wp-content\/uploads\/2020\/07\/TB22fgRlEhnpuFjSZFEXXX0PFXa_2329140149-64x64.jpg 64w, https:\/\/cungtenhanoi.com\/wp-content\/uploads\/2020\/07\/TB22fgRlEhnpuFjSZFEXXX0PFXa_2329140149-150x150.jpg 150w, https:\/\/cungtenhanoi.com\/wp-content\/uploads\/2020\/07\/TB22fgRlEhnpuFjSZFEXXX0PFXa_2329140149-180x180.jpg 180w, https:\/\/cungtenhanoi.com\/wp-content\/uploads\/2020\/07\/TB22fgRlEhnpuFjSZFEXXX0PFXa_2329140149-45x45.jpg 45w\" sizes=\"(max-width: 750px) 100vw, 750px\" \/><\/p>\n","protected":false},"excerpt":{"rendered":"<p>Option: Cung<br \/>\n&#8211; 5 t\u00ean cacbon<br \/>\n&#8211; Tab + Guarm<br \/>\n&#8211; Bia m\u1ee5c ti\u00eau<br \/>\n&#8211; Ch\u00e2n cung<br \/>\n&#8211; T\u00fai \u0111\u1ef1ng cung<br \/>\n&#8211; Arrow rest<br \/>\n&#8211; Free ship<\/p>\n","protected":false},"featured_media":988,"comment_status":"open","ping_status":"closed","template":"","meta":[],"product_cat":[36,17],"product_tag":[],"acf":[],"yoast_head":"<!-- This site is optimized with the Yoast SEO plugin v19.8 - https:\/\/yoast.com\/wordpress\/plugins\/seo\/ -->\n<title>Hoyt Satori - Cung T\u00ean H\u00e0 N\u1ed9i<\/title>\n<meta name=\"description\" content=\"mua cung t\u00ean th\u1ec3 thao, mua cung t\u00ean t\u1ea1i h\u00e0 n\u1ed9i, cung tr\u1ee3 l\u1ef1c, cung compound, cung t\u00ean ch\u00ednh h\u00e3ng, cung t\u00ean m\u1ea1nh,cung t\u00ean h\u00e0 n\u1ed9i, cung t\u00ean , mua cung t\u00ean S\u00e0i g\u00f2n , mua m\u0169i t\u00ean b\u1eafn cung , cung b\u1eafn bi s\u1eaft , cung t\u00ean mini\" \/>\n<meta name=\"robots\" content=\"index, follow, max-snippet:-1, max-image-preview:large, max-video-preview:-1\" \/>\n<link rel=\"canonical\" href=\"https:\/\/cungtenhanoi.com\/?product=hoyt-satori\" \/>\n<meta property=\"og:locale\" content=\"vi_VN\" \/>\n<meta property=\"og:type\" content=\"article\" \/>\n<meta property=\"og:title\" content=\"Hoyt Satori - Cung T\u00ean H\u00e0 N\u1ed9i\" \/>\n<meta property=\"og:description\" content=\"mua cung t\u00ean th\u1ec3 thao, mua cung t\u00ean t\u1ea1i h\u00e0 n\u1ed9i, cung tr\u1ee3 l\u1ef1c, cung compound, cung t\u00ean ch\u00ednh h\u00e3ng, cung t\u00ean m\u1ea1nh,cung t\u00ean h\u00e0 n\u1ed9i, cung t\u00ean , mua cung t\u00ean S\u00e0i g\u00f2n , mua m\u0169i t\u00ean b\u1eafn cung , cung b\u1eafn bi s\u1eaft , cung t\u00ean mini\" \/>\n<meta property=\"og:url\" content=\"https:\/\/cungtenhanoi.com\/?product=hoyt-satori\" \/>\n<meta property=\"og:site_name\" content=\"Cung T\u00ean H\u00e0 N\u1ed9i\" \/>\n<meta property=\"article:modified_time\" content=\"2023-01-10T02:58:10+00:00\" \/>\n<meta property=\"og:image\" content=\"https:\/\/cungtenhanoi.com\/wp-content\/uploads\/2020\/07\/TB2bkAsjNXlpuFjSsphXXbJOXXa_2329140149.jpg\" \/>\n\t<meta property=\"og:image:width\" content=\"750\" \/>\n\t<meta property=\"og:image:height\" content=\"750\" \/>\n\t<meta property=\"og:image:type\" content=\"image\/jpeg\" \/>\n<meta name=\"twitter:card\" content=\"summary_large_image\" \/>\n<script type=\"application\/ld+json\" class=\"yoast-schema-graph\">{\"@context\":\"https:\/\/schema.org\",\"@graph\":[{\"@type\":\"WebPage\",\"@id\":\"https:\/\/cungtenhanoi.com\/?product=hoyt-satori\",\"url\":\"https:\/\/cungtenhanoi.com\/?product=hoyt-satori\",\"name\":\"Hoyt Satori - Cung T\u00ean H\u00e0 N\u1ed9i\",\"isPartOf\":{\"@id\":\"https:\/\/cungtenhanoi.com\/#website\"},\"datePublished\":\"2020-07-30T06:37:51+00:00\",\"dateModified\":\"2023-01-10T02:58:10+00:00\",\"description\":\"mua cung t\u00ean th\u1ec3 thao, mua cung t\u00ean t\u1ea1i h\u00e0 n\u1ed9i, cung tr\u1ee3 l\u1ef1c, cung compound, cung t\u00ean ch\u00ednh h\u00e3ng, cung t\u00ean m\u1ea1nh,cung t\u00ean h\u00e0 n\u1ed9i, cung t\u00ean , mua cung t\u00ean S\u00e0i g\u00f2n , mua m\u0169i t\u00ean b\u1eafn cung , cung b\u1eafn bi s\u1eaft , cung t\u00ean mini\",\"breadcrumb\":{\"@id\":\"https:\/\/cungtenhanoi.com\/?product=hoyt-satori#breadcrumb\"},\"inLanguage\":\"vi\",\"potentialAction\":[{\"@type\":\"ReadAction\",\"target\":[\"https:\/\/cungtenhanoi.com\/?product=hoyt-satori\"]}]},{\"@type\":\"BreadcrumbList\",\"@id\":\"https:\/\/cungtenhanoi.com\/?product=hoyt-satori#breadcrumb\",\"itemListElement\":[{\"@type\":\"ListItem\",\"position\":1,\"name\":\"Trang ch\u1ee7\",\"item\":\"https:\/\/cungtenhanoi.com\/\"},{\"@type\":\"ListItem\",\"position\":2,\"name\":\"Shop\",\"item\":\"https:\/\/cungtenhanoi.com\/?page_id=6\"},{\"@type\":\"ListItem\",\"position\":3,\"name\":\"Cung\",\"item\":\"https:\/\/cungtenhanoi.com\/danh-muc\/cung\/\"},{\"@type\":\"ListItem\",\"position\":4,\"name\":\"Hoyt Satori\"}]},{\"@type\":\"WebSite\",\"@id\":\"https:\/\/cungtenhanoi.com\/#website\",\"url\":\"https:\/\/cungtenhanoi.com\/\",\"name\":\"Cung T\u00ean H\u00e0 N\u1ed9i\",\"description\":\"Cung c\u1ea5p c\u00e1c lo\u1ea1i cung t\u00ean th\u1ec3 thao s\u1ed1 1 Vi\u1ec7t Nam\",\"publisher\":{\"@id\":\"https:\/\/cungtenhanoi.com\/#organization\"},\"potentialAction\":[{\"@type\":\"SearchAction\",\"target\":{\"@type\":\"EntryPoint\",\"urlTemplate\":\"https:\/\/cungtenhanoi.com\/?s={search_term_string}\"},\"query-input\":\"required name=search_term_string\"}],\"inLanguage\":\"vi\"},{\"@type\":\"Organization\",\"@id\":\"https:\/\/cungtenhanoi.com\/#organization\",\"name\":\"Cung T\u00ean H\u00e0 N\u1ed9i\",\"url\":\"https:\/\/cungtenhanoi.com\/\",\"sameAs\":[],\"logo\":{\"@type\":\"ImageObject\",\"inLanguage\":\"vi\",\"@id\":\"https:\/\/cungtenhanoi.com\/#\/schema\/logo\/image\/\",\"url\":\"https:\/\/cungtenhanoi.com\/wp-content\/uploads\/2025\/05\/logo-den-trang.jpg\",\"contentUrl\":\"https:\/\/cungtenhanoi.com\/wp-content\/uploads\/2025\/05\/logo-den-trang.jpg\",\"width\":450,\"height\":450,\"caption\":\"Cung T\u00ean H\u00e0 N\u1ed9i\"},\"image\":{\"@id\":\"https:\/\/cungtenhanoi.com\/#\/schema\/logo\/image\/\"}}]}<\/script>\n<!-- \/ Yoast SEO plugin. -->","yoast_head_json":{"title":"Hoyt Satori - Cung T\u00ean H\u00e0 N\u1ed9i","description":"mua cung t\u00ean th\u1ec3 thao, mua cung t\u00ean t\u1ea1i h\u00e0 n\u1ed9i, cung tr\u1ee3 l\u1ef1c, cung compound, cung t\u00ean ch\u00ednh h\u00e3ng, cung t\u00ean m\u1ea1nh,cung t\u00ean h\u00e0 n\u1ed9i, cung t\u00ean , mua cung t\u00ean S\u00e0i g\u00f2n , mua m\u0169i t\u00ean b\u1eafn cung , cung b\u1eafn bi s\u1eaft , cung t\u00ean mini","robots":{"index":"index","follow":"follow","max-snippet":"max-snippet:-1","max-image-preview":"max-image-preview:large","max-video-preview":"max-video-preview:-1"},"canonical":"https:\/\/cungtenhanoi.com\/?product=hoyt-satori","og_locale":"vi_VN","og_type":"article","og_title":"Hoyt Satori - Cung T\u00ean H\u00e0 N\u1ed9i","og_description":"mua cung t\u00ean th\u1ec3 thao, mua cung t\u00ean t\u1ea1i h\u00e0 n\u1ed9i, cung tr\u1ee3 l\u1ef1c, cung compound, cung t\u00ean ch\u00ednh h\u00e3ng, cung t\u00ean m\u1ea1nh,cung t\u00ean h\u00e0 n\u1ed9i, cung t\u00ean , mua cung t\u00ean S\u00e0i g\u00f2n , mua m\u0169i t\u00ean b\u1eafn cung , cung b\u1eafn bi s\u1eaft , cung t\u00ean mini","og_url":"https:\/\/cungtenhanoi.com\/?product=hoyt-satori","og_site_name":"Cung T\u00ean H\u00e0 N\u1ed9i","article_modified_time":"2023-01-10T02:58:10+00:00","og_image":[{"width":750,"height":750,"url":"https:\/\/cungtenhanoi.com\/wp-content\/uploads\/2020\/07\/TB2bkAsjNXlpuFjSsphXXbJOXXa_2329140149.jpg","type":"image\/jpeg"}],"twitter_card":"summary_large_image","schema":{"@context":"https:\/\/schema.org","@graph":[{"@type":"WebPage","@id":"https:\/\/cungtenhanoi.com\/?product=hoyt-satori","url":"https:\/\/cungtenhanoi.com\/?product=hoyt-satori","name":"Hoyt Satori - Cung T\u00ean H\u00e0 N\u1ed9i","isPartOf":{"@id":"https:\/\/cungtenhanoi.com\/#website"},"datePublished":"2020-07-30T06:37:51+00:00","dateModified":"2023-01-10T02:58:10+00:00","description":"mua cung t\u00ean th\u1ec3 thao, mua cung t\u00ean t\u1ea1i h\u00e0 n\u1ed9i, cung tr\u1ee3 l\u1ef1c, cung compound, cung t\u00ean ch\u00ednh h\u00e3ng, cung t\u00ean m\u1ea1nh,cung t\u00ean h\u00e0 n\u1ed9i, cung t\u00ean , mua cung t\u00ean S\u00e0i g\u00f2n , mua m\u0169i t\u00ean b\u1eafn cung , cung b\u1eafn bi s\u1eaft , cung t\u00ean mini","breadcrumb":{"@id":"https:\/\/cungtenhanoi.com\/?product=hoyt-satori#breadcrumb"},"inLanguage":"vi","potentialAction":[{"@type":"ReadAction","target":["https:\/\/cungtenhanoi.com\/?product=hoyt-satori"]}]},{"@type":"BreadcrumbList","@id":"https:\/\/cungtenhanoi.com\/?product=hoyt-satori#breadcrumb","itemListElement":[{"@type":"ListItem","position":1,"name":"Trang ch\u1ee7","item":"https:\/\/cungtenhanoi.com\/"},{"@type":"ListItem","position":2,"name":"Shop","item":"https:\/\/cungtenhanoi.com\/?page_id=6"},{"@type":"ListItem","position":3,"name":"Cung","item":"https:\/\/cungtenhanoi.com\/danh-muc\/cung\/"},{"@type":"ListItem","position":4,"name":"Hoyt Satori"}]},{"@type":"WebSite","@id":"https:\/\/cungtenhanoi.com\/#website","url":"https:\/\/cungtenhanoi.com\/","name":"Cung T\u00ean H\u00e0 N\u1ed9i","description":"Cung c\u1ea5p c\u00e1c lo\u1ea1i cung t\u00ean th\u1ec3 thao s\u1ed1 1 Vi\u1ec7t Nam","publisher":{"@id":"https:\/\/cungtenhanoi.com\/#organization"},"potentialAction":[{"@type":"SearchAction","target":{"@type":"EntryPoint","urlTemplate":"https:\/\/cungtenhanoi.com\/?s={search_term_string}"},"query-input":"required name=search_term_string"}],"inLanguage":"vi"},{"@type":"Organization","@id":"https:\/\/cungtenhanoi.com\/#organization","name":"Cung T\u00ean H\u00e0 N\u1ed9i","url":"https:\/\/cungtenhanoi.com\/","sameAs":[],"logo":{"@type":"ImageObject","inLanguage":"vi","@id":"https:\/\/cungtenhanoi.com\/#\/schema\/logo\/image\/","url":"https:\/\/cungtenhanoi.com\/wp-content\/uploads\/2025\/05\/logo-den-trang.jpg","contentUrl":"https:\/\/cungtenhanoi.com\/wp-content\/uploads\/2025\/05\/logo-den-trang.jpg","width":450,"height":450,"caption":"Cung T\u00ean H\u00e0 N\u1ed9i"},"image":{"@id":"https:\/\/cungtenhanoi.com\/#\/schema\/logo\/image\/"}}]}},"_links":{"self":[{"href":"https:\/\/cungtenhanoi.com\/index.php?rest_route=\/wp\/v2\/product\/987"}],"collection":[{"href":"https:\/\/cungtenhanoi.com\/index.php?rest_route=\/wp\/v2\/product"}],"about":[{"href":"https:\/\/cungtenhanoi.com\/index.php?rest_route=\/wp\/v2\/types\/product"}],"replies":[{"embeddable":true,"href":"https:\/\/cungtenhanoi.com\/index.php?rest_route=%2Fwp%2Fv2%2Fcomments&post=987"}],"wp:featuredmedia":[{"embeddable":true,"href":"https:\/\/cungtenhanoi.com\/index.php?rest_route=\/wp\/v2\/media\/988"}],"wp:attachment":[{"href":"https:\/\/cungtenhanoi.com\/index.php?rest_route=%2Fwp%2Fv2%2Fmedia&parent=987"}],"wp:term":[{"taxonomy":"product_cat","embeddable":true,"href":"https:\/\/cungtenhanoi.com\/index.php?rest_route=%2Fwp%2Fv2%2Fproduct_cat&post=987"},{"taxonomy":"product_tag","embeddable":true,"href":"https:\/\/cungtenhanoi.com\/index.php?rest_route=%2Fwp%2Fv2%2Fproduct_tag&post=987"}],"curies":[{"name":"wp","href":"https:\/\/api.w.org\/{rel}","templated":true}]}}